{"id":164526,"date":"2022-11-17T17:07:54","date_gmt":"2022-11-17T16:07:54","guid":{"rendered":"https:\/\/pizbube.ch\/?post_type=product&#038;p=164526"},"modified":"2025-09-25T12:48:40","modified_gmt":"2025-09-25T10:48:40","slug":"finale-climbing-klettergaerten-und-lange-routen-2","status":"publish","type":"product","link":"https:\/\/pizbube.ch\/en\/shop\/finale-climbing-klettergaerten-und-lange-routen-2\/","title":{"rendered":"Finale Climbing &#8211; Kletterg\u00e4rten und lange Routen"},"content":{"rendered":"<p>Kletterf\u00fchrer vom Klettereldorado Finale! Kletterg\u00e4rten und lange Routen.<br \/>\n134 Kletterg\u00e4rten (Sportklettern und Mehrseill\u00e4ngenrouten) sind beschrieben.<\/p>\n<p>Finale ist ein besonderer und magischer Ort: wild, rau, landschaftlich einfach au\u00dfergew\u00f6hnlich. Aus einer dichten, immergr\u00fcnen Vegetation, in der man sich leicht verirren kann, ragen helle Kalkfelsen, die einmalig sind im westlichen Ligurien. Finale ist ein Ort zum Entdecken, der auch nach \u00fcber drei\u00dfig Jahren Erschlie\u00dfungsgeschichte Kletterern, Wanderern, Mountainbikern und allen, die ebenfalls gerne in diese T\u00e4ler kommen, noch gen\u00fcgend Spielraum f\u00fcr Neuentdeckungen bietet.<\/p>\n<p>Schon in den 1960 er Jahren waren die ersten Kletterer an den Felsen von Finale zu sehen, damals noch mit Bergstiefeln an den F\u00fc\u00dfen. Und seit damals ist viel geschehen: Erschlie\u00dfer, Kletterer, Fotografen und Autoren haben Finale im Laufe der Jahre zu einem der wichtigsten Klettergebiete der Welt gemacht.<\/p>\n<p>In der dritten Ausgabe dieses Kletterf\u00fchrers werden, nur f\u00fcnf Jahre nach der ersten Ausgabe, 21 neue bzw. wiederentdeckte Kletterg\u00e4rten beschrieben. F\u00fcr den F\u00fchrer wurden die neuesten Technologien verwendet: Luftaufnahmen der Felsen mit Hilfe von Drohnen, QR-Codes mit Videoclips der wichtigsten Kletterg\u00e4rten, QR-Codes mit GPS-Daten der Parkpl\u00e4tze sowie GPS-Tracks der Zustiege, um in der dichten Vegetation den richtigen Weg zu finden.<\/p>\n<p>792 Seiten;<br \/>\nReprint Oktober 2024; (3. Auflage 2022)<\/p>","protected":false},"excerpt":{"rendered":"<p>Kletterf\u00fchrer vom Klettereldorado Finale! Kletterg\u00e4rten und lange Routen. 134 Kletterg\u00e4rten (Sportklettern und Mehrseill\u00e4ngenrouten) sind beschrieben. Finale ist ein besonderer und magischer Ort: wild, rau, landschaftlich einfach au\u00dfergew\u00f6hnlich. Aus einer dichten, immergr\u00fcnen Vegetation, in der man sich leicht verirren kann, ragen helle Kalkfelsen, die einmalig sind im westlichen Ligurien. Finale ist ein Ort zum Entdecken, der [&#8230;]\n","protected":false},"featured_media":164527,"template":"","meta":[],"product_brand":[],"product_cat":[21539],"product_tag":[],"class_list":{"0":"post-164526","1":"product","2":"type-product","3":"status-publish","4":"has-post-thumbnail","6":"product_cat-fuehrerliteratur-sportklettern-bouldern","7":"pa_autor-tomassini","8":"pa_erscheinungsjahr-reprint-oktober-2024-3-auflage-2022","9":"pa_region-italien","10":"pa_sprache-de","12":"first","13":"instock","14":"taxable","15":"shipping-taxable","16":"purchasable","17":"product-type-simple"},"_links":{"self":[{"href":"https:\/\/pizbube.ch\/en\/wp-json\/wp\/v2\/product\/164526","targetHints":{"allow":["GET"]}}],"collection":[{"href":"https:\/\/pizbube.ch\/en\/wp-json\/wp\/v2\/product"}],"about":[{"href":"https:\/\/pizbube.ch\/en\/wp-json\/wp\/v2\/types\/product"}],"wp:featuredmedia":[{"embeddable":true,"href":"https:\/\/pizbube.ch\/en\/wp-json\/wp\/v2\/media\/164527"}],"wp:attachment":[{"href":"https:\/\/pizbube.ch\/en\/wp-json\/wp\/v2\/media?parent=164526"}],"wp:term":[{"taxonomy":"product_brand","embeddable":true,"href":"https:\/\/pizbube.ch\/en\/wp-json\/wp\/v2\/product_brand?post=164526"},{"taxonomy":"product_cat","embeddable":true,"href":"https:\/\/pizbube.ch\/en\/wp-json\/wp\/v2\/product_cat?post=164526"},{"taxonomy":"product_tag","embeddable":true,"href":"https:\/\/pizbube.ch\/en\/wp-json\/wp\/v2\/product_tag?post=164526"}],"curies":[{"name":"wp","href":"https:\/\/api.w.org\/{rel}","templated":true}]}}