{"id":164551,"date":"2022-11-19T10:33:05","date_gmt":"2022-11-19T09:33:05","guid":{"rendered":"https:\/\/pizbube.ch\/?post_type=product&#038;p=164551"},"modified":"2024-05-03T11:01:34","modified_gmt":"2024-05-03T09:01:34","slug":"lario-rock-pareti","status":"publish","type":"product","link":"https:\/\/pizbube.ch\/en\/shop\/lario-rock-pareti\/","title":{"rendered":"LARIO ROCK Pareti"},"content":{"rendered":"<p>Pareti del lago di Lecco \u2013 Medale \u2013 Grigne \u2013 Valsassina \u2013 Campelli \u2013 Alpi Orobie Valsassinesi \u2013 Resegone \u2013 Triangolo Lariano<\/p>\n<div class=\"page\" title=\"Page 1\">\n<div class=\"layoutArea\">\n<div class=\"column\">\n<p>Il cuore dell\u2019arrampicata lecchese, ma anche per buona parte di quella milanese e delle citt\u00e0 di pianura a sud del lago di Como, batte proprio sulle grandi e piccole pareti delle Grigne, il cui sviluppo arriva talora a 600 metri di verticalit\u00e0.<\/p>\n<p>\u00c8 qui che da circa un secolo alpinisti del calibro di Ratti e Cassin hanno contribuito in modo decisivo alla moderna concezione dell\u2019arrampicata e dell\u2019alpinismo su roccia. Questa guida prende in considerazione le vie multipich di questo massiccio che incombe sulla citt\u00e0 di Lecco, e assieme a <strong><a href=\"https:\/\/pizbube.ch\/en\/shop\/lario-rock-falesie\/\" target=\"_blank\" rel=\"noopener\"><em>Lario Rock \u2013 Falesie<\/em><\/a>,<\/strong> rappresenta un punto di riferimento tecnico e storico per la conoscenza e l\u2019evoluzione dell\u2019arrampicata sulle pareti attorno al Lario.\u00a0Dagli itinerari storici degli anni 30, sino alle numerose vie moderne attrezzate, sulle pareti lecchesi esiste oggi una possibilit\u00e0 di azione estremamente ampia.<\/p>\n<p>Questo volume mira a dare un quadro in gran parte esaustivo della situazione tecnica attuale, spaziando dalle Grigne al Resegone, dal Monte San Martino\u00a0alla Valsassina, senza trascurare le tante strutture minori.\u00a0Gli autori hanno dato al lavoro un taglio che unisce alla precisione tecnica una serie di approfondimenti storici relativi alle vicende e ai personaggi che hanno animato nel tempo l\u2019azione verticale su queste pareti.<\/p>\n<p>Come nella precedente edizione, vengono approfondite, con schede specifiche corredate da un apparato iconografico arricchito da rare immagini, molto spesso inedite, le vicende che hanno portato alla creazione di molte vie celebri o di alta difficolt\u00e0. Notevole spazio \u00e8 stato inoltre dato alla dettagliata descrizione degli itinerari non solo attraverso un testo analitico ma anche e soprattutto attraverso i tracciati sulle fotografie.<\/p>\n<p>Pagine: 679<br \/>\nLingua: italiano<\/p>\n<\/div>\n<\/div>\n<\/div>\n<p><em><br \/>\n<\/em>Die W\u00e4nde des Lecco-Sees \u2013 Medale \u2013 Grigne \u2013 Valsassina \u2013 Campelli \u2013 Alpi Orobie Valsassinesi \u2013 Resegone \u2013 Triangolo Lariano<\/p>\n<div class=\"page\" title=\"Page 1\">\n<div class=\"layoutArea\">\n<div class=\"column\">\n<p>Die kleineren und gr\u00f6\u00dferen W\u00e4nde der Grigne, die bis zu 600 Meter hoch aufragen, sind das Herzst\u00fcck des Kletterns rund um Lecco, Mailand und die St\u00e4dte in der Ebene s\u00fcdlich des Comer Sees.<\/p>\n<p>An diesen W\u00e4nden haben Bergsteiger wie Ratti und Cassin seit etwa einem Jahrhundert zur Entwicklung des modernen Konzepts des Kletterns und Bergsteigens beigetragen. Dieser Reisef\u00fchrer enth\u00e4lt die Mehrseill\u00e4ngenrouten dieses Massivs mit Blick auf die Stadt Lecco und stellt zusammen mit <strong><a href=\"https:\/\/pizbube.ch\/en\/shop\/lario-rock-falesie\/\" target=\"_blank\" rel=\"noopener\"><em>Lario Rock \u2013 Falesie<\/em><\/a><\/strong> ein technisches und historisches Nachschlagewerk dar, um mehr \u00fcber die Entwicklung des Kletterns rund um Lecco zu erfahren. Von den historischen Routen der 30er Jahre bis hin zu mehreren modernen Routen, heute gibt es an den W\u00e4nden von Lecco viele Kletterm\u00f6glichkeiten.<\/p>\n<p>Dieses Buch soll einen umfassenden \u00dcberblick \u00fcber die aktuelle technische Situation geben, von Grigne bis Resegone, von Monte San Martino bis Valsassina, ohne die Nebenmauern zu vergessen. Die Autoren setzen ihre Arbeit so, dass sie die technische Pr\u00e4zision mit einer Reihe historischer Erkenntnisse \u00fcber die Ereignisse und die Protagonisten verbinden, die die vertikale Aktivit\u00e4t an diesen W\u00e4nden pr\u00e4gten.<\/p>\n<p>Wie in der vorherigen Ausgabe werden die Ereignisse, die zur Schaffung vieler ber\u00fchmter und anspruchsvoller Routen gef\u00fchrt haben, mit speziellen Karten und seltenen Fotografien beschrieben, von denen einige noch nie zuvor ver\u00f6ffentlicht wurden. Die Reiserouten werden ausf\u00fchrlich und detailliert beschrieben, nicht nur durch Text, sondern auch durch die Zeichnungen auf den Fotos.<\/p>\n<p>679 Seiten<br \/>\n(Nur in Italienischer Sprache lieferbar)<\/p>\n<\/div>\n<\/div>\n<\/div>","protected":false},"excerpt":{"rendered":"<p>Pareti del lago di Lecco \u2013 Medale \u2013 Grigne \u2013 Valsassina \u2013 Campelli \u2013 Alpi Orobie Valsassinesi \u2013 Resegone \u2013 Triangolo Lariano Il cuore dell\u2019arrampicata lecchese, ma anche per buona parte di quella milanese e delle citt\u00e0 di pianura a sud del lago di Como, batte proprio sulle grandi e piccole pareti delle Grigne, il [&#8230;]\n","protected":false},"featured_media":164552,"template":"","meta":[],"product_brand":[],"product_cat":[21539],"product_tag":[],"class_list":{"0":"post-164551","1":"product","2":"type-product","3":"status-publish","4":"has-post-thumbnail","6":"product_cat-fuehrerliteratur-sportklettern-bouldern","7":"pa_autor-buzzoni-pesci","8":"pa_erscheinungsjahr-27013","9":"pa_region-italien","10":"pa_sprache-it","12":"first","13":"instock","14":"taxable","15":"shipping-taxable","16":"purchasable","17":"product-type-simple"},"_links":{"self":[{"href":"https:\/\/pizbube.ch\/en\/wp-json\/wp\/v2\/product\/164551","targetHints":{"allow":["GET"]}}],"collection":[{"href":"https:\/\/pizbube.ch\/en\/wp-json\/wp\/v2\/product"}],"about":[{"href":"https:\/\/pizbube.ch\/en\/wp-json\/wp\/v2\/types\/product"}],"wp:featuredmedia":[{"embeddable":true,"href":"https:\/\/pizbube.ch\/en\/wp-json\/wp\/v2\/media\/164552"}],"wp:attachment":[{"href":"https:\/\/pizbube.ch\/en\/wp-json\/wp\/v2\/media?parent=164551"}],"wp:term":[{"taxonomy":"product_brand","embeddable":true,"href":"https:\/\/pizbube.ch\/en\/wp-json\/wp\/v2\/product_brand?post=164551"},{"taxonomy":"product_cat","embeddable":true,"href":"https:\/\/pizbube.ch\/en\/wp-json\/wp\/v2\/product_cat?post=164551"},{"taxonomy":"product_tag","embeddable":true,"href":"https:\/\/pizbube.ch\/en\/wp-json\/wp\/v2\/product_tag?post=164551"}],"curies":[{"name":"wp","href":"https:\/\/api.w.org\/{rel}","templated":true}]}}