{"id":164585,"date":"2022-11-22T09:18:53","date_gmt":"2022-11-22T08:18:53","guid":{"rendered":"https:\/\/pizbube.ch\/?post_type=product&#038;p=164585"},"modified":"2022-11-23T09:40:03","modified_gmt":"2022-11-23T08:40:03","slug":"schwyz-outdoors-outdoor-erlebnisse-fuer-alle-jahreszeiten","status":"publish","type":"product","link":"https:\/\/pizbube.ch\/en\/shop\/schwyz-outdoors-outdoor-erlebnisse-fuer-alle-jahreszeiten\/","title":{"rendered":"Schwyz Outdoors &#8211; Outdoor Erlebnisse f\u00fcr alle Jahreszeiten"},"content":{"rendered":"<p><span class=\"value\">Die Schweiz ist reich an einzigartigen Natursch\u00f6nheiten: Berge, Seen, Fl\u00fcsse, Auen und W\u00e4l-der bilden den idealen Erholungsraum f\u00fcr jede Jahreszeit. Kaum irgendwo sonst auf der Welt sind die Voraussetzungen f\u00fcr unvergessliche Outdoor-Abenteuer so gut wie im Herzen der Schweiz &#8211; in Schwyz. Verkehrstechnisch ideal gelegen, finden sich hier auf engstem geo-grafischen Raum ungeahnte M\u00f6glichkeiten, die Natur im Rahmen von sportlichen Aktivit\u00e4ten zu entdecken. <\/span><\/p>\n<p><span class=\"value\">Ob im steilen Fels oder auf lieblichen Voralpenh\u00f6hen, ob im Wildwasser oder im Surf- und Kiterevier, ob auf malerischen Nebenstrassen oder \u00fcber knackige Singletrails, ob in der Luft oder unter der Wasseroberfl\u00e4che, ob im Schnee oder im Eis, ob Experte oder Einsteiger &#8211; in Schwyz kommen alle auf die Rechnung. <\/span><\/p>\n<p><span class=\"value\">Der Gebietskenner Xaver B\u00fceler stellt mit eindr\u00fccklichen Bildern und informativen Texten \u00fcber 30 Outdoor-Sportarten vor. Und er macht konkrete Vorschl\u00e4ge, wie und wo diese in der Region Schwyz besonders gut betrieben werden k\u00f6nnen. Familien und Einzelpersonen jeden Alters finden hier die perfekte Inspiration f\u00fcr das n\u00e4chste Outdoor-Highlight.<\/span><\/p>\n<p>280 Seiten;<br \/>\nMasse: Breite 210 mm, H\u00f6he 270<br \/>\nZahlreiche Fotos in Farbe<br \/>\n<span id=\"r443173-0-471518:447750:251390\" class=\"biblioProduct ptc10\"><span id=\"r443174-0-471518:447750:251390\" class=\"texts\"><span class=\"biblioBinding\"><span class=\"value\">Gebunden<\/span><\/span><\/span><\/span><\/p>","protected":false},"excerpt":{"rendered":"<p>Die Schweiz ist reich an einzigartigen Natursch\u00f6nheiten: Berge, Seen, Fl\u00fcsse, Auen und W\u00e4l-der bilden den idealen Erholungsraum f\u00fcr jede Jahreszeit. Kaum irgendwo sonst auf der Welt sind die Voraussetzungen f\u00fcr unvergessliche Outdoor-Abenteuer so gut wie im Herzen der Schweiz &#8211; in Schwyz. Verkehrstechnisch ideal gelegen, finden sich hier auf engstem geo-grafischen Raum ungeahnte M\u00f6glichkeiten, die [&#8230;]\n","protected":false},"featured_media":164586,"template":"","meta":[],"product_brand":[],"product_cat":[21544,21540,21539,21606,21605],"product_tag":[],"class_list":{"0":"post-164585","1":"product","2":"type-product","3":"status-publish","4":"has-post-thumbnail","6":"product_cat-fuehrerliteratur-alpin-sommer","7":"product_cat-fuehrerliteratur-alpin-winter","8":"product_cat-fuehrerliteratur-sportklettern-bouldern","9":"product_cat-mountainbikefuehrer","10":"product_cat-wanderfuehrer-trekking","11":"pa_autor-bueeler","12":"pa_erscheinungsjahr-27013","13":"pa_region-schweiz","14":"pa_sprache-de","16":"first","17":"instock","18":"taxable","19":"shipping-taxable","20":"purchasable","21":"product-type-simple"},"_links":{"self":[{"href":"https:\/\/pizbube.ch\/en\/wp-json\/wp\/v2\/product\/164585","targetHints":{"allow":["GET"]}}],"collection":[{"href":"https:\/\/pizbube.ch\/en\/wp-json\/wp\/v2\/product"}],"about":[{"href":"https:\/\/pizbube.ch\/en\/wp-json\/wp\/v2\/types\/product"}],"wp:featuredmedia":[{"embeddable":true,"href":"https:\/\/pizbube.ch\/en\/wp-json\/wp\/v2\/media\/164586"}],"wp:attachment":[{"href":"https:\/\/pizbube.ch\/en\/wp-json\/wp\/v2\/media?parent=164585"}],"wp:term":[{"taxonomy":"product_brand","embeddable":true,"href":"https:\/\/pizbube.ch\/en\/wp-json\/wp\/v2\/product_brand?post=164585"},{"taxonomy":"product_cat","embeddable":true,"href":"https:\/\/pizbube.ch\/en\/wp-json\/wp\/v2\/product_cat?post=164585"},{"taxonomy":"product_tag","embeddable":true,"href":"https:\/\/pizbube.ch\/en\/wp-json\/wp\/v2\/product_tag?post=164585"}],"curies":[{"name":"wp","href":"https:\/\/api.w.org\/{rel}","templated":true}]}}