{"id":164602,"date":"2022-11-23T09:11:36","date_gmt":"2022-11-23T08:11:36","guid":{"rendered":"https:\/\/pizbube.ch\/?post_type=product&#038;p=164602"},"modified":"2025-07-30T08:57:04","modified_gmt":"2025-07-30T06:57:04","slug":"alpenglow-die-spektakulaersten-anstiege-auf-die-4000er-der-alpen","status":"publish","type":"product","link":"https:\/\/pizbube.ch\/en\/shop\/alpenglow-die-spektakulaersten-anstiege-auf-die-4000er-der-alpen\/","title":{"rendered":"Alpenglow &#8211; Die spektakul\u00e4rsten Anstiege auf die 4000er der Alpen"},"content":{"rendered":"<p><span class=\"value\">Alpenglow nimmt den Leser mit auf eine pers\u00f6nliche Reise voller Abenteuer und atemberaubender Aussichten und erf\u00e4hrt dabei eine Menge Wissenswertes. Die Viertausender Gipfel der Alpen zu besteigen, ist eine der gro\u00dfen Herausforderungen des Alpinismus und ein Projekt, welches Mut, gro\u00dfe F\u00e4higkeiten und Bescheidenheit erfordert. <\/span><\/p>\n<p><span class=\"value\">In diesem Buch stellt Ben Tibbetts nach fast einem Jahrzehnt Gipfelbesteigungen eine Auswahl der beeindruckendsten Routen in den Alpen vor. Er beschreibt seine eigene Reise durch eine Serie von Abenteuern und stillen Momenten und gibt dabei Hintergr\u00fcnde zu den Anf\u00e4ngen des Bergsports bis hin zur modernen alpinen Szene. <\/span><\/p>\n<p><span class=\"value\">Egal ob Sie einfach Berglandschaften lieben, ein aufstrebender Alpinist sind oder bereits selbst einige Gipfel bestiegen haben: Dieses Buch nimmt Sie mit auf eine inspirierende Reise. Es hilft bei der Planung m\u00f6glicher zuk\u00fcnftiger Bergbesteigungen oder l\u00e4sst Sie ganz einfach nur von unglaublichen Aussichten in den Alpen tr\u00e4umen.<\/span><\/p>\n<div class=\"biblioPages\"><span class=\"value\">240 Seiten, gebunden<\/span><\/div>\n<div class=\"biblioDimensions\"><span class=\"key\">Masse: <\/span><span class=\"value\">Breite 268 mm, H\u00f6he 289 mm<\/span><\/div>","protected":false},"excerpt":{"rendered":"<p>Alpenglow nimmt den Leser mit auf eine pers\u00f6nliche Reise voller Abenteuer und atemberaubender Aussichten und erf\u00e4hrt dabei eine Menge Wissenswertes. Die Viertausender Gipfel der Alpen zu besteigen, ist eine der gro\u00dfen Herausforderungen des Alpinismus und ein Projekt, welches Mut, gro\u00dfe F\u00e4higkeiten und Bescheidenheit erfordert. In diesem Buch stellt Ben Tibbetts nach fast einem Jahrzehnt Gipfelbesteigungen [&#8230;]\n","protected":false},"featured_media":164603,"template":"","meta":[],"product_brand":[],"product_cat":[21544,21542],"product_tag":[],"class_list":{"0":"post-164602","1":"product","2":"type-product","3":"status-publish","4":"has-post-thumbnail","6":"product_cat-fuehrerliteratur-alpin-sommer","7":"product_cat-sachbuecher-dokumentationen","8":"pa_autor-tibbetts","9":"pa_erscheinungsjahr-27013","10":"pa_region-frankreich","11":"pa_region-italien","12":"pa_region-schweiz","13":"pa_sprache-de","15":"first","16":"instock","17":"taxable","18":"shipping-taxable","19":"purchasable","20":"product-type-simple"},"_links":{"self":[{"href":"https:\/\/pizbube.ch\/en\/wp-json\/wp\/v2\/product\/164602","targetHints":{"allow":["GET"]}}],"collection":[{"href":"https:\/\/pizbube.ch\/en\/wp-json\/wp\/v2\/product"}],"about":[{"href":"https:\/\/pizbube.ch\/en\/wp-json\/wp\/v2\/types\/product"}],"wp:featuredmedia":[{"embeddable":true,"href":"https:\/\/pizbube.ch\/en\/wp-json\/wp\/v2\/media\/164603"}],"wp:attachment":[{"href":"https:\/\/pizbube.ch\/en\/wp-json\/wp\/v2\/media?parent=164602"}],"wp:term":[{"taxonomy":"product_brand","embeddable":true,"href":"https:\/\/pizbube.ch\/en\/wp-json\/wp\/v2\/product_brand?post=164602"},{"taxonomy":"product_cat","embeddable":true,"href":"https:\/\/pizbube.ch\/en\/wp-json\/wp\/v2\/product_cat?post=164602"},{"taxonomy":"product_tag","embeddable":true,"href":"https:\/\/pizbube.ch\/en\/wp-json\/wp\/v2\/product_tag?post=164602"}],"curies":[{"name":"wp","href":"https:\/\/api.w.org\/{rel}","templated":true}]}}