{"id":164620,"date":"2022-11-23T11:50:55","date_gmt":"2022-11-23T10:50:55","guid":{"rendered":"https:\/\/pizbube.ch\/?post_type=product&#038;p=164620"},"modified":"2023-12-19T11:42:26","modified_gmt":"2023-12-19T10:42:26","slug":"der-alpenwald","status":"publish","type":"product","link":"https:\/\/pizbube.ch\/en\/shop\/der-alpenwald\/","title":{"rendered":"Der Alpenwald"},"content":{"rendered":"<div class=\"biblioSubTitle\"><span class=\"value\">Eine Natur- und Kulturbeschreibung aus 20 Perspektiven<\/span><\/div>\n<div><b><br \/>\n<\/b>So vielf\u00e4ltig wie die Flora und Fauna sind auch die Protagonisten, die mit dem Holz des Alpenwaldes arbeiten: der K\u00f6hler, der die Energie des Waldes seit Jahrhunderten nutzbar macht, der Architekt, der mit den H\u00f6lzern dieses Waldes exzellenten modernen Wohnraum schafft oder der Instrumentenbauer, der im Alpenwald klangvolle H\u00f6lzer findet. Sie und viele weitere Beteiligte kommen zu Wort und berichten vom Leben im und mit dem alpinen Wald.<\/div>\n<div><\/div>\n<div><\/div>\n<div>\n<p>Der Wald der Alpen hat unz\u00e4hlige Aufgaben: Er ist Lebensraum, Ressource, Schutz, Speicher, Erholungsraum und Fluchtpunkt. Dank der einzigartigen Fotografien und der herausragenden Aufmachung dieses Bildbandes werden die Leser in eine faszinierende Welt entf\u00fchrt. Der Herausgeber dieses Werkes, Eduard Hochbichler, lehrt und ber\u00e4t im Bereich nachhaltiger Waldwirtschaft. Die Autorinnen und Autoren bringen uns den ungeheuren Schatz des Alpenraums aus vielen Perspektiven n\u00e4her und machen deutlich, warum dessen Erhaltung f\u00fcr uns alle so wichtig ist. Michael K\u00f6hlmeier schlie\u00dft den opulenten Band mit einer pers\u00f6nlichen Erz\u00e4hlung \u00fcber seine Gro\u00dfmutter und eine ganz besondere Tanne.<\/p>\n<p>&#8211; Der Alpenwald und seine Bewohner: Lebensraum, Ressource, Fluchtpunkt<br \/>\n&#8211; Mensch und Natur: Das Buch f\u00fcr Waldliebhaber, Alpenfans und Outdoor-Menschen<br \/>\n&#8211; Waldwissen: Alpenwald-Klima, Waldtiere und -pflanzen, Nationalparks<br \/>\n&#8211; Der Bergwald, seine Geheimnisse und Funktionen: Von der Mystik bis zum Holzbau<br \/>\n&#8211; Hochwertige Ausstattung: Reich illustriert und mit beeindruckenden Fotografien und Karten bebildert<\/p>\n<p>408 Seiten \/ 215 mm x 320 mm<br \/>\n<span class=\"value\">Fester Einband<\/span><\/p>\n<\/div>","protected":false},"excerpt":{"rendered":"<p>Eine Natur- und Kulturbeschreibung aus 20 Perspektiven So vielf\u00e4ltig wie die Flora und Fauna sind auch die Protagonisten, die mit dem Holz des Alpenwaldes arbeiten: der K\u00f6hler, der die Energie des Waldes seit Jahrhunderten nutzbar macht, der Architekt, der mit den H\u00f6lzern dieses Waldes exzellenten modernen Wohnraum schafft oder der Instrumentenbauer, der im Alpenwald klangvolle [&#8230;]\n","protected":false},"featured_media":164621,"template":"","meta":[],"product_brand":[],"product_cat":[21580,21542],"product_tag":[],"class_list":{"0":"post-164620","1":"product","2":"type-product","3":"status-publish","4":"has-post-thumbnail","6":"product_cat-kunst-kultur","7":"product_cat-sachbuecher-dokumentationen","8":"pa_autor-hochbichler-koehlmeier-hacklaender-meisinger","9":"pa_erscheinungsjahr-27013","10":"pa_region-deutschland","11":"pa_region-fauna-flora-geologie-glaziologie","12":"pa_sprache-de","14":"first","15":"onbackorder","16":"taxable","17":"shipping-taxable","18":"purchasable","19":"product-type-simple"},"_links":{"self":[{"href":"https:\/\/pizbube.ch\/en\/wp-json\/wp\/v2\/product\/164620","targetHints":{"allow":["GET"]}}],"collection":[{"href":"https:\/\/pizbube.ch\/en\/wp-json\/wp\/v2\/product"}],"about":[{"href":"https:\/\/pizbube.ch\/en\/wp-json\/wp\/v2\/types\/product"}],"wp:featuredmedia":[{"embeddable":true,"href":"https:\/\/pizbube.ch\/en\/wp-json\/wp\/v2\/media\/164621"}],"wp:attachment":[{"href":"https:\/\/pizbube.ch\/en\/wp-json\/wp\/v2\/media?parent=164620"}],"wp:term":[{"taxonomy":"product_brand","embeddable":true,"href":"https:\/\/pizbube.ch\/en\/wp-json\/wp\/v2\/product_brand?post=164620"},{"taxonomy":"product_cat","embeddable":true,"href":"https:\/\/pizbube.ch\/en\/wp-json\/wp\/v2\/product_cat?post=164620"},{"taxonomy":"product_tag","embeddable":true,"href":"https:\/\/pizbube.ch\/en\/wp-json\/wp\/v2\/product_tag?post=164620"}],"curies":[{"name":"wp","href":"https:\/\/api.w.org\/{rel}","templated":true}]}}