{"id":164625,"date":"2022-11-23T12:05:20","date_gmt":"2022-11-23T11:05:20","guid":{"rendered":"https:\/\/pizbube.ch\/?post_type=product&#038;p=164625"},"modified":"2022-11-23T12:08:55","modified_gmt":"2022-11-23T11:08:55","slug":"abwaerts-ein-gipfelstuermer-auf-abwegen","status":"publish","type":"product","link":"https:\/\/pizbube.ch\/en\/shop\/abwaerts-ein-gipfelstuermer-auf-abwegen\/","title":{"rendered":"Abw\u00e4rts &#8211; Ein Gipfelst\u00fcrmer auf Abwegen"},"content":{"rendered":"<p>Vom Straucheln mit Wanderst\u00f6cken \u00fcber Lachkr\u00e4mpfe durch H\u00f6henkoller bis zum Tumult im Matratzenlager: Der leidenschaftliche Wanderer Harald Nachf\u00f6rg nimmt seine Leserinnen und Leser mit auf eine urkomische Berg- und Talfahrt der Emotionen. Seit 2015 erscheint seine Kolumne \u00bbAbw\u00e4rts mit Nachf\u00f6rg\u00ab regelm\u00e4\u00dfig im Magazin \u00bbBergwelten\u00ab, wo er mit viel Witz und Freude von seinen Bergerlebnissen erz\u00e4hlt. In seinem charakteristischen Zungenschlag erz\u00e4hlt der Wiener vom Wohl und Weh seiner Bergtouren. Er nimmt uns dabei auch mit auf die Loipe, in den Sattel oder auf den Schlitten.<br \/>\n<b><br \/>\n<\/b>Ob Sie sich mit unwilligen Pubertierenden durch den Berg schleppen, einem Eisl\u00e4ufer gleich an den Tisch der Skih\u00fctte schlittern oder den Verlockungen der Outdoor-Bekleidungsindustrie zum Opfer fallen: Beim Lesen der gut gelaunten Storys erkennen Sie garantiert vieles wieder und lachen \u00fcber die absurdesten Erlebnisse. Lesen Sie Ihrer Wanderbegleitung Harald Nachf\u00f6rgs Bergerlebnisse beim Einkehren nach der n\u00e4chsten Wanderung vor oder \u00fcberreichen Sie die Anthologie als Geschenk an Wanderfreunde \u2013 da bleibt kein Auge trocken!<\/p>\n<p><span class=\"value\">Gr\u00fc\u00dfen am Berg und andere T\u00fccken beim Wandern: Vergn\u00fcgliche Geschichten eines Gipfelst\u00fcrmers<\/span><br \/>\nEin humorvolles Buch f\u00fcr jeden Rucksack und ein perfektes Geschenk f\u00fcr Wanderfreunde<b><br \/>\n<\/b><\/p>\n<p>&#8211; Lustige Geschichten und schr\u00e4ge Anekdoten aus der Welt von Alpinismus und Wanderreisen<br \/>\n&#8211; Eine ideale Geschenkidee f\u00fcr Bergsteiger, Wanderer und Bergliebhaber<br \/>\n&#8211; Heiteres \u00fcber das Wandern vom beliebten Kolumnisten der \u201eBergwelten\u201c<\/p>\n<p>184 Seiten \/ 120 mm x 200 mm<\/p>","protected":false},"excerpt":{"rendered":"<p>Vom Straucheln mit Wanderst\u00f6cken \u00fcber Lachkr\u00e4mpfe durch H\u00f6henkoller bis zum Tumult im Matratzenlager: Der leidenschaftliche Wanderer Harald Nachf\u00f6rg nimmt seine Leserinnen und Leser mit auf eine urkomische Berg- und Talfahrt der Emotionen. Seit 2015 erscheint seine Kolumne \u00bbAbw\u00e4rts mit Nachf\u00f6rg\u00ab regelm\u00e4\u00dfig im Magazin \u00bbBergwelten\u00ab, wo er mit viel Witz und Freude von seinen Bergerlebnissen erz\u00e4hlt. [&#8230;]\n","protected":false},"featured_media":164626,"template":"","meta":[],"product_brand":[],"product_cat":[21629,21836,21542],"product_tag":[],"class_list":{"0":"post-164625","1":"product","2":"type-product","3":"status-publish","4":"has-post-thumbnail","6":"product_cat-belletristik","7":"product_cat-geschenkideen","8":"product_cat-sachbuecher-dokumentationen","9":"pa_autor-nachfoerg","10":"pa_erscheinungsjahr-27013","11":"pa_region-deutschland","12":"pa_sprache-de","14":"first","15":"instock","16":"taxable","17":"shipping-taxable","18":"purchasable","19":"product-type-simple"},"_links":{"self":[{"href":"https:\/\/pizbube.ch\/en\/wp-json\/wp\/v2\/product\/164625","targetHints":{"allow":["GET"]}}],"collection":[{"href":"https:\/\/pizbube.ch\/en\/wp-json\/wp\/v2\/product"}],"about":[{"href":"https:\/\/pizbube.ch\/en\/wp-json\/wp\/v2\/types\/product"}],"wp:featuredmedia":[{"embeddable":true,"href":"https:\/\/pizbube.ch\/en\/wp-json\/wp\/v2\/media\/164626"}],"wp:attachment":[{"href":"https:\/\/pizbube.ch\/en\/wp-json\/wp\/v2\/media?parent=164625"}],"wp:term":[{"taxonomy":"product_brand","embeddable":true,"href":"https:\/\/pizbube.ch\/en\/wp-json\/wp\/v2\/product_brand?post=164625"},{"taxonomy":"product_cat","embeddable":true,"href":"https:\/\/pizbube.ch\/en\/wp-json\/wp\/v2\/product_cat?post=164625"},{"taxonomy":"product_tag","embeddable":true,"href":"https:\/\/pizbube.ch\/en\/wp-json\/wp\/v2\/product_tag?post=164625"}],"curies":[{"name":"wp","href":"https:\/\/api.w.org\/{rel}","templated":true}]}}