{"id":164627,"date":"2022-11-23T12:19:52","date_gmt":"2022-11-23T11:19:52","guid":{"rendered":"https:\/\/pizbube.ch\/?post_type=product&#038;p=164627"},"modified":"2022-11-23T12:24:45","modified_gmt":"2022-11-23T11:24:45","slug":"winterkinder-schweiz","status":"publish","type":"product","link":"https:\/\/pizbube.ch\/en\/shop\/winterkinder-schweiz\/","title":{"rendered":"Winterkinder Schweiz"},"content":{"rendered":"<p>36 Familienabenteuer.<\/p>\n<p>Liebe Eltern, wenn sich die Wintermonate dieses Jahr n\u00e4hern, widersteht der Versuchung, Winterschlaf zu halten. Zieht euch stattdessen warm an, schnappt eure Kinder und macht euch bereit, die K\u00e4lte zu entdecken und Freude daran zu finden. Entdeckt mit diesem unterhaltsamen und umfassenden Leitfaden, wohin und wie es geht: Aktivit\u00e4ten wie Schlitteln, Langlaufen, Schneemobilfahren, Schneewandern, Schneeschuhwandern, Lichterfeste, Weihnachtsm\u00e4rkte und mehr warten darauf, von euch und eurer Familie entdeckt zu werden.<\/p>\n<p>Diese magische kalte Jahreszeit ist schnell wieder vorbei. Nutzt die Gelegenheit, die urspr\u00fcnglichste und herrlichste Zeit des Jahres in der Schweiz aktiv mitzuerleben.<\/p>\n<p>\u25cf \u00dcber 30 Winteraktivit\u00e4ten in der ganzen Schweiz und\u00fcber 80 weitere Empfehlungen<br \/>\n\u25cf Inspirierende und kreative Ideen<br \/>\n\u25cf Wintererlebnisse in verschiedenen Schwierigkeitsstufen f\u00fcrdie ganze Familie<br \/>\n\u25cf Mit Karten, Fotos und praktischen Informationen f\u00fcrein reibungsloses Abenteuer<\/p>","protected":false},"excerpt":{"rendered":"<p>36 Familienabenteuer. Liebe Eltern, wenn sich die Wintermonate dieses Jahr n\u00e4hern, widersteht der Versuchung, Winterschlaf zu halten. Zieht euch stattdessen warm an, schnappt eure Kinder und macht euch bereit, die K\u00e4lte zu entdecken und Freude daran zu finden. Entdeckt mit diesem unterhaltsamen und umfassenden Leitfaden, wohin und wie es geht: Aktivit\u00e4ten wie Schlitteln, Langlaufen, Schneemobilfahren, [&#8230;]\n","protected":false},"featured_media":164628,"template":"","meta":[],"product_brand":[],"product_cat":[21540,21605],"product_tag":[],"class_list":{"0":"post-164627","1":"product","2":"type-product","3":"status-publish","4":"has-post-thumbnail","6":"product_cat-fuehrerliteratur-alpin-winter","7":"product_cat-wanderfuehrer-trekking","8":"pa_autor-schoutens","9":"pa_erscheinungsjahr-27013","10":"pa_region-schweiz","11":"pa_sprache-de","13":"first","14":"instock","15":"taxable","16":"shipping-taxable","17":"purchasable","18":"product-type-simple"},"_links":{"self":[{"href":"https:\/\/pizbube.ch\/en\/wp-json\/wp\/v2\/product\/164627","targetHints":{"allow":["GET"]}}],"collection":[{"href":"https:\/\/pizbube.ch\/en\/wp-json\/wp\/v2\/product"}],"about":[{"href":"https:\/\/pizbube.ch\/en\/wp-json\/wp\/v2\/types\/product"}],"wp:featuredmedia":[{"embeddable":true,"href":"https:\/\/pizbube.ch\/en\/wp-json\/wp\/v2\/media\/164628"}],"wp:attachment":[{"href":"https:\/\/pizbube.ch\/en\/wp-json\/wp\/v2\/media?parent=164627"}],"wp:term":[{"taxonomy":"product_brand","embeddable":true,"href":"https:\/\/pizbube.ch\/en\/wp-json\/wp\/v2\/product_brand?post=164627"},{"taxonomy":"product_cat","embeddable":true,"href":"https:\/\/pizbube.ch\/en\/wp-json\/wp\/v2\/product_cat?post=164627"},{"taxonomy":"product_tag","embeddable":true,"href":"https:\/\/pizbube.ch\/en\/wp-json\/wp\/v2\/product_tag?post=164627"}],"curies":[{"name":"wp","href":"https:\/\/api.w.org\/{rel}","templated":true}]}}