{"id":164637,"date":"2022-11-24T08:44:13","date_gmt":"2022-11-24T07:44:13","guid":{"rendered":"https:\/\/pizbube.ch\/?post_type=product&#038;p=164637"},"modified":"2022-11-24T09:38:54","modified_gmt":"2022-11-24T08:38:54","slug":"berge-der-alpen","status":"publish","type":"product","link":"https:\/\/pizbube.ch\/en\/shop\/berge-der-alpen\/","title":{"rendered":"Berge der Alpen"},"content":{"rendered":"<div class=\"product attribute row text-secondary my-3\">\n<div class=\"col-12\"><span class=\"value\">\u00a0Daten, Geschichten und Illustrationen zu 134 bedeutenden Gipfeln in allen Alpenl\u00e4ndern<\/span><\/div>\n<\/div>\n<div>\n<p><span class=\"value\">Das Berge der Alpen-Buch stellt \u00fcber 130 Alpengipfel aus allen Alpenl\u00e4ndern vor. Eingeteilt nach 63 Gebirgsgruppen finden sich Berge aus dem ganzen Alpenbogen, von Monaco bis Slowenien, von den Alpenausl\u00e4ufern bis zu den h\u00f6chsten Spitzen von Monte Rosa und Mont Blanc-Massiv.<\/span><\/p>\n<\/div>\n<div><span class=\"value\">Alle Berge werden mit den wichtigsten geografischen Daten, Angaben zum Bergsteigen wie der Aufstiegsgeschichte, Schwierigkeit des Aufstiegs und den wichtigsten Bergh\u00fctten in der Umgebung vorgestellt. <\/span><\/div>\n<div><\/div>\n<div><span class=\"value\">Das Buch pr\u00e4sentiert spezielle Kletter-, Wander- und Skitourenberge und Gipfel, an denen sich bereits heute die Folgen von Klimaver\u00e4nderungen im Hochgebirge zeigen. Weitere besondere Informationen und Geschichten zu jedem Berg runden das Buch ab. Das Buch ist entstanden in Zusammenarbeit mit dem Deutschen Alpenverein.<\/span><\/div>\n<div><\/div>\n<div>Fester Einband;<\/div>\n<div>\n<div class=\"biblioPages\"><span class=\"value\">428 Seiten<\/span><\/div>\n<div class=\"biblioDimensions\"><span class=\"key\">Masse: <\/span><span class=\"value\">Breite 140 mm, H\u00f6he 200 mm<\/span><\/div>\n<\/div>","protected":false},"excerpt":{"rendered":"<p>\u00a0Daten, Geschichten und Illustrationen zu 134 bedeutenden Gipfeln in allen Alpenl\u00e4ndern Das Berge der Alpen-Buch stellt \u00fcber 130 Alpengipfel aus allen Alpenl\u00e4ndern vor. Eingeteilt nach 63 Gebirgsgruppen finden sich Berge aus dem ganzen Alpenbogen, von Monaco bis Slowenien, von den Alpenausl\u00e4ufern bis zu den h\u00f6chsten Spitzen von Monte Rosa und Mont Blanc-Massiv. Alle Berge werden [&#8230;]\n","protected":false},"featured_media":164638,"template":"","meta":[],"product_brand":[],"product_cat":[21836,21542],"product_tag":[],"class_list":{"0":"post-164637","1":"product","2":"type-product","3":"status-publish","4":"has-post-thumbnail","6":"product_cat-geschenkideen","7":"product_cat-sachbuecher-dokumentationen","8":"pa_autor-weber","9":"pa_erscheinungsjahr-27013","10":"pa_region-deutschland","11":"pa_region-frankreich","12":"pa_region-italien","13":"pa_region-oesterreich","14":"pa_region-schweiz","15":"pa_sprache-de","17":"first","18":"instock","19":"taxable","20":"shipping-taxable","21":"purchasable","22":"product-type-simple"},"_links":{"self":[{"href":"https:\/\/pizbube.ch\/en\/wp-json\/wp\/v2\/product\/164637","targetHints":{"allow":["GET"]}}],"collection":[{"href":"https:\/\/pizbube.ch\/en\/wp-json\/wp\/v2\/product"}],"about":[{"href":"https:\/\/pizbube.ch\/en\/wp-json\/wp\/v2\/types\/product"}],"wp:featuredmedia":[{"embeddable":true,"href":"https:\/\/pizbube.ch\/en\/wp-json\/wp\/v2\/media\/164638"}],"wp:attachment":[{"href":"https:\/\/pizbube.ch\/en\/wp-json\/wp\/v2\/media?parent=164637"}],"wp:term":[{"taxonomy":"product_brand","embeddable":true,"href":"https:\/\/pizbube.ch\/en\/wp-json\/wp\/v2\/product_brand?post=164637"},{"taxonomy":"product_cat","embeddable":true,"href":"https:\/\/pizbube.ch\/en\/wp-json\/wp\/v2\/product_cat?post=164637"},{"taxonomy":"product_tag","embeddable":true,"href":"https:\/\/pizbube.ch\/en\/wp-json\/wp\/v2\/product_tag?post=164637"}],"curies":[{"name":"wp","href":"https:\/\/api.w.org\/{rel}","templated":true}]}}