{"id":164660,"date":"2022-11-25T09:06:35","date_gmt":"2022-11-25T08:06:35","guid":{"rendered":"https:\/\/pizbube.ch\/?post_type=product&#038;p=164660"},"modified":"2025-01-28T10:29:49","modified_gmt":"2025-01-28T09:29:49","slug":"neue-wege-in-den-alpen-wandern-auf-den-spuren-von-bergpionieren-erstbegehern-und-grossen-bergsteigern","status":"publish","type":"product","link":"https:\/\/pizbube.ch\/en\/shop\/neue-wege-in-den-alpen-wandern-auf-den-spuren-von-bergpionieren-erstbegehern-und-grossen-bergsteigern\/","title":{"rendered":"Neue Wege in den Alpen &#8211; Wandern auf den Spuren von Bergpionieren, Erstbegehern und gro\u00dfen Bergsteigern"},"content":{"rendered":"<div class=\"product--description\">\n<div class=\"description--col\">\n<p>Entbehrungen und Erstbegehungen bekannter Kletterer und Bergsteiger.<\/p>\n<p>Ein Buch f\u00fcr alle, die das Bergabenteuer lieben und sich auf spektakul\u00e4re Spurensuche zu den Wurzeln des Alpinismus begeben m\u00f6chten. Erfahren Sie, wer das Bergsteigen vorantrieb und wo neue Wege beschritten wurden. Unternehmen Sie eine Wanderung gegen\u00fcber der Eiger-Nordwand und lesen Sie, warum es Anderl Heckmair dort bei der Erstbegehung so \u00fcbel wurde. Oder recken Sie den Kopf hoch entlang des Heiligkreuzkofels und erfahren Sie, wie Reinhold Messner das Klettern auf Messers Schneide in eine neue Dimension katapultierte.<\/p>\n<ul>\n<li>Alpen Wandertoruren: Ein Bildband \u00fcber historische Wege in den Alpen<\/li>\n<li>Naturwunder Alpen: Alpine Geschichte neu entdecken<\/li>\n<li>Geschichte zum \u00bbNachwandern\u00ab: Mit Kurzinfos zu den vorgestellten Wegen<\/li>\n<\/ul>\n<\/div>\n<p>Fester Einband;<br \/>\n<span class=\"value\">224 Seiten, 180 Abbildungen<br \/>\n<\/span><span class=\"key\">Masse: <\/span><span class=\"value\">Breite 193 mm, H\u00f6he 261 mm<\/span><\/p>\n<\/div>","protected":false},"excerpt":{"rendered":"<p>Entbehrungen und Erstbegehungen bekannter Kletterer und Bergsteiger. Ein Buch f\u00fcr alle, die das Bergabenteuer lieben und sich auf spektakul\u00e4re Spurensuche zu den Wurzeln des Alpinismus begeben m\u00f6chten. Erfahren Sie, wer das Bergsteigen vorantrieb und wo neue Wege beschritten wurden. Unternehmen Sie eine Wanderung gegen\u00fcber der Eiger-Nordwand und lesen Sie, warum es Anderl Heckmair dort bei [&#8230;]\n","protected":false},"featured_media":164661,"template":"","meta":[],"product_brand":[],"product_cat":[21542],"product_tag":[],"class_list":{"0":"post-164660","1":"product","2":"type-product","3":"status-publish","4":"has-post-thumbnail","6":"product_cat-sachbuecher-dokumentationen","7":"pa_autor-auffermann","8":"pa_erscheinungsjahr-27013","9":"pa_region-deutschland","10":"pa_region-frankreich","11":"pa_region-oesterreich","12":"pa_region-schweiz","13":"pa_sprache-de","15":"first","16":"instock","17":"taxable","18":"shipping-taxable","19":"purchasable","20":"product-type-simple"},"_links":{"self":[{"href":"https:\/\/pizbube.ch\/en\/wp-json\/wp\/v2\/product\/164660","targetHints":{"allow":["GET"]}}],"collection":[{"href":"https:\/\/pizbube.ch\/en\/wp-json\/wp\/v2\/product"}],"about":[{"href":"https:\/\/pizbube.ch\/en\/wp-json\/wp\/v2\/types\/product"}],"wp:featuredmedia":[{"embeddable":true,"href":"https:\/\/pizbube.ch\/en\/wp-json\/wp\/v2\/media\/164661"}],"wp:attachment":[{"href":"https:\/\/pizbube.ch\/en\/wp-json\/wp\/v2\/media?parent=164660"}],"wp:term":[{"taxonomy":"product_brand","embeddable":true,"href":"https:\/\/pizbube.ch\/en\/wp-json\/wp\/v2\/product_brand?post=164660"},{"taxonomy":"product_cat","embeddable":true,"href":"https:\/\/pizbube.ch\/en\/wp-json\/wp\/v2\/product_cat?post=164660"},{"taxonomy":"product_tag","embeddable":true,"href":"https:\/\/pizbube.ch\/en\/wp-json\/wp\/v2\/product_tag?post=164660"}],"curies":[{"name":"wp","href":"https:\/\/api.w.org\/{rel}","templated":true}]}}