{"id":164670,"date":"2022-11-25T11:30:27","date_gmt":"2022-11-25T10:30:27","guid":{"rendered":"https:\/\/pizbube.ch\/?post_type=product&#038;p=164670"},"modified":"2026-01-26T11:45:37","modified_gmt":"2026-01-26T10:45:37","slug":"die-alpen-entdecken","status":"publish","type":"product","link":"https:\/\/pizbube.ch\/en\/shop\/die-alpen-entdecken\/","title":{"rendered":"Die Alpen entdecken"},"content":{"rendered":"<p class=\"p1\">Das l\u00e4ngste Tier-Wimmelbuch der Alpen.<\/p>\n<p class=\"p1\">Entfalte die Alpen: Dieses Wimmelbilderbuch ist \u00fcber 1.5 Meter lang und zeigt die Lebewesen der Alpen, die in den tiefsten T\u00e4lern bis zu den h\u00f6chsten Gipfeln leben. Nachdem Kinder sie entdeckt haben, k\u00f6nnen sie die R\u00e4tsel mit der L\u00f6sung auf der R\u00fcckseite vergleichen.<br \/>\nWussten Sie, dass Grasfr\u00f6sche \u00fcberleben, selbst wenn sie in einem Eisblock eingefroren werden? Was ist das kleinste S\u00e4ugetier der Welt und wessen Gehirn w\u00e4chst jeden Herbst?<\/p>\n<p>\u2022 Dieses einfache und wundersch\u00f6ne Buch bietet stundenlanges Erkunden und Lernen \u00fcber die wertvollen Tiere der Alpen<br \/>\n\u2022 \u00dcber 150 Tiere zu Suchen, Kennenlernen und Entdecken<br \/>\n\u2022 Gebundenes leporello<br \/>\n\u2022Fast 2 Meter lang<\/p>\n<p>Ab 4 Jahren.<br \/>\nLeporello, 16 Seiten<\/p>","protected":false},"excerpt":{"rendered":"<p>Das l\u00e4ngste Tier-Wimmelbuch der Alpen. Entfalte die Alpen: Dieses Wimmelbilderbuch ist \u00fcber 1.5 Meter lang und zeigt die Lebewesen der Alpen, die in den tiefsten T\u00e4lern bis zu den h\u00f6chsten Gipfeln leben. Nachdem Kinder sie entdeckt haben, k\u00f6nnen sie die R\u00e4tsel mit der L\u00f6sung auf der R\u00fcckseite vergleichen. Wussten Sie, dass Grasfr\u00f6sche \u00fcberleben, selbst wenn [&#8230;]\n","protected":false},"featured_media":164673,"template":"","meta":[],"product_brand":[],"product_cat":[21629,21836,21542],"product_tag":[26864,26863],"class_list":{"0":"post-164670","1":"product","2":"type-product","3":"status-publish","4":"has-post-thumbnail","6":"product_cat-belletristik","7":"product_cat-geschenkideen","8":"product_cat-sachbuecher-dokumentationen","9":"product_tag-kinderbuch","10":"product_tag-kinderbuecher","11":"pa_autor-christ-carpi","12":"pa_erscheinungsjahr-27013","13":"pa_region-schweiz","14":"pa_sprache-de","16":"first","17":"onbackorder","18":"taxable","19":"shipping-taxable","20":"purchasable","21":"product-type-simple"},"_links":{"self":[{"href":"https:\/\/pizbube.ch\/en\/wp-json\/wp\/v2\/product\/164670","targetHints":{"allow":["GET"]}}],"collection":[{"href":"https:\/\/pizbube.ch\/en\/wp-json\/wp\/v2\/product"}],"about":[{"href":"https:\/\/pizbube.ch\/en\/wp-json\/wp\/v2\/types\/product"}],"wp:featuredmedia":[{"embeddable":true,"href":"https:\/\/pizbube.ch\/en\/wp-json\/wp\/v2\/media\/164673"}],"wp:attachment":[{"href":"https:\/\/pizbube.ch\/en\/wp-json\/wp\/v2\/media?parent=164670"}],"wp:term":[{"taxonomy":"product_brand","embeddable":true,"href":"https:\/\/pizbube.ch\/en\/wp-json\/wp\/v2\/product_brand?post=164670"},{"taxonomy":"product_cat","embeddable":true,"href":"https:\/\/pizbube.ch\/en\/wp-json\/wp\/v2\/product_cat?post=164670"},{"taxonomy":"product_tag","embeddable":true,"href":"https:\/\/pizbube.ch\/en\/wp-json\/wp\/v2\/product_tag?post=164670"}],"curies":[{"name":"wp","href":"https:\/\/api.w.org\/{rel}","templated":true}]}}