{"id":164706,"date":"2022-11-29T12:19:41","date_gmt":"2022-11-29T11:19:41","guid":{"rendered":"https:\/\/pizbube.ch\/?post_type=product&#038;p=164706"},"modified":"2025-02-05T12:44:59","modified_gmt":"2025-02-05T11:44:59","slug":"robert-helbling-alpinist-vermessungspionier-firmengruender","status":"publish","type":"product","link":"https:\/\/pizbube.ch\/en\/shop\/robert-helbling-alpinist-vermessungspionier-firmengruender\/","title":{"rendered":"Robert Helbling &#8211; Alpinist, Vermessungspionier, Firmengr\u00fcnder"},"content":{"rendered":"<p>Robert Helbling (1874\u20131954) hat als Alpinist, Vermessungspionier und Firmengr\u00fcnder Geschichte geschrieben. In den Alpen, im Kaukasus und in den argentinischen Anden vollbringt er alpinistische Grosstaten.<\/p>\n<p>Der Bergtod seines Freundes Heinrich Spoerry am Matterhorn l\u00e4sst ihn noch st\u00e4rker zum Vermessungsexperten reifen. Schliesslich wird er Mitbegr\u00fcnder der Weltfirma Wild Heerbrugg.<br \/>\nDiese Biographie erz\u00e4hlt sein spannendes Leben.<\/p>\n<p>144 Seiten, zahlreiche Bilder.<\/p>","protected":false},"excerpt":{"rendered":"<p>Robert Helbling (1874\u20131954) hat als Alpinist, Vermessungspionier und Firmengr\u00fcnder Geschichte geschrieben. In den Alpen, im Kaukasus und in den argentinischen Anden vollbringt er alpinistische Grosstaten. Der Bergtod seines Freundes Heinrich Spoerry am Matterhorn l\u00e4sst ihn noch st\u00e4rker zum Vermessungsexperten reifen. Schliesslich wird er Mitbegr\u00fcnder der Weltfirma Wild Heerbrugg. Diese Biographie erz\u00e4hlt sein spannendes Leben. 144 [&#8230;]\n","protected":false},"featured_media":164707,"template":"","meta":[],"product_brand":[],"product_cat":[21542],"product_tag":[],"class_list":{"0":"post-164706","1":"product","2":"type-product","3":"status-publish","4":"has-post-thumbnail","6":"product_cat-sachbuecher-dokumentationen","7":"pa_autor-ruetz","8":"pa_erscheinungsjahr-27013","9":"pa_region-schweiz","10":"pa_sprache-de","12":"first","13":"onbackorder","14":"taxable","15":"shipping-taxable","16":"purchasable","17":"product-type-simple"},"_links":{"self":[{"href":"https:\/\/pizbube.ch\/en\/wp-json\/wp\/v2\/product\/164706","targetHints":{"allow":["GET"]}}],"collection":[{"href":"https:\/\/pizbube.ch\/en\/wp-json\/wp\/v2\/product"}],"about":[{"href":"https:\/\/pizbube.ch\/en\/wp-json\/wp\/v2\/types\/product"}],"wp:featuredmedia":[{"embeddable":true,"href":"https:\/\/pizbube.ch\/en\/wp-json\/wp\/v2\/media\/164707"}],"wp:attachment":[{"href":"https:\/\/pizbube.ch\/en\/wp-json\/wp\/v2\/media?parent=164706"}],"wp:term":[{"taxonomy":"product_brand","embeddable":true,"href":"https:\/\/pizbube.ch\/en\/wp-json\/wp\/v2\/product_brand?post=164706"},{"taxonomy":"product_cat","embeddable":true,"href":"https:\/\/pizbube.ch\/en\/wp-json\/wp\/v2\/product_cat?post=164706"},{"taxonomy":"product_tag","embeddable":true,"href":"https:\/\/pizbube.ch\/en\/wp-json\/wp\/v2\/product_tag?post=164706"}],"curies":[{"name":"wp","href":"https:\/\/api.w.org\/{rel}","templated":true}]}}