{"id":164717,"date":"2022-11-30T09:12:25","date_gmt":"2022-11-30T08:12:25","guid":{"rendered":"https:\/\/pizbube.ch\/?post_type=product&#038;p=164717"},"modified":"2022-11-30T09:22:10","modified_gmt":"2022-11-30T08:22:10","slug":"patience-lexploit-de-trois-ukrainiens-en-himalaya","status":"publish","type":"product","link":"https:\/\/pizbube.ch\/en\/shop\/patience-lexploit-de-trois-ukrainiens-en-himalaya\/","title":{"rendered":"Patience &#8211; L\u2019exploit de trois Ukrainiens en Himalaya."},"content":{"rendered":"<p>Novembre 2021 : trois Ukrainiens se dressent au sommet de l\u2019Annapurna III. Ils viennent de r\u00e9ussir une ascension historique, quinze journ\u00e9es d\u2019escalade \u00e9prouvantes et risqu\u00e9es pour venir \u00e0 bout d\u2019un des \u00ab derniers grands probl\u00e8mes \u00bb de l\u2019Himalaya: une ar\u00eate magnifique et interminable qui r\u00e9sistait depuis quarante ans \u00e0 toutes les tentatives.<\/p>\n<p>Mikha\u00efl (Misha) Fomine prend la plume pour raconter cette aventure et se retourner sur un pass\u00e9 marqu\u00e9 par l\u2019empreinte du sport de masse sovi\u00e9tique et la figure d\u2019un p\u00e8re trop t\u00f4t disparu, qui avait foi en l\u2019amour. Malgr\u00e9 le tonnerre des bombardements russes, Misha n\u2019oublie rien.<\/p>\n<p><em>Avec une pr\u00e9face de Conrad Anker<br \/>\n<\/em><em>Traduit de l\u2019anglais par Charlie Buffet.\u00a0<\/em><\/p>\n<p>96 pages, 15 x 21 cm<\/p>","protected":false},"excerpt":{"rendered":"<p>Novembre 2021 : trois Ukrainiens se dressent au sommet de l\u2019Annapurna III. Ils viennent de r\u00e9ussir une ascension historique, quinze journ\u00e9es d\u2019escalade \u00e9prouvantes et risqu\u00e9es pour venir \u00e0 bout d\u2019un des \u00ab derniers grands probl\u00e8mes \u00bb de l\u2019Himalaya: une ar\u00eate magnifique et interminable qui r\u00e9sistait depuis quarante ans \u00e0 toutes les tentatives. Mikha\u00efl (Misha) Fomine [&#8230;]\n","protected":false},"featured_media":164718,"template":"","meta":[],"product_brand":[],"product_cat":[21542],"product_tag":[],"class_list":{"0":"post-164717","1":"product","2":"type-product","3":"status-publish","4":"has-post-thumbnail","6":"product_cat-sachbuecher-dokumentationen","7":"pa_autor-fomine","8":"pa_erscheinungsjahr-27013","9":"pa_region-asien","10":"pa_sprache-fr","12":"first","13":"instock","14":"taxable","15":"shipping-taxable","16":"purchasable","17":"product-type-simple"},"_links":{"self":[{"href":"https:\/\/pizbube.ch\/en\/wp-json\/wp\/v2\/product\/164717","targetHints":{"allow":["GET"]}}],"collection":[{"href":"https:\/\/pizbube.ch\/en\/wp-json\/wp\/v2\/product"}],"about":[{"href":"https:\/\/pizbube.ch\/en\/wp-json\/wp\/v2\/types\/product"}],"wp:featuredmedia":[{"embeddable":true,"href":"https:\/\/pizbube.ch\/en\/wp-json\/wp\/v2\/media\/164718"}],"wp:attachment":[{"href":"https:\/\/pizbube.ch\/en\/wp-json\/wp\/v2\/media?parent=164717"}],"wp:term":[{"taxonomy":"product_brand","embeddable":true,"href":"https:\/\/pizbube.ch\/en\/wp-json\/wp\/v2\/product_brand?post=164717"},{"taxonomy":"product_cat","embeddable":true,"href":"https:\/\/pizbube.ch\/en\/wp-json\/wp\/v2\/product_cat?post=164717"},{"taxonomy":"product_tag","embeddable":true,"href":"https:\/\/pizbube.ch\/en\/wp-json\/wp\/v2\/product_tag?post=164717"}],"curies":[{"name":"wp","href":"https:\/\/api.w.org\/{rel}","templated":true}]}}