{"id":164724,"date":"2022-11-30T09:45:54","date_gmt":"2022-11-30T08:45:54","guid":{"rendered":"https:\/\/pizbube.ch\/?post_type=product&#038;p=164724"},"modified":"2024-05-10T17:32:36","modified_gmt":"2024-05-10T15:32:36","slug":"la-grande-traversee-des-alpes","status":"publish","type":"product","link":"https:\/\/pizbube.ch\/en\/shop\/la-grande-traversee-des-alpes\/","title":{"rendered":"La Grande travers\u00e9e des Alpes"},"content":{"rendered":"<p>Un grand voyage en hiver, de Nice \u00e0 Vienne, \u00e0 ski de randonn\u00e9e<\/p>\n<p>Un guide de haute montagne emm\u00e8ne un groupe de clients d\u2019un bout \u00e0 l\u2019autre de l\u2019arc alpin, dans les massifs les plus sauvages de France, d\u2019Italie, de Suisse et d\u2019Autriche : ce grand voyage \u00e0 ski de randonn\u00e9e, de Nice \u00e0 Vienne, est poursuivi chaque printemps depuis pr\u00e8s de vingt ans. L\u2019auteur raconte cette aventure v\u00e9cue en commun avec verve, partageant l\u2019art de tracer sa voie sur des itin\u00e9raires originaux et exigeants, de d\u00e9jouer en finesse les pi\u00e8ges de la montagne hivernale tout en restant \u00e0 l\u2019\u00e9coute des hommes et des femmes qui suivent sa trace.<\/p>\n<p>Un r\u00e9cit vivant, surprenant, fait de sc\u00e8nes singuli\u00e8res, de moments de doute et de fatigue. Les journ\u00e9es s\u2019\u00e9tirent, du froid des petits matins aux soir\u00e9es chaleureuses dans les refuges \u2013 parenth\u00e8ses hors du temps o\u00f9 la vie ensemble est une priorit\u00e9. Des cartes scandent les quatorze \u00e9tapes, pour r\u00eaver et se pr\u00e9parer avant de partir skis aux pieds.<\/p>\n<p>272 pages; 25 x 24,5 cm<\/p>","protected":false},"excerpt":{"rendered":"<p>Un grand voyage en hiver, de Nice \u00e0 Vienne, \u00e0 ski de randonn\u00e9e Un guide de haute montagne emm\u00e8ne un groupe de clients d\u2019un bout \u00e0 l\u2019autre de l\u2019arc alpin, dans les massifs les plus sauvages de France, d\u2019Italie, de Suisse et d\u2019Autriche : ce grand voyage \u00e0 ski de randonn\u00e9e, de Nice \u00e0 Vienne, [&#8230;]\n","protected":false},"featured_media":164725,"template":"","meta":[],"product_brand":[],"product_cat":[21540,21542],"product_tag":[],"class_list":{"0":"post-164724","1":"product","2":"type-product","3":"status-publish","4":"has-post-thumbnail","6":"product_cat-fuehrerliteratur-alpin-winter","7":"product_cat-sachbuecher-dokumentationen","8":"pa_autor-annequin","9":"pa_erscheinungsjahr-27013","10":"pa_region-frankreich","11":"pa_region-italien","12":"pa_region-oesterreich","13":"pa_region-schweiz","14":"pa_sprache-fr","16":"first","17":"instock","18":"taxable","19":"shipping-taxable","20":"purchasable","21":"product-type-simple"},"_links":{"self":[{"href":"https:\/\/pizbube.ch\/en\/wp-json\/wp\/v2\/product\/164724","targetHints":{"allow":["GET"]}}],"collection":[{"href":"https:\/\/pizbube.ch\/en\/wp-json\/wp\/v2\/product"}],"about":[{"href":"https:\/\/pizbube.ch\/en\/wp-json\/wp\/v2\/types\/product"}],"wp:featuredmedia":[{"embeddable":true,"href":"https:\/\/pizbube.ch\/en\/wp-json\/wp\/v2\/media\/164725"}],"wp:attachment":[{"href":"https:\/\/pizbube.ch\/en\/wp-json\/wp\/v2\/media?parent=164724"}],"wp:term":[{"taxonomy":"product_brand","embeddable":true,"href":"https:\/\/pizbube.ch\/en\/wp-json\/wp\/v2\/product_brand?post=164724"},{"taxonomy":"product_cat","embeddable":true,"href":"https:\/\/pizbube.ch\/en\/wp-json\/wp\/v2\/product_cat?post=164724"},{"taxonomy":"product_tag","embeddable":true,"href":"https:\/\/pizbube.ch\/en\/wp-json\/wp\/v2\/product_tag?post=164724"}],"curies":[{"name":"wp","href":"https:\/\/api.w.org\/{rel}","templated":true}]}}