{"id":164765,"date":"2022-11-30T12:08:23","date_gmt":"2022-11-30T11:08:23","guid":{"rendered":"https:\/\/pizbube.ch\/?post_type=product&#038;p=164765"},"modified":"2023-07-21T16:30:26","modified_gmt":"2023-07-21T14:30:26","slug":"separat-gipfelgeschichten-ueber-einsamkeit-aus-sieben-alpenlaendern","status":"publish","type":"product","link":"https:\/\/pizbube.ch\/en\/shop\/separat-gipfelgeschichten-ueber-einsamkeit-aus-sieben-alpenlaendern\/","title":{"rendered":"Separat &#8211; Gipfelgeschichten \u00fcber Einsamkeit aus sieben Alpenl\u00e4ndern."},"content":{"rendered":"<p>Einsamkeit bildet den Schwerpunkt aller Erz\u00e4hlungen. Die Menschen in den Geschichten sind aus unterschiedlichen Gr\u00fcnden unfreiwillig alleine.<br \/>\nAus diesem Umstand und dem Ziel, einen Gipfel zu besteigen, ergeben sich Konstellationen, die zum Nachdenken anregen.<\/p>\n<p>Wie ein einsamer Einheimischer seine Partnerin auf Zeit beim Bergsteigen in arge Schwierigkeiten bringt, als ein Vater seine Familie am Berg verl\u00e4sst um eigenst\u00e4ndig den Gipfel zu besteigen und dabei sein Leben riskiert und warum eine Studentin alleine eine Fahrradtour zu einem Berg unternimmt und dabei ihre Einsamkeit vergisst.<\/p>\n<p>Sieben bunt gemischte Geschichten \u00fcber das Bergsteigen und die Einsamkeit.<\/p>\n<p>148 Seiten<\/p>","protected":false},"excerpt":{"rendered":"<p>Einsamkeit bildet den Schwerpunkt aller Erz\u00e4hlungen. Die Menschen in den Geschichten sind aus unterschiedlichen Gr\u00fcnden unfreiwillig alleine. Aus diesem Umstand und dem Ziel, einen Gipfel zu besteigen, ergeben sich Konstellationen, die zum Nachdenken anregen. Wie ein einsamer Einheimischer seine Partnerin auf Zeit beim Bergsteigen in arge Schwierigkeiten bringt, als ein Vater seine Familie am Berg [&#8230;]\n","protected":false},"featured_media":164766,"template":"","meta":[],"product_brand":[],"product_cat":[21629],"product_tag":[],"class_list":{"0":"post-164765","1":"product","2":"type-product","3":"status-publish","4":"has-post-thumbnail","6":"product_cat-belletristik","7":"pa_autor-henzen","8":"pa_erscheinungsjahr-27013","9":"pa_region-schweiz","10":"pa_sprache-de","12":"first","13":"outofstock","14":"taxable","15":"shipping-taxable","16":"purchasable","17":"product-type-simple"},"_links":{"self":[{"href":"https:\/\/pizbube.ch\/en\/wp-json\/wp\/v2\/product\/164765","targetHints":{"allow":["GET"]}}],"collection":[{"href":"https:\/\/pizbube.ch\/en\/wp-json\/wp\/v2\/product"}],"about":[{"href":"https:\/\/pizbube.ch\/en\/wp-json\/wp\/v2\/types\/product"}],"wp:featuredmedia":[{"embeddable":true,"href":"https:\/\/pizbube.ch\/en\/wp-json\/wp\/v2\/media\/164766"}],"wp:attachment":[{"href":"https:\/\/pizbube.ch\/en\/wp-json\/wp\/v2\/media?parent=164765"}],"wp:term":[{"taxonomy":"product_brand","embeddable":true,"href":"https:\/\/pizbube.ch\/en\/wp-json\/wp\/v2\/product_brand?post=164765"},{"taxonomy":"product_cat","embeddable":true,"href":"https:\/\/pizbube.ch\/en\/wp-json\/wp\/v2\/product_cat?post=164765"},{"taxonomy":"product_tag","embeddable":true,"href":"https:\/\/pizbube.ch\/en\/wp-json\/wp\/v2\/product_tag?post=164765"}],"curies":[{"name":"wp","href":"https:\/\/api.w.org\/{rel}","templated":true}]}}