{"id":164783,"date":"2022-12-01T09:45:04","date_gmt":"2022-12-01T08:45:04","guid":{"rendered":"https:\/\/pizbube.ch\/?post_type=product&#038;p=164783"},"modified":"2022-12-16T09:55:02","modified_gmt":"2022-12-16T08:55:02","slug":"kletterfuehrer-bayerischer-jura","status":"publish","type":"product","link":"https:\/\/pizbube.ch\/en\/shop\/kletterfuehrer-bayerischer-jura\/","title":{"rendered":"Kletterf\u00fchrer Bayerischer Jura"},"content":{"rendered":"<div class=\"product attribute overview\">\n<div class=\"value\">\n<p>Der Kletterf\u00fchrer f\u00fcr das S\u00fcdliche Frankenjura. Sportklettern im Frankenjura.<\/p>\n<p>Der nun vorliegende Kletterf\u00fchrer \u201eBayerischer Jura\u201c beschreibt auf 480 Seiten fast 100 Ziele mit insgesamt rund 1700 Routen, das Areal der Kletterziele wird deutlich ausgedehnt: Im Altm\u00fchltal werden bisher nicht ver\u00f6ffentlichte Felsen bei Dietfurt beschrieben. Das Kapitel Labertal wird neben kleineren Erweiterungen bis in den Raum Velburg vergr\u00f6\u00dfert. Von dort wird &#8211; s\u00fcdlich des Truppen\u00fcbungsplatzes Hohenfels &#8211; der Anschluss hergestellt zu neu erschlossenen Felsen zwischen Raitenbuch und Kallm\u00fcnz. Im Naabtal schlie\u00dflich werden zwei klassische Kletterziele erstmals vorgestellt.<\/p>\n<p>Dank Eberhard Zieglmeiers intensivsten Bem\u00fchungen und seinem umfassenden Local-Wissen gibt es so f\u00fcr alle Ziele Updates. Nahezu s\u00e4mtliche Topos wurden dazu \u00fcberarbeitet und erg\u00e4nzt, die Routen in Kommentaren charakterisiert und Zugangsbeschreibungen aktualisiert. Dass alles mit einer neuen Bebilderung abgerundet wurde, macht besonders Lust aufs Klettern.<\/p>\n<p>Neben den Gebietskarten f\u00fcr den schnellen \u00dcberblick zeigen unsere bew\u00e4hrten Detailkarten auch hier die Lage der Felsen, sowie ihren Zustieg. Versehen sind sie au\u00dferdem durchg\u00e4ngig mit QR-Codes um komfortabel zum jeweiligen Parkplatz zu gelangen, sowie mit den Beschreibungen f\u00fcr die umweltfreundliche Anreise mit dem \u00d6PNV \u2013 damit sollte jeder an sein vertikales Wunschziel finden.<\/p>\n<p>Auch wenn die Gebiete um Regensburg international nicht mehr ganz so hoch im Kurs stehen wie fr\u00fcher, die hohe Qualit\u00e4t der Routen und das landschaftliche Ambiente suchen ihresgleichen. Der Kletterf\u00fchrer \u201eBayerischer Jura\u201c beinhaltet neben einem kurzen geschichtlichen Abriss zur Klettergeschichte des Altm\u00fchltals sogenannte \u201eSpots\u201c zu arch\u00e4ologischen, architektonischen Besonderheiten und &#8211; last but not least &#8211; sch\u00fctzenswerter Flora &amp; Fauna.<\/p>\n<p>Incl. Downloadcode f\u00fcr die Vertical-Life-App (3 Jahre g\u00fcltig ab Freischaltung)<\/p>\n<p>1. Auflage 2022, 480 Seiten, 148 x 185 mm, Softcover, komplett 4 Farbig<\/p>\n<\/div>\n<\/div>","protected":false},"excerpt":{"rendered":"<p>Der Kletterf\u00fchrer f\u00fcr das S\u00fcdliche Frankenjura. Sportklettern im Frankenjura. Der nun vorliegende Kletterf\u00fchrer \u201eBayerischer Jura\u201c beschreibt auf 480 Seiten fast 100 Ziele mit insgesamt rund 1700 Routen, das Areal der Kletterziele wird deutlich ausgedehnt: Im Altm\u00fchltal werden bisher nicht ver\u00f6ffentlichte Felsen bei Dietfurt beschrieben. Das Kapitel Labertal wird neben kleineren Erweiterungen bis in den Raum [&#8230;]\n","protected":false},"featured_media":164784,"template":"","meta":[],"product_brand":[],"product_cat":[21539],"product_tag":[],"class_list":{"0":"post-164783","1":"product","2":"type-product","3":"status-publish","4":"has-post-thumbnail","6":"product_cat-fuehrerliteratur-sportklettern-bouldern","7":"pa_autor-zieglmeier","8":"pa_erscheinungsjahr-27013","9":"pa_region-deutschland","10":"pa_sprache-de","12":"first","13":"instock","14":"taxable","15":"shipping-taxable","16":"purchasable","17":"product-type-simple"},"_links":{"self":[{"href":"https:\/\/pizbube.ch\/en\/wp-json\/wp\/v2\/product\/164783","targetHints":{"allow":["GET"]}}],"collection":[{"href":"https:\/\/pizbube.ch\/en\/wp-json\/wp\/v2\/product"}],"about":[{"href":"https:\/\/pizbube.ch\/en\/wp-json\/wp\/v2\/types\/product"}],"wp:featuredmedia":[{"embeddable":true,"href":"https:\/\/pizbube.ch\/en\/wp-json\/wp\/v2\/media\/164784"}],"wp:attachment":[{"href":"https:\/\/pizbube.ch\/en\/wp-json\/wp\/v2\/media?parent=164783"}],"wp:term":[{"taxonomy":"product_brand","embeddable":true,"href":"https:\/\/pizbube.ch\/en\/wp-json\/wp\/v2\/product_brand?post=164783"},{"taxonomy":"product_cat","embeddable":true,"href":"https:\/\/pizbube.ch\/en\/wp-json\/wp\/v2\/product_cat?post=164783"},{"taxonomy":"product_tag","embeddable":true,"href":"https:\/\/pizbube.ch\/en\/wp-json\/wp\/v2\/product_tag?post=164783"}],"curies":[{"name":"wp","href":"https:\/\/api.w.org\/{rel}","templated":true}]}}