{"id":164826,"date":"2022-12-02T16:51:39","date_gmt":"2022-12-02T15:51:39","guid":{"rendered":"https:\/\/pizbube.ch\/?post_type=product&#038;p=164826"},"modified":"2023-01-04T18:16:32","modified_gmt":"2023-01-04T17:16:32","slug":"visages-paysages-alpes-alpen-alpi","status":"publish","type":"product","link":"https:\/\/pizbube.ch\/en\/shop\/visages-paysages-alpes-alpen-alpi\/","title":{"rendered":"Visages\/Paysages &#8211; Alpes, Alpen, Alpi"},"content":{"rendered":"<p>Die fein gearbeiteten Tuschezeichnungen auf Landkarten von Ulrich Elsener verbinden die Physiognomie des menschlichen K\u00f6rpers mit der Topografie der Landschaft. Mannigfaltig sind die Resonanzen, die diese Arbeiten erzeugen; von der Gaja-Theorie von James Lovelook, welcher die Welt als Organismus dem menschlichen K\u00f6rper gleichstellt, bis zu den fern\u00f6stlichen Philosophien, der Aufhebung der Objekt-Subjekt-Dichotomie.<\/p>\n<p>Zu diesen Bildern schreibt Sibylle Omlin: \u201eElseners Bilder sind Metaphern eines neu zu \u00fcberdenkenden Verh\u00e4ltni\u00dfes des Menschen zur Welt. Auf Karten vom Mont Blanc Gebiet \u00fcber die Schweizer Alpen bis zu den Dolomiten, legt der K\u00fcnstler seine Figuren in T\u00e4ler, Seen und Berge und befreit sie dem angestammten Territorium der bildenden Kunst. Seine mit Tuschfeder fein ziselierten K\u00f6rper verbinden sich mit den geografischen Gegebenheiten, so dass eine Osmose zwischen innerem und \u00e4u\u00dferem Lebensraum entsteht\u2026\u201c<\/p>\n<p>In \u00fcber 10-j\u00e4hriger Arbeit sind 40 Bilder auf Karten der Alpen entstanden, die in diesem Band versammelt sind. Sie inspirierten den Schweizer Schriftsteller J\u00fcrg Halter zu \u201eAnmerkungen\u201c; seine Ann\u00e4herung aus poetischer Sicht bildet eine stimulierende Bereicherung dieses Buchs.<\/p>\n<p dir=\"ltr\">Texts: <span class=\"s-c2\">J\u00fcrg Halter, Sibylle Omlin<\/span><br \/>\nDesign: <span class=\"s-c2\">Patrizia Langella, Ulrich Elsener<\/span><\/p>\n<p dir=\"ltr\"><span class=\"s-c2\">German\/French\/Italian<br \/>\n<\/span><span class=\"s-c2\">Softcover, 27 x 21cm, 111 pages, 100 ills. in color<\/span><\/p>","protected":false},"excerpt":{"rendered":"<p>Die fein gearbeiteten Tuschezeichnungen auf Landkarten von Ulrich Elsener verbinden die Physiognomie des menschlichen K\u00f6rpers mit der Topografie der Landschaft. Mannigfaltig sind die Resonanzen, die diese Arbeiten erzeugen; von der Gaja-Theorie von James Lovelook, welcher die Welt als Organismus dem menschlichen K\u00f6rper gleichstellt, bis zu den fern\u00f6stlichen Philosophien, der Aufhebung der Objekt-Subjekt-Dichotomie. Zu diesen Bildern [&#8230;]\n","protected":false},"featured_media":164827,"template":"","meta":[],"product_brand":[],"product_cat":[21580],"product_tag":[],"class_list":{"0":"post-164826","1":"product","2":"type-product","3":"status-publish","4":"has-post-thumbnail","6":"product_cat-kunst-kultur","7":"pa_autor-elsner","8":"pa_erscheinungsjahr-27013","9":"pa_region-schweiz","10":"pa_sprache-de","11":"pa_sprache-fr","12":"pa_sprache-it","14":"first","15":"instock","16":"taxable","17":"shipping-taxable","18":"purchasable","19":"product-type-simple"},"_links":{"self":[{"href":"https:\/\/pizbube.ch\/en\/wp-json\/wp\/v2\/product\/164826","targetHints":{"allow":["GET"]}}],"collection":[{"href":"https:\/\/pizbube.ch\/en\/wp-json\/wp\/v2\/product"}],"about":[{"href":"https:\/\/pizbube.ch\/en\/wp-json\/wp\/v2\/types\/product"}],"wp:featuredmedia":[{"embeddable":true,"href":"https:\/\/pizbube.ch\/en\/wp-json\/wp\/v2\/media\/164827"}],"wp:attachment":[{"href":"https:\/\/pizbube.ch\/en\/wp-json\/wp\/v2\/media?parent=164826"}],"wp:term":[{"taxonomy":"product_brand","embeddable":true,"href":"https:\/\/pizbube.ch\/en\/wp-json\/wp\/v2\/product_brand?post=164826"},{"taxonomy":"product_cat","embeddable":true,"href":"https:\/\/pizbube.ch\/en\/wp-json\/wp\/v2\/product_cat?post=164826"},{"taxonomy":"product_tag","embeddable":true,"href":"https:\/\/pizbube.ch\/en\/wp-json\/wp\/v2\/product_tag?post=164826"}],"curies":[{"name":"wp","href":"https:\/\/api.w.org\/{rel}","templated":true}]}}