{"id":164842,"date":"2022-12-03T13:24:25","date_gmt":"2022-12-03T12:24:25","guid":{"rendered":"https:\/\/pizbube.ch\/?post_type=product&#038;p=164842"},"modified":"2022-12-07T10:55:30","modified_gmt":"2022-12-07T09:55:30","slug":"in-den-bergen-ist-freiheit","status":"publish","type":"product","link":"https:\/\/pizbube.ch\/en\/shop\/in-den-bergen-ist-freiheit\/","title":{"rendered":"In den Bergen ist Freiheit"},"content":{"rendered":"<div class=\"book-detail-additional_innercontent speakable-element-1\">\n<p>Aus dem Leben eines Grenzg\u00e4ngers<\/p>\n<p>Seit Jahrzehnten steht der Kletterer und Extrembergsteiger Thomas Huber hart am Abgrund, stets am Limit. Er verzeichnet gro\u00dfe Erfolge bei Erstbesteigungen und spektakul\u00e4ren Klettertouren, die kein Mensch zuvor wagte, erlitt Niederlagen, \u00fcberlebte schwere Unf\u00e4lle und einen Nierentumor. Er machte aus dem Scheitern eine Tugend und stand immer wieder auf.<\/p>\n<p>In seinem Buch berichtet er von seiner Kindheit am Fu\u00dfe der Alpen, von der Kraft des ersten Schrittes, von Leidenschaft, Mut und Zweifel. Das Buch ist die Geschichte eines der ber\u00fchmtesten Bergsteiger unserer Zeit und eine Hymne auf die Freiheit.<\/p>\n<p>Die erste Autobiografie des Weltklassealpinisten: Offen wie nie erz\u00e4hlt der \u00c4ltere der ber\u00fchmten\u00a0\u201eHuberbuam\u201c \u00fcber sein Leben.<\/p>\n<p>368 Seiten, Hardcover mit Schutzumschlag<\/p>\n<\/div>","protected":false},"excerpt":{"rendered":"<p>Aus dem Leben eines Grenzg\u00e4ngers Seit Jahrzehnten steht der Kletterer und Extrembergsteiger Thomas Huber hart am Abgrund, stets am Limit. Er verzeichnet gro\u00dfe Erfolge bei Erstbesteigungen und spektakul\u00e4ren Klettertouren, die kein Mensch zuvor wagte, erlitt Niederlagen, \u00fcberlebte schwere Unf\u00e4lle und einen Nierentumor. Er machte aus dem Scheitern eine Tugend und stand immer wieder auf. In [&#8230;]\n","protected":false},"featured_media":164843,"template":"","meta":[],"product_brand":[],"product_cat":[21629,21542],"product_tag":[],"class_list":{"0":"post-164842","1":"product","2":"type-product","3":"status-publish","4":"has-post-thumbnail","6":"product_cat-belletristik","7":"product_cat-sachbuecher-dokumentationen","8":"pa_autor-huber","9":"pa_erscheinungsjahr-27013","10":"pa_region-deutschland","11":"pa_sprache-de","13":"first","14":"instock","15":"taxable","16":"shipping-taxable","17":"purchasable","18":"product-type-simple"},"_links":{"self":[{"href":"https:\/\/pizbube.ch\/en\/wp-json\/wp\/v2\/product\/164842","targetHints":{"allow":["GET"]}}],"collection":[{"href":"https:\/\/pizbube.ch\/en\/wp-json\/wp\/v2\/product"}],"about":[{"href":"https:\/\/pizbube.ch\/en\/wp-json\/wp\/v2\/types\/product"}],"wp:featuredmedia":[{"embeddable":true,"href":"https:\/\/pizbube.ch\/en\/wp-json\/wp\/v2\/media\/164843"}],"wp:attachment":[{"href":"https:\/\/pizbube.ch\/en\/wp-json\/wp\/v2\/media?parent=164842"}],"wp:term":[{"taxonomy":"product_brand","embeddable":true,"href":"https:\/\/pizbube.ch\/en\/wp-json\/wp\/v2\/product_brand?post=164842"},{"taxonomy":"product_cat","embeddable":true,"href":"https:\/\/pizbube.ch\/en\/wp-json\/wp\/v2\/product_cat?post=164842"},{"taxonomy":"product_tag","embeddable":true,"href":"https:\/\/pizbube.ch\/en\/wp-json\/wp\/v2\/product_tag?post=164842"}],"curies":[{"name":"wp","href":"https:\/\/api.w.org\/{rel}","templated":true}]}}