{"id":164889,"date":"2022-12-08T08:46:58","date_gmt":"2022-12-08T07:46:58","guid":{"rendered":"https:\/\/pizbube.ch\/?post_type=product&#038;p=164889"},"modified":"2026-03-26T09:08:37","modified_gmt":"2026-03-26T08:08:37","slug":"falaises-du-ventoux","status":"publish","type":"product","link":"https:\/\/pizbube.ch\/en\/shop\/falaises-du-ventoux\/","title":{"rendered":"FALAISES DU VENTOUX"},"content":{"rendered":"<p>Voici l&#8217;\u00e9dition 2023 du topo des falaises du Ventoux en fran\u00e7ais et en anglais!<\/p>\n<p>682 pages avec acc\u00e8s aux falaises par cartographie satellites et points GPS par QR code. Vous trouverez d&#8217;innombrables voies verticales et d\u00e9versantes, et une vari\u00e9t\u00e9 de pr\u00e9hensions allant des r\u00e9glettes aux colonnettes, en passant par des \u00e0-plats sur du beau calcaire. Le site de la La Baleine, tr\u00e8s connu est un site difficile, avec plus de 500 voies du 6\u00e8me au 8\u00e8me degr\u00e9.<\/p>\n<p>Au sommaire :<\/p>\n<p>-Saint l\u00e9ger du Ventoux<br \/>\n-Basses gorges du Toulourenc<br \/>\n-Combe obscure<br \/>\n-le Groseau<br \/>\n-M\u00e9thamis<\/p>\n<p>-Venasque<br \/>\n-Entrechaux<br \/>\n-Baume Rousse<br \/>\n-Combe de Murs<br \/>\n-La Cornerette<br \/>\n-Carri\u00e8re de Maupas<br \/>\n-Mollans-Sur-Ouv\u00e8ze<\/p>\n<p>13,5 x 21 cm,<br \/>\n682 pages<\/p>","protected":false},"excerpt":{"rendered":"<p>Voici l&#8217;\u00e9dition 2023 du topo des falaises du Ventoux en fran\u00e7ais et en anglais! 682 pages avec acc\u00e8s aux falaises par cartographie satellites et points GPS par QR code. Vous trouverez d&#8217;innombrables voies verticales et d\u00e9versantes, et une vari\u00e9t\u00e9 de pr\u00e9hensions allant des r\u00e9glettes aux colonnettes, en passant par des \u00e0-plats sur du beau calcaire. [&#8230;]\n","protected":false},"featured_media":164890,"template":"","meta":[],"product_brand":[],"product_cat":[21539],"product_tag":[],"class_list":{"0":"post-164889","1":"product","2":"type-product","3":"status-publish","4":"has-post-thumbnail","6":"product_cat-fuehrerliteratur-sportklettern-bouldern","7":"pa_autor-boulon","8":"pa_erscheinungsjahr-27129","9":"pa_region-frankreich","10":"pa_sprache-fr-en-2","12":"first","13":"onbackorder","14":"taxable","15":"shipping-taxable","16":"purchasable","17":"product-type-simple"},"_links":{"self":[{"href":"https:\/\/pizbube.ch\/en\/wp-json\/wp\/v2\/product\/164889","targetHints":{"allow":["GET"]}}],"collection":[{"href":"https:\/\/pizbube.ch\/en\/wp-json\/wp\/v2\/product"}],"about":[{"href":"https:\/\/pizbube.ch\/en\/wp-json\/wp\/v2\/types\/product"}],"wp:featuredmedia":[{"embeddable":true,"href":"https:\/\/pizbube.ch\/en\/wp-json\/wp\/v2\/media\/164890"}],"wp:attachment":[{"href":"https:\/\/pizbube.ch\/en\/wp-json\/wp\/v2\/media?parent=164889"}],"wp:term":[{"taxonomy":"product_brand","embeddable":true,"href":"https:\/\/pizbube.ch\/en\/wp-json\/wp\/v2\/product_brand?post=164889"},{"taxonomy":"product_cat","embeddable":true,"href":"https:\/\/pizbube.ch\/en\/wp-json\/wp\/v2\/product_cat?post=164889"},{"taxonomy":"product_tag","embeddable":true,"href":"https:\/\/pizbube.ch\/en\/wp-json\/wp\/v2\/product_tag?post=164889"}],"curies":[{"name":"wp","href":"https:\/\/api.w.org\/{rel}","templated":true}]}}