{"id":164892,"date":"2022-12-08T09:15:51","date_gmt":"2022-12-08T08:15:51","guid":{"rendered":"https:\/\/pizbube.ch\/?post_type=product&#038;p=164892"},"modified":"2025-12-10T08:37:20","modified_gmt":"2025-12-10T07:37:20","slug":"le-topo-descalade-du-saleve","status":"publish","type":"product","link":"https:\/\/pizbube.ch\/en\/shop\/le-topo-descalade-du-saleve\/","title":{"rendered":"Le topo d&#8217;escalade du Sal\u00e8ve"},"content":{"rendered":"<p>Les varappes du Sal\u00e8ve<\/p>\n<p>Un nouveau topo du Sal\u00e8ve vient de sortir. R\u00e9alis\u00e9 par Jean-Marie Boimond.<\/p>\n<p>Tous les secteurs du Sal\u00e8ve : \u00ab\u00a0petit Sal\u00e8ve\u00a0\u00bb, les \u00ab\u00a0Gorges\u00a0\u00bb le massif du \u00ab\u00a0Coin\u00a0\u00bb, les \u00ab\u00a0\u00c9tiollets et Buttikofer\u00a0\u00bb, les diff\u00e9rents secteurs du haut du Sal\u00e8ve, de la \u00ab\u00a0pointe du Plan\u00a0\u00bb. \u00c0 cela s\u2019ajoute 4 autres falaises plus proches de Bellegarde : Chaumont, Le Malpas (appel\u00e9 dans ce topo \u00ab\u00a0Rocher Bataillard\u00a0\u00bb), Vovray et L\u00e9az (dans l\u2019Ain).<\/p>\n<div class=\"elementor-element elementor-element-41e12ac elementor-widget elementor-widget-text-editor\" data-id=\"41e12ac\" data-element_type=\"widget\" data-widget_type=\"text-editor.default\">\n<div class=\"elementor-widget-container\">\n<div class=\"elementor-text-editor elementor-clearfix\">\n<p>Presque 360 pages pour d\u00e9crire la totalit\u00e9 du Sal\u00e8ve (sauf le \u00ab\u00a0super Canap\u00e9\u00a0\u00bb, site probablement pas vraiment autoris\u00e9 car situ\u00e9 au-dessus de la grande carri\u00e8re en activit\u00e9), un \u00e9norme travail de recensement, ainsi que les falaises situ\u00e9es autour de la montagne du Vuache (entre Bellegarde et le Sal\u00e8ve), dont L\u00e9az situ\u00e9e tout pr\u00e8s mais dans l\u2019Ain, sauf la falaise de Thiolles (non d\u00e9crite par les diff\u00e9rents topos d\u00e9crivant cette r\u00e9gion). On y trouve aussi un secteur de dry-tooling et un autre de cascade de glace, ainsi que quelques secteurs sans int\u00e9r\u00eat (notamment des secteurs non \u00e9quip\u00e9s). \u00c0 noter quelques secteurs r\u00e9cents o\u00f9 l\u2019\u00e9quipeur a utilis\u00e9 un syst\u00e8me de couleur pour les difficult\u00e9s, on n\u2019en sait pas plus sur l\u2019\u00e9quivalence, m\u00eame approximative, avec le syst\u00e8me de cotations habituel.<\/p>\n<p>Tous les trac\u00e9s, voies et acc\u00e8s, sont sur photos. En d\u00e9couverte de secteur, il sera peut-\u00eatre un peu difficile de trouver des d\u00e9parts de voies l\u00e0 o\u00f9 les arbres sont denses au pied de la falaise, endroits heureusement peu nombreux.<\/p>\n<p>Informations sur les voies : trac\u00e9, nom, cotation, nom des \u00e9quipeurs\/ouvreurs avec l\u2019ann\u00e9e, signalement quand la voie a \u00e9t\u00e9 r\u00e9\u00e9quip\u00e9e (non syst\u00e9matique). La plupart des voies ont un court commentaire, parfois non informatif sur l\u2019escalade, mais il y a de l\u2019humour. Dommage que l\u2019orientation des secteurs ne soit pas mentionn\u00e9e, ni la hauteur des voies, ni souvent les temps d\u2019acc\u00e8s. L\u2019absence de sch\u00e9ma pour certains acc\u00e8s pourra peut-\u00eatre aussi manquer, \u00e0 v\u00e9rifier si le texte est suffisamment informatif (notamment o\u00f9 l\u2019acc\u00e8s \u00e0 la falaise de L\u00e9az semble inexact).<\/p>\n<\/div>\n<\/div>\n<\/div>\n<p>358 pages.<br \/>\n1. \u00e9dition 2022<\/p>","protected":false},"excerpt":{"rendered":"<p>Les varappes du Sal\u00e8ve Un nouveau topo du Sal\u00e8ve vient de sortir. R\u00e9alis\u00e9 par Jean-Marie Boimond. Tous les secteurs du Sal\u00e8ve : \u00ab\u00a0petit Sal\u00e8ve\u00a0\u00bb, les \u00ab\u00a0Gorges\u00a0\u00bb le massif du \u00ab\u00a0Coin\u00a0\u00bb, les \u00ab\u00a0\u00c9tiollets et Buttikofer\u00a0\u00bb, les diff\u00e9rents secteurs du haut du Sal\u00e8ve, de la \u00ab\u00a0pointe du Plan\u00a0\u00bb. \u00c0 cela s\u2019ajoute 4 autres falaises plus proches de [&#8230;]\n","protected":false},"featured_media":164893,"template":"","meta":[],"product_brand":[],"product_cat":[21539],"product_tag":[],"class_list":{"0":"post-164892","1":"product","2":"type-product","3":"status-publish","4":"has-post-thumbnail","6":"product_cat-fuehrerliteratur-sportklettern-bouldern","7":"pa_autor-boimond","8":"pa_erscheinungsjahr-27013","9":"pa_region-frankreich","10":"pa_region-schweiz","11":"pa_sprache-fr","13":"first","14":"outofstock","15":"taxable","16":"shipping-taxable","17":"purchasable","18":"product-type-simple"},"_links":{"self":[{"href":"https:\/\/pizbube.ch\/en\/wp-json\/wp\/v2\/product\/164892","targetHints":{"allow":["GET"]}}],"collection":[{"href":"https:\/\/pizbube.ch\/en\/wp-json\/wp\/v2\/product"}],"about":[{"href":"https:\/\/pizbube.ch\/en\/wp-json\/wp\/v2\/types\/product"}],"wp:featuredmedia":[{"embeddable":true,"href":"https:\/\/pizbube.ch\/en\/wp-json\/wp\/v2\/media\/164893"}],"wp:attachment":[{"href":"https:\/\/pizbube.ch\/en\/wp-json\/wp\/v2\/media?parent=164892"}],"wp:term":[{"taxonomy":"product_brand","embeddable":true,"href":"https:\/\/pizbube.ch\/en\/wp-json\/wp\/v2\/product_brand?post=164892"},{"taxonomy":"product_cat","embeddable":true,"href":"https:\/\/pizbube.ch\/en\/wp-json\/wp\/v2\/product_cat?post=164892"},{"taxonomy":"product_tag","embeddable":true,"href":"https:\/\/pizbube.ch\/en\/wp-json\/wp\/v2\/product_tag?post=164892"}],"curies":[{"name":"wp","href":"https:\/\/api.w.org\/{rel}","templated":true}]}}