{"id":164993,"date":"2022-12-15T11:10:24","date_gmt":"2022-12-15T10:10:24","guid":{"rendered":"https:\/\/pizbube.ch\/?post_type=product&#038;p=164993"},"modified":"2022-12-15T11:23:04","modified_gmt":"2022-12-15T10:23:04","slug":"the-alps-1900-a-portrait-in-color","status":"publish","type":"product","link":"https:\/\/pizbube.ch\/en\/shop\/the-alps-1900-a-portrait-in-color\/","title":{"rendered":"The Alps 1900 &#8211; A Portrait in Color"},"content":{"rendered":"<div class=\"row read-more-headline\">\n<div class=\"col-12 col-lg-6 pb-4 pb-lg-0\">Den Gipfeln entgegen!<\/div>\n<\/div>\n<div class=\"row read-more-content pb-2\">\n<div class=\"col-12 col-lg-6 pb-4 pb-lg-0\">\n<p>Die zeitlose Sch\u00f6nheit der Alpen in Photochromen aus der Zeit um 1900<\/p>\n<p>&#171;Nichts l\u00e4sst sich mit den Alpen vergleichen&#187;, stellt der ber\u00fchmte franz\u00f6sische Historiker Jules Michelet 1868 fest. Das riesige Alpenmassiv im Herzen Europas birgt einige der gro\u00dfartigsten Natursch\u00f6nheiten der Welt \u2013 den Montblanc, die Jungfrau, das Matterhorn und ihre Gletscher. Der Tourismus, der im sp\u00e4ten 18. Jahrhundert einsetzt, nimmt in der Folgezeit gewaltig zu, insbesondere durch den unaufhaltsamen Aufschwung des Wintersports. Dieses Buch entf\u00fchrt uns in eine hinrei\u00dfend altmodische Zeit, in der die ersten Berg- und Zahnradbahnen Herren in Lederhosen und Damen in langen R\u00f6cken an den Rand der Gletscher brachten, in der einheimische Bergf\u00fchrer mit Touristen auf Maultierr\u00fccken unterwegs waren, Bergsteiger als Verr\u00fcckte galten und Skifahrer eine Kuriosit\u00e4t darstellten.<\/p>\n<p>Mittels Photochromen, Fotografien, kolorierten Postkarten, Plakaten und Reiseprospekten aus dem sp\u00e4ten 19. und fr\u00fchen 20. Jahrhundert \u00fcberqueren wir P\u00e4sse wie den Mont Cenis, Simplon, Brenner und St. Gotthard, besteigen den Montblanc, den Eiger, das Wetterhorn und die Dolomiten, bewundern kristallklare Seen in der Schweiz, Italien, Bayern und Slowenien, erkunden Tirol, die Via Mala oder das Engadin und steigen f\u00fcr eine Wintersportsaison in einem Grandhotel in Gstaad, Grindelwald, Davos, St. Moritz oder Cortina ab. Ein Streifzug, den Zitate von Reiseschriftstellern begleiten und der an die gl\u00fccklichen Zeiten erinnert, als Schnee und Berge noch unber\u00fchrt waren!<\/p>\n<p>Hardcover, 29 x 39,5 cm, 6,40 kg, 600 Seiten<br \/>\nMehrsprachige Ausgabe: Deutsch, Englisch, Franz\u00f6sisch<\/p>\n<\/div>\n<\/div>\n<div><\/div>\n<div><\/div>\n<div><\/div>\n<div class=\"row read-more-headline\">\n<div class=\"col-12 col-lg-6 pb-4 pb-lg-0\">Off to conquer the summits! The Timeless Beauty of the Alps in Photochromes from around 1900<\/div>\n<\/div>\n<div class=\"row read-more-content pb-2\">\n<div class=\"col-12 col-lg-6 pb-4 pb-lg-0\">\n<p>\u201cNothing compares to the Alps\u201d wrote the great French historian Jules Michelet in 1868. At the very heart of Europe, the gigantic Alpine mountain range includes some of the most grandiose natural sites in the world, such as Mont Blanc, the Jungfrau, the Matterhorn, and their glaciers. Tourism began in the late 1800s and grew tremendously over the next centuries, especially with the rise of winter sports. This book offers a charming tour of a bygone era, when the first mountain trains and cog railways were carrying men in lederhosen and women in long dresses to the foot of the glacier, when local guides accompanied tourists riding on mules; a time when the first alpinists were considered mad, and skiers were a curiosity.<\/p>\n<p>Through photochromes, photographs, and color postcards of the 19th and 20th centuries, through travel posters and tourist brochures, we cross passes such as the Mont-Cenis, Simplon, Brenner, and St. Gotthard; climb Mont Blanc, the Eiger, the Wetterhorn, and the Dolomites; marvel at crystal-clear lakes in Switzerland, Italy, Bavaria, and Slovenia; explore Tyrol, the Via Mala, and the Engadin; and spend the winter season at grand hotels in Gstaad, Grindelwald, Davos, St. Moritz, and Cortina. This is a journey dotted with literary quotes by travel writers that evokes these happy days of pristine snow and untouched slopes!<\/p>\n<\/div>\n<\/div>","protected":false},"excerpt":{"rendered":"<p>Den Gipfeln entgegen! Die zeitlose Sch\u00f6nheit der Alpen in Photochromen aus der Zeit um 1900 &#171;Nichts l\u00e4sst sich mit den Alpen vergleichen&#187;, stellt der ber\u00fchmte franz\u00f6sische Historiker Jules Michelet 1868 fest. Das riesige Alpenmassiv im Herzen Europas birgt einige der gro\u00dfartigsten Natursch\u00f6nheiten der Welt \u2013 den Montblanc, die Jungfrau, das Matterhorn und ihre Gletscher. Der [&#8230;]\n","protected":false},"featured_media":164994,"template":"","meta":[],"product_brand":[],"product_cat":[21580,21542],"product_tag":[],"class_list":{"0":"post-164993","1":"product","2":"type-product","3":"status-publish","4":"has-post-thumbnail","6":"product_cat-kunst-kultur","7":"product_cat-sachbuecher-dokumentationen","8":"pa_autor-couzy-et-alt","9":"pa_erscheinungsjahr-27013","10":"pa_region-frankreich","11":"pa_region-italien","12":"pa_region-oesterreich","13":"pa_region-schweiz","14":"pa_sprache-fr-de-en","16":"first","17":"instock","18":"taxable","19":"shipping-taxable","20":"purchasable","21":"product-type-simple"},"_links":{"self":[{"href":"https:\/\/pizbube.ch\/en\/wp-json\/wp\/v2\/product\/164993","targetHints":{"allow":["GET"]}}],"collection":[{"href":"https:\/\/pizbube.ch\/en\/wp-json\/wp\/v2\/product"}],"about":[{"href":"https:\/\/pizbube.ch\/en\/wp-json\/wp\/v2\/types\/product"}],"wp:featuredmedia":[{"embeddable":true,"href":"https:\/\/pizbube.ch\/en\/wp-json\/wp\/v2\/media\/164994"}],"wp:attachment":[{"href":"https:\/\/pizbube.ch\/en\/wp-json\/wp\/v2\/media?parent=164993"}],"wp:term":[{"taxonomy":"product_brand","embeddable":true,"href":"https:\/\/pizbube.ch\/en\/wp-json\/wp\/v2\/product_brand?post=164993"},{"taxonomy":"product_cat","embeddable":true,"href":"https:\/\/pizbube.ch\/en\/wp-json\/wp\/v2\/product_cat?post=164993"},{"taxonomy":"product_tag","embeddable":true,"href":"https:\/\/pizbube.ch\/en\/wp-json\/wp\/v2\/product_tag?post=164993"}],"curies":[{"name":"wp","href":"https:\/\/api.w.org\/{rel}","templated":true}]}}