{"id":165321,"date":"2022-12-24T09:47:17","date_gmt":"2022-12-24T08:47:17","guid":{"rendered":"https:\/\/pizbube.ch\/?post_type=product&#038;p=165321"},"modified":"2025-03-12T13:53:44","modified_gmt":"2025-03-12T12:53:44","slug":"la-frana","status":"publish","type":"product","link":"https:\/\/pizbube.ch\/en\/shop\/la-frana\/","title":{"rendered":"La Frana"},"content":{"rendered":"<p>Am 23. August 2017 brach unter ohrenbet\u00e4ubendem Get\u00f6se ein ganzes St\u00fcck des Piz Cengalo in der Sciora-Gruppe (GR) ab. Drei Millionen Kubikmeter Fels und Schlamm st\u00fcrzten mit hoher Geschwindigkeit in das Bondasca-Tal bis zum Dorf Bondo, rissen H\u00e4user, Stra\u00dfen und Infrastruktur mit sich und hinterlie\u00dfen eine f\u00fcnf Kilometer lange Steinw\u00fcste.<\/p>\n<p><i>La Frana<\/i> ist der Abschluss eines mehrj\u00e4hrigen k\u00fcnstlerischen Projektes, das w\u00e4hrend dieses Bergsturzes seinen Anfang hatte. Die von Sabine Tholen fotografisch und zeichnerisch dokumentierte Naturkatastrophe wird durch Beitr\u00e4ge von Spezialisten des Territoriums und der Bergwelt erg\u00e4nzt und bringen wesentliche Reflexionen u\u0308ber die tiefgreifende Transformation des zeitgen\u00f6ssischen Territoriums, die mit dem Antropoz\u00e4n verbundenen Auswirkungen und die daraus resultierende klimatische Dringlichkeit.<\/p>\n<p>Hardcover, 24,5 \u00d7 33 cm, 120 S.\/ p.<br \/>\nTexte: Patrick Gosatti (it\/de), Marcello Negrini (de), Wilfried Haeberli (de), Jean-Marc Besse (fr\/de), Rainer Michael Mason (fr)<br \/>\nGestaltung Bonbon, Z\u00fcrich<\/p>","protected":false},"excerpt":{"rendered":"<p>Am 23. August 2017 brach unter ohrenbet\u00e4ubendem Get\u00f6se ein ganzes St\u00fcck des Piz Cengalo in der Sciora-Gruppe (GR) ab. Drei Millionen Kubikmeter Fels und Schlamm st\u00fcrzten mit hoher Geschwindigkeit in das Bondasca-Tal bis zum Dorf Bondo, rissen H\u00e4user, Stra\u00dfen und Infrastruktur mit sich und hinterlie\u00dfen eine f\u00fcnf Kilometer lange Steinw\u00fcste. La Frana ist der Abschluss [&#8230;]\n","protected":false},"featured_media":165322,"template":"","meta":[],"product_brand":[],"product_cat":[21580,21542],"product_tag":[],"class_list":{"0":"post-165321","1":"product","2":"type-product","3":"status-publish","4":"has-post-thumbnail","6":"product_cat-kunst-kultur","7":"product_cat-sachbuecher-dokumentationen","8":"pa_autor-hg-von-edizioni-periferia","9":"pa_erscheinungsjahr-27013","10":"pa_region-schweiz","11":"pa_sprache-de-en-it-fr","13":"first","14":"instock","15":"taxable","16":"shipping-taxable","17":"purchasable","18":"product-type-simple"},"_links":{"self":[{"href":"https:\/\/pizbube.ch\/en\/wp-json\/wp\/v2\/product\/165321","targetHints":{"allow":["GET"]}}],"collection":[{"href":"https:\/\/pizbube.ch\/en\/wp-json\/wp\/v2\/product"}],"about":[{"href":"https:\/\/pizbube.ch\/en\/wp-json\/wp\/v2\/types\/product"}],"wp:featuredmedia":[{"embeddable":true,"href":"https:\/\/pizbube.ch\/en\/wp-json\/wp\/v2\/media\/165322"}],"wp:attachment":[{"href":"https:\/\/pizbube.ch\/en\/wp-json\/wp\/v2\/media?parent=165321"}],"wp:term":[{"taxonomy":"product_brand","embeddable":true,"href":"https:\/\/pizbube.ch\/en\/wp-json\/wp\/v2\/product_brand?post=165321"},{"taxonomy":"product_cat","embeddable":true,"href":"https:\/\/pizbube.ch\/en\/wp-json\/wp\/v2\/product_cat?post=165321"},{"taxonomy":"product_tag","embeddable":true,"href":"https:\/\/pizbube.ch\/en\/wp-json\/wp\/v2\/product_tag?post=165321"}],"curies":[{"name":"wp","href":"https:\/\/api.w.org\/{rel}","templated":true}]}}