{"id":165326,"date":"2022-12-24T10:00:43","date_gmt":"2022-12-24T09:00:43","guid":{"rendered":"https:\/\/pizbube.ch\/?post_type=product&#038;p=165326"},"modified":"2022-12-24T10:15:15","modified_gmt":"2022-12-24T09:15:15","slug":"les-conquerants-de-linutile-2","status":"publish","type":"product","link":"https:\/\/pizbube.ch\/en\/shop\/les-conquerants-de-linutile-2\/","title":{"rendered":"Les conqu\u00e9rants de l&#8217;inutile"},"content":{"rendered":"<div id=\"product-description-short-137\" class=\"product-short-description\">\n<p>Le grand classique de la litt\u00e9rature alpine.<\/p>\n<\/div>\n<div id=\"product-description-137\" class=\"product-long-description\">\n<p>Alpiniste l\u00e9gendaire, h\u00e9ros de l\u2019Annapurna, Lionel Terray est l\u2019auteur d\u2019une autobiographie qui demeure, aujourd\u2019hui encore, un livre incontournable de la litt\u00e9rature de montagne. Plus qu\u2019un r\u00e9cit d\u2019alpinisme, c\u2019est le livre d\u2019une vie. Une vie marqu\u00e9e par l\u2019engagement pour et par la montagne.<\/p>\n<p>Aux critiques de son p\u00e8re qui ne comprend pas cette activit\u00e9 consistant \u00e0 se hisser sur des montagnes o\u00f9 l\u2019on ne trouve \u00ab pas seulement un billet de 100 francs au sommet \u00bb, Lionel oppose la gratuit\u00e9 du jeu, l\u2019\u00e9loge de l\u2019inutile. Il assouvit sa soif de grimper sur les plus hauts sommets des Alpes, puis en Himalaya et devient un g\u00e9ant de l\u2019alpinisme mondial. Au-del\u00e0 des drames qui font battre le c\u0153ur, ce livre est un grand texte sur la passion et les hommes qui sont br\u00fbl\u00e9s par elle.<\/p>\n<p>448 pages, 15 x 21 cm;<br \/>\nsoftcover<\/p>\n<\/div>","protected":false},"excerpt":{"rendered":"<p>Le grand classique de la litt\u00e9rature alpine. Alpiniste l\u00e9gendaire, h\u00e9ros de l\u2019Annapurna, Lionel Terray est l\u2019auteur d\u2019une autobiographie qui demeure, aujourd\u2019hui encore, un livre incontournable de la litt\u00e9rature de montagne. Plus qu\u2019un r\u00e9cit d\u2019alpinisme, c\u2019est le livre d\u2019une vie. Une vie marqu\u00e9e par l\u2019engagement pour et par la montagne. Aux critiques de son p\u00e8re qui [&#8230;]\n","protected":false},"featured_media":165327,"template":"","meta":[],"product_brand":[],"product_cat":[21542],"product_tag":[],"class_list":{"0":"post-165326","1":"product","2":"type-product","3":"status-publish","4":"has-post-thumbnail","6":"product_cat-sachbuecher-dokumentationen","7":"pa_autor-terray","8":"pa_erscheinungsjahr-21574","9":"pa_region-frankreich","10":"pa_sprache-fr","12":"first","13":"instock","14":"taxable","15":"shipping-taxable","16":"purchasable","17":"product-type-simple"},"_links":{"self":[{"href":"https:\/\/pizbube.ch\/en\/wp-json\/wp\/v2\/product\/165326","targetHints":{"allow":["GET"]}}],"collection":[{"href":"https:\/\/pizbube.ch\/en\/wp-json\/wp\/v2\/product"}],"about":[{"href":"https:\/\/pizbube.ch\/en\/wp-json\/wp\/v2\/types\/product"}],"wp:featuredmedia":[{"embeddable":true,"href":"https:\/\/pizbube.ch\/en\/wp-json\/wp\/v2\/media\/165327"}],"wp:attachment":[{"href":"https:\/\/pizbube.ch\/en\/wp-json\/wp\/v2\/media?parent=165326"}],"wp:term":[{"taxonomy":"product_brand","embeddable":true,"href":"https:\/\/pizbube.ch\/en\/wp-json\/wp\/v2\/product_brand?post=165326"},{"taxonomy":"product_cat","embeddable":true,"href":"https:\/\/pizbube.ch\/en\/wp-json\/wp\/v2\/product_cat?post=165326"},{"taxonomy":"product_tag","embeddable":true,"href":"https:\/\/pizbube.ch\/en\/wp-json\/wp\/v2\/product_tag?post=165326"}],"curies":[{"name":"wp","href":"https:\/\/api.w.org\/{rel}","templated":true}]}}