{"id":165556,"date":"2023-01-11T13:49:27","date_gmt":"2023-01-11T12:49:27","guid":{"rendered":"https:\/\/pizbube.ch\/?post_type=product&#038;p=165556"},"modified":"2025-09-30T14:58:22","modified_gmt":"2025-09-30T12:58:22","slug":"escalade-dans-les-alpilles","status":"publish","type":"product","link":"https:\/\/pizbube.ch\/en\/shop\/escalade-dans-les-alpilles\/","title":{"rendered":"Escalade dans les Alpilles"},"content":{"rendered":"<p>Aureille, Eygui\u00e8res, Le Paradou, Mouri\u00e8s, Orgon, Saint-R\u00e9my, Tarascon<br \/>\nTopo sur les sites d&#8217;escalade des Alpilles, sud de Avignon<\/p>\n<p>Ce topo recense les 1793 voies d&#8217;escalade des 13 sites r\u00e9partis sur 7 communes. Il est le fruit de la collaboration de nombreux acteurs locaux et du CT13 FFME. La totalit\u00e9 des b\u00e9n\u00e9fices r\u00e9colt\u00e9s par les auteurs sera allou\u00e9e \u00e0 la maintenance des sites d&#8217;escalade du massif des Alpilles et du d\u00e9partement ainsi qu&#8217;aux \u00e9coles d&#8217;escalade des 3 clubs d&#8217;escalade investis dans la gestion des sites des Alpilles. Ceci participe\u00a0\u00e0 la p\u00e9rennisation des sites d&#8217;escalade par la vente de ce topo.<\/p>\n<p>Des sites tr\u00e8s bien \u00e9quip\u00e9 et adapt\u00e9 \u00e0 la pratique des enfants et d\u00e9butants&#8230;<br \/>\nMais pas seulement! Il dispose \u00e9galement de voies en 6 et en 7 capables de calmer quelques vaillants grimpeurs.<\/p>\n<p>L\u2019escalade dans le Parc naturel r\u00e9gional des Alpilles b\u00e9n\u00e9ficie enfin d\u2019un topo officiel r\u00e9alis\u00e9 par la F\u00e9d\u00e9ration Fran\u00e7aise de Montagne et d\u2019Escalade<br \/>\n(FFME), en partenariat avec le Parc des Alpilles pour conjuguer respect de l\u2019environnement et activit\u00e9 de loisirs.<\/p>\n<p>Ce topo\u00a0 participe \u00e0 l&#8217;entretien des sites!<\/p>\n<p>296 Pages<\/p>","protected":false},"excerpt":{"rendered":"<p>Aureille, Eygui\u00e8res, Le Paradou, Mouri\u00e8s, Orgon, Saint-R\u00e9my, Tarascon Topo sur les sites d&#8217;escalade des Alpilles, sud de Avignon Ce topo recense les 1793 voies d&#8217;escalade des 13 sites r\u00e9partis sur 7 communes. Il est le fruit de la collaboration de nombreux acteurs locaux et du CT13 FFME. La totalit\u00e9 des b\u00e9n\u00e9fices r\u00e9colt\u00e9s par les auteurs [&#8230;]\n","protected":false},"featured_media":165557,"template":"","meta":[],"product_brand":[],"product_cat":[21539],"product_tag":[],"class_list":{"0":"post-165556","1":"product","2":"type-product","3":"status-publish","4":"has-post-thumbnail","6":"product_cat-fuehrerliteratur-sportklettern-bouldern","7":"pa_autor-ffme","8":"pa_erscheinungsjahr-27013","9":"pa_region-frankreich","10":"pa_sprache-fr","12":"first","13":"instock","14":"taxable","15":"shipping-taxable","16":"purchasable","17":"product-type-simple"},"_links":{"self":[{"href":"https:\/\/pizbube.ch\/en\/wp-json\/wp\/v2\/product\/165556","targetHints":{"allow":["GET"]}}],"collection":[{"href":"https:\/\/pizbube.ch\/en\/wp-json\/wp\/v2\/product"}],"about":[{"href":"https:\/\/pizbube.ch\/en\/wp-json\/wp\/v2\/types\/product"}],"wp:featuredmedia":[{"embeddable":true,"href":"https:\/\/pizbube.ch\/en\/wp-json\/wp\/v2\/media\/165557"}],"wp:attachment":[{"href":"https:\/\/pizbube.ch\/en\/wp-json\/wp\/v2\/media?parent=165556"}],"wp:term":[{"taxonomy":"product_brand","embeddable":true,"href":"https:\/\/pizbube.ch\/en\/wp-json\/wp\/v2\/product_brand?post=165556"},{"taxonomy":"product_cat","embeddable":true,"href":"https:\/\/pizbube.ch\/en\/wp-json\/wp\/v2\/product_cat?post=165556"},{"taxonomy":"product_tag","embeddable":true,"href":"https:\/\/pizbube.ch\/en\/wp-json\/wp\/v2\/product_tag?post=165556"}],"curies":[{"name":"wp","href":"https:\/\/api.w.org\/{rel}","templated":true}]}}