{"id":165590,"date":"2023-01-13T11:56:02","date_gmt":"2023-01-13T10:56:02","guid":{"rendered":"https:\/\/pizbube.ch\/?post_type=product&#038;p=165590"},"modified":"2023-01-13T11:58:43","modified_gmt":"2023-01-13T10:58:43","slug":"alpenueberquerung-l1-garmisch-brescia","status":"publish","type":"product","link":"https:\/\/pizbube.ch\/en\/shop\/alpenueberquerung-l1-garmisch-brescia\/","title":{"rendered":"Alpen\u00fcberquerung L1 Garmisch &#8211; Brescia"},"content":{"rendered":"<p><span class=\"value\">Mit reiner Muskelkraft vom bayrischen Bier zum italienischen Espresso, dazwischen reichlich Tiroler Kaiserschmarren: Den Traum, die Alpen zu Fu\u00df zu \u00fcberqueren, kennt wohl jeder ambitionierte Bergwanderer. Wer es dabei unterwegs nicht nur einsam, sondern auch anspruchsvoll mag, ist auf dem L1 genau richtig. Der neue Rother Wanderf\u00fchrer stellt mit der \u00bbAlpen\u00fcberquerung L1, Garmisch \u2013 Brescia\u00ab eine Alternative zu den klassischen \u00dcberschreitungen vor und beschreibt neben den 30 Etappen der Hauptroute auch einige spannende Varianten, wie etwa die Besteigung der Zugspitze.<\/span><\/p>\n<p>Rund 430 Kilometer und knapp 30.000 H\u00f6henmeter durch spektakul\u00e4re Landschaften mit idyllischen Almen, tiefen W\u00e4ldern und glitzernden Seen sind zwischen Garmisch-Partenkirchen und Brescia zu bew\u00e4ltigen, dazu schroffe Gipfel mit Felskraxelei und sogar eine Gletscherquerung. Der L1 startet am Fu\u00df der Zugspitze, f\u00fchrt durch das Wettersteingebirge und die Mieminger Kette ins Tiroler Inntal und von dort weiter durch die Stubaier und \u00d6tztaler Alpen \u00fcber den Alpenhauptkamm ins Vinschgau. Letzte alpine H\u00f6hepunkte sind die Ortler- und die Adamellogruppe, bevor sich der L1 durch die sanfteren Gardaseeberge dem Ziel n\u00e4hert. Die Pizza am Domplatz in Brescia ist mehr als verdient &#8230;<\/p>\n<p>Der Autor Christian K. Rupp hat schon mehrere Alpen\u00fcberquerungen absolviert, seine Erfahrung flie\u00dft auch in zahlreiche n\u00fctzliche Tipps zur Vorbereitung einer solchen Unternehmung ein. F\u00fcr jede Etappe gibt es neben der detaillierten Wegbeschreibung alle wichtigen Infos zu Unterk\u00fcnften, Versorgungsm\u00f6glichkeiten und gegebenenfalls \u00d6PNV-Anbindung. So lassen sich die einzelnen Etappen bequem an individuelle Bed\u00fcrfnisse anpassen. H\u00f6henprofile und Wanderk\u00e4rtchen helfen bei der Orientierung, zudem stehen GPS-Tracks zum Download zur Verf\u00fcgung. Viel Wissenswertes zu Land und Leuten sowie wundersch\u00f6ne Fotos runden den Wanderf\u00fchrer perfekt ab.<\/p>\n<p>34 Wanderk\u00e4rtchen im Ma\u00dfstab 1:75.000, 34 Streckenprofile, zwei \u00dcbersichtskarten, GPS-Tracks zum Download<\/p>\n<p>272 Seiten;<br \/>\n1. Auflage 2022<\/p>","protected":false},"excerpt":{"rendered":"<p>Mit reiner Muskelkraft vom bayrischen Bier zum italienischen Espresso, dazwischen reichlich Tiroler Kaiserschmarren: Den Traum, die Alpen zu Fu\u00df zu \u00fcberqueren, kennt wohl jeder ambitionierte Bergwanderer. Wer es dabei unterwegs nicht nur einsam, sondern auch anspruchsvoll mag, ist auf dem L1 genau richtig. Der neue Rother Wanderf\u00fchrer stellt mit der \u00bbAlpen\u00fcberquerung L1, Garmisch \u2013 Brescia\u00ab [&#8230;]\n","protected":false},"featured_media":165591,"template":"","meta":[],"product_brand":[],"product_cat":[21605],"product_tag":[],"class_list":{"0":"post-165590","1":"product","2":"type-product","3":"status-publish","4":"has-post-thumbnail","6":"product_cat-wanderfuehrer-trekking","7":"pa_autor-rupp","8":"pa_erscheinungsjahr-27013","9":"pa_region-italien","10":"pa_region-oesterreich","11":"pa_sprache-de","13":"first","14":"instock","15":"taxable","16":"shipping-taxable","17":"purchasable","18":"product-type-simple"},"_links":{"self":[{"href":"https:\/\/pizbube.ch\/en\/wp-json\/wp\/v2\/product\/165590","targetHints":{"allow":["GET"]}}],"collection":[{"href":"https:\/\/pizbube.ch\/en\/wp-json\/wp\/v2\/product"}],"about":[{"href":"https:\/\/pizbube.ch\/en\/wp-json\/wp\/v2\/types\/product"}],"wp:featuredmedia":[{"embeddable":true,"href":"https:\/\/pizbube.ch\/en\/wp-json\/wp\/v2\/media\/165591"}],"wp:attachment":[{"href":"https:\/\/pizbube.ch\/en\/wp-json\/wp\/v2\/media?parent=165590"}],"wp:term":[{"taxonomy":"product_brand","embeddable":true,"href":"https:\/\/pizbube.ch\/en\/wp-json\/wp\/v2\/product_brand?post=165590"},{"taxonomy":"product_cat","embeddable":true,"href":"https:\/\/pizbube.ch\/en\/wp-json\/wp\/v2\/product_cat?post=165590"},{"taxonomy":"product_tag","embeddable":true,"href":"https:\/\/pizbube.ch\/en\/wp-json\/wp\/v2\/product_tag?post=165590"}],"curies":[{"name":"wp","href":"https:\/\/api.w.org\/{rel}","templated":true}]}}