{"id":165665,"date":"2023-01-18T10:51:59","date_gmt":"2023-01-18T09:51:59","guid":{"rendered":"https:\/\/pizbube.ch\/?post_type=product&#038;p=165665"},"modified":"2023-01-18T11:45:40","modified_gmt":"2023-01-18T10:45:40","slug":"escalades-givrees-aux-pyrenees-vol-1","status":"publish","type":"product","link":"https:\/\/pizbube.ch\/en\/shop\/escalades-givrees-aux-pyrenees-vol-1\/","title":{"rendered":"Escalades givr\u00e9es aux Pyr\u00e9n\u00e9es Vol. 1"},"content":{"rendered":"<div class=\"x11i5rnm xat24cr x1mh8g0r x1vvkbs xdj266r\">\n<p>Seconde \u00e9dition augment\u00e9e du topoguide Escalades Givr\u00e9es aux Pyr\u00e9n\u00e9es. Une version sera plus \u00e9toff\u00e9e (40 voies ajout\u00e9es entre ouvertures et compl\u00e9ments) pour presque 400 pages de pyr\u00e9n\u00e9isme hivernal. Plus \u00e9pais donc mais aussi plus beau avec une impression 5 couleurs sur papier offset.<\/p>\n<\/div>\n<div><\/div>\n<div class=\"x11i5rnm xat24cr x1mh8g0r x1vvkbs xdj266r\">La zone g\u00e9ographique concern\u00e9e se cantonne (si l\u2019on peut dire !) aux Pyr\u00e9n\u00e9es Centrales : cot\u00e9 France, de la vall\u00e9e de Campan au Luchonnais ; cot\u00e9 Espagne, de la vall\u00e9e du Cinca au val d\u2019Aran et la Ribagor\u00e7ana.<\/div>\n<div><\/div>\n<div class=\"x11i5rnm xat24cr x1mh8g0r x1vvkbs xdj266r\">Au total, environ 250 voies hivernales (du PD au ED sup)et cascades \/ dry d\u00e9crites (du WI 3 au 7) dont une large proportion de voies r\u00e9centes. L\u2019id\u00e9e \u00e9tant de proposer un ouvrage o\u00f9 chaque pratiquant, confirm\u00e9 ou n\u00e9ophyte, puisse trouver des informations et\/ou des inspirations pour guider ses pas en montagne.<\/div>\n<div><\/div>\n<div class=\"x11i5rnm xat24cr x1mh8g0r x1vvkbs xtlvy1s\">&#8211; 392 pages \/ impression offset \u00e0 1000 exemplaires &#8211; couverture : papier couch\u00e9 moderne satin\u00e9 PEFC 350 g\/m2 &#8211; int\u00e9rieur : papier offset PEFC 120 g\/m2 &#8211; format A5 (148 x 210 mm) paysage \/impression quadrichromie int\u00e9grale + 1 ton direct Pantone \/ reliure dos brochure cousue \/ couverture pelliculage mat.<\/div>","protected":false},"excerpt":{"rendered":"<p>Seconde \u00e9dition augment\u00e9e du topoguide Escalades Givr\u00e9es aux Pyr\u00e9n\u00e9es. Une version sera plus \u00e9toff\u00e9e (40 voies ajout\u00e9es entre ouvertures et compl\u00e9ments) pour presque 400 pages de pyr\u00e9n\u00e9isme hivernal. Plus \u00e9pais donc mais aussi plus beau avec une impression 5 couleurs sur papier offset. La zone g\u00e9ographique concern\u00e9e se cantonne (si l\u2019on peut dire !) aux [&#8230;]\n","protected":false},"featured_media":165666,"template":"","meta":[],"product_brand":[],"product_cat":[21540],"product_tag":[],"class_list":{"0":"post-165665","1":"product","2":"type-product","3":"status-publish","4":"has-post-thumbnail","6":"product_cat-fuehrerliteratur-alpin-winter","7":"pa_autor-perrin","8":"pa_erscheinungsjahr-27013","9":"pa_region-frankreich","10":"pa_region-spanien","11":"pa_sprache-fr","13":"first","14":"instock","15":"taxable","16":"shipping-taxable","17":"purchasable","18":"product-type-simple"},"_links":{"self":[{"href":"https:\/\/pizbube.ch\/en\/wp-json\/wp\/v2\/product\/165665","targetHints":{"allow":["GET"]}}],"collection":[{"href":"https:\/\/pizbube.ch\/en\/wp-json\/wp\/v2\/product"}],"about":[{"href":"https:\/\/pizbube.ch\/en\/wp-json\/wp\/v2\/types\/product"}],"wp:featuredmedia":[{"embeddable":true,"href":"https:\/\/pizbube.ch\/en\/wp-json\/wp\/v2\/media\/165666"}],"wp:attachment":[{"href":"https:\/\/pizbube.ch\/en\/wp-json\/wp\/v2\/media?parent=165665"}],"wp:term":[{"taxonomy":"product_brand","embeddable":true,"href":"https:\/\/pizbube.ch\/en\/wp-json\/wp\/v2\/product_brand?post=165665"},{"taxonomy":"product_cat","embeddable":true,"href":"https:\/\/pizbube.ch\/en\/wp-json\/wp\/v2\/product_cat?post=165665"},{"taxonomy":"product_tag","embeddable":true,"href":"https:\/\/pizbube.ch\/en\/wp-json\/wp\/v2\/product_tag?post=165665"}],"curies":[{"name":"wp","href":"https:\/\/api.w.org\/{rel}","templated":true}]}}