{"id":165674,"date":"2023-01-18T11:21:40","date_gmt":"2023-01-18T10:21:40","guid":{"rendered":"https:\/\/pizbube.ch\/?post_type=product&#038;p=165674"},"modified":"2023-01-18T11:21:40","modified_gmt":"2023-01-18T10:21:40","slug":"zur-psychologie-des-bergsteigens","status":"publish","type":"product","link":"https:\/\/pizbube.ch\/en\/shop\/zur-psychologie-des-bergsteigens\/","title":{"rendered":"Zur Psychologie des Bergsteigens"},"content":{"rendered":"<p>Dieses Buch ist auch ein \u00bbBergbuch\u00ab. Aber zugleich weit mehr. Im Gegensatz zu der seit einiger Zeit massenhaft publizierten Bergliteratur verzichtet es weitgehend auf die Darstellung von \u00bbGipfelsiegen\u00ab und den dazu ersonnenen Klettertechniken. Das mit dem Literaturpreis des Deutschen Alpenvereins ausgezeichnete Buch besch\u00e4ftigt sich vielmehr mit den vielf\u00e4ltigen Motivationen des Bergsteigens, die in der gel\u00e4ufigen Alpinliteratur so gut wie nicht auftauchen.<\/p>\n<p>Warum steigen Menschen, vor allem aus \u00bbWohlstandsl\u00e4ndern\u00ab, in die Berge, in diese lebensfeindlichen, st\u00e4ndig mit t\u00f6dlichen Gefahren drohenden Fels- und Eisw\u00fcsten, die zu erklettern fr\u00fcheren Menschen nicht im Traum eingefallen w\u00e4re? Warum nehmen sie f\u00fcr dieses omin\u00f6se \u00bbGipfelgl\u00fcck\u00ab Strapazen auf sich, die an k\u00f6rperliche und geistige Folter erinnern?<\/p>\n<p>Ulrich Aufmuth, selbst Bergsteiger, hat aus Berichten bekannter Bergsteiger und aus eigenen Erfahrungen am Berg eine F\u00fclle psychischer Antriebskr\u00e4fte erschlossen, die zum Teil durch Erfahrungen der fr\u00fchen Kindheit bedingt sind. Das Bergerlebnis erscheint bei Aufmuth als Versuch, mit unbew\u00e4ltigten Erfahrungen, mit Tod, Verlassenheit, Liebesverlust, fertigzuwerden, auch als Versuch, die Angst, das zentrale Thema aller Bergsteiger, sozusagen kontraphobisch zu bew\u00e4ltigen. Ein Buch f\u00fcr alle, die es in die Berge zieht, aber vor allem auch f\u00fcr den psychologisch Interessierten.<\/p>","protected":false},"excerpt":{"rendered":"<p>Dieses Buch ist auch ein \u00bbBergbuch\u00ab. Aber zugleich weit mehr. Im Gegensatz zu der seit einiger Zeit massenhaft publizierten Bergliteratur verzichtet es weitgehend auf die Darstellung von \u00bbGipfelsiegen\u00ab und den dazu ersonnenen Klettertechniken. Das mit dem Literaturpreis des Deutschen Alpenvereins ausgezeichnete Buch besch\u00e4ftigt sich vielmehr mit den vielf\u00e4ltigen Motivationen des Bergsteigens, die in der gel\u00e4ufigen [&#8230;]\n","protected":false},"featured_media":165678,"template":"","meta":[],"product_brand":[],"product_cat":[21580,21542],"product_tag":[],"class_list":{"0":"post-165674","1":"product","2":"type-product","3":"status-publish","4":"has-post-thumbnail","6":"product_cat-kunst-kultur","7":"product_cat-sachbuecher-dokumentationen","8":"pa_autor-aufmuth","9":"pa_erscheinungsjahr-21574","10":"pa_region-deutschland","11":"pa_sprache-de","13":"first","14":"instock","15":"taxable","16":"shipping-taxable","17":"purchasable","18":"product-type-simple"},"_links":{"self":[{"href":"https:\/\/pizbube.ch\/en\/wp-json\/wp\/v2\/product\/165674","targetHints":{"allow":["GET"]}}],"collection":[{"href":"https:\/\/pizbube.ch\/en\/wp-json\/wp\/v2\/product"}],"about":[{"href":"https:\/\/pizbube.ch\/en\/wp-json\/wp\/v2\/types\/product"}],"wp:featuredmedia":[{"embeddable":true,"href":"https:\/\/pizbube.ch\/en\/wp-json\/wp\/v2\/media\/165678"}],"wp:attachment":[{"href":"https:\/\/pizbube.ch\/en\/wp-json\/wp\/v2\/media?parent=165674"}],"wp:term":[{"taxonomy":"product_brand","embeddable":true,"href":"https:\/\/pizbube.ch\/en\/wp-json\/wp\/v2\/product_brand?post=165674"},{"taxonomy":"product_cat","embeddable":true,"href":"https:\/\/pizbube.ch\/en\/wp-json\/wp\/v2\/product_cat?post=165674"},{"taxonomy":"product_tag","embeddable":true,"href":"https:\/\/pizbube.ch\/en\/wp-json\/wp\/v2\/product_tag?post=165674"}],"curies":[{"name":"wp","href":"https:\/\/api.w.org\/{rel}","templated":true}]}}