{"id":165683,"date":"2023-01-18T14:39:53","date_gmt":"2023-01-18T13:39:53","guid":{"rendered":"https:\/\/pizbube.ch\/?post_type=product&#038;p=165683"},"modified":"2023-01-18T14:39:53","modified_gmt":"2023-01-18T13:39:53","slug":"gredos-escalada-en-hielo-nieve-y-mixto","status":"publish","type":"product","link":"https:\/\/pizbube.ch\/en\/shop\/gredos-escalada-en-hielo-nieve-y-mixto\/","title":{"rendered":"Gredos &#8211; Escalada en hielo, nieve y mixto"},"content":{"rendered":"<p>Esta gu\u00eda pretende abrir de par en par la puerta de Gredos a los alpinistas que suelen acudir a su cita invernal con asiduidad para disfrutar de sus cascadas de hielo y corredores nevados, con casi 400 v\u00edas a lo largo de sus 120 km de longitud. Del total de itinerarios rese\u00f1ados, los autores han seleccionado 111 que, bajo su criterio, son muy recomendables, incluyendo una breve descripci\u00f3n y con informaci\u00f3n adicional sobre los croquis.<\/p>\n<p>Desde itinerarios cl\u00e1sicos hasta otros muchos que esperan su primera repetici\u00f3n, Gredos es un escenario noble y razonablemente seguro, en el que, sin tener que recurrir a largos y poco sostenibles viajes, el esp\u00edritu de aventura, el compromiso y la soledad de la cordada, a\u00fan sobreviven.<br \/>\nEn resumen, alpinismo sostenible, de compromiso, de aventura, solitario y en un entorno que favorece la seguridad. Gredos es todo un regalo de la naturaleza, tambi\u00e9n en invierno.<\/p>\n<p>Encuadernaci\u00f3n:R\u00fastica<br \/>\nDimensiones: 14 cm x 21 cm<br \/>\nN\u00ba P\u00e1g.:112<\/p>","protected":false},"excerpt":{"rendered":"<p>Esta gu\u00eda pretende abrir de par en par la puerta de Gredos a los alpinistas que suelen acudir a su cita invernal con asiduidad para disfrutar de sus cascadas de hielo y corredores nevados, con casi 400 v\u00edas a lo largo de sus 120 km de longitud. Del total de itinerarios rese\u00f1ados, los autores han [&#8230;]\n","protected":false},"featured_media":165684,"template":"","meta":[],"product_brand":[],"product_cat":[21540],"product_tag":[],"class_list":{"0":"post-165683","1":"product","2":"type-product","3":"status-publish","4":"has-post-thumbnail","6":"product_cat-fuehrerliteratur-alpin-winter","7":"pa_autor-callejo","8":"pa_autor-lora","9":"pa_region-spanien","10":"pa_sprache-es","12":"first","13":"instock","14":"taxable","15":"shipping-taxable","16":"purchasable","17":"product-type-simple"},"_links":{"self":[{"href":"https:\/\/pizbube.ch\/en\/wp-json\/wp\/v2\/product\/165683","targetHints":{"allow":["GET"]}}],"collection":[{"href":"https:\/\/pizbube.ch\/en\/wp-json\/wp\/v2\/product"}],"about":[{"href":"https:\/\/pizbube.ch\/en\/wp-json\/wp\/v2\/types\/product"}],"wp:featuredmedia":[{"embeddable":true,"href":"https:\/\/pizbube.ch\/en\/wp-json\/wp\/v2\/media\/165684"}],"wp:attachment":[{"href":"https:\/\/pizbube.ch\/en\/wp-json\/wp\/v2\/media?parent=165683"}],"wp:term":[{"taxonomy":"product_brand","embeddable":true,"href":"https:\/\/pizbube.ch\/en\/wp-json\/wp\/v2\/product_brand?post=165683"},{"taxonomy":"product_cat","embeddable":true,"href":"https:\/\/pizbube.ch\/en\/wp-json\/wp\/v2\/product_cat?post=165683"},{"taxonomy":"product_tag","embeddable":true,"href":"https:\/\/pizbube.ch\/en\/wp-json\/wp\/v2\/product_tag?post=165683"}],"curies":[{"name":"wp","href":"https:\/\/api.w.org\/{rel}","templated":true}]}}