{"id":165719,"date":"2023-01-19T15:29:30","date_gmt":"2023-01-19T14:29:30","guid":{"rendered":"https:\/\/pizbube.ch\/?post_type=product&#038;p=165719"},"modified":"2024-10-11T11:09:14","modified_gmt":"2024-10-11T09:09:14","slug":"pennavalley-climbing-sportklettern-im-hinterland-von-albenga-val-neva-val-pennavaire","status":"publish","type":"product","link":"https:\/\/pizbube.ch\/en\/shop\/pennavalley-climbing-sportklettern-im-hinterland-von-albenga-val-neva-val-pennavaire\/","title":{"rendered":"PENNAVALLEY climbing &#8211; Sportklettern im Hinterland von Albenga: Val Neva, Val Pennavaire"},"content":{"rendered":"<p>Im Hinterland von Albenga, nicht weit entfernt von Finale Ligure, gibt es ein noch unber\u00fchrtes Tal, reich an Kirschb\u00e4umen, Olivenhainen, Pilzen und Tr\u00fcffeln: ein biologischer Reichtum, der dem Pennavaire zu verdanken ist, der Fluss, der sich hier durch das wilde und \u00fcberbordende Gr\u00fcn schl\u00e4ngelt. Ein dichtes Wegenetz verbindet die einzelnen Weiler, umgeben von W\u00e4ldern, mittelalterlichen D\u00f6rfern und Br\u00fccken aus l\u00e4ngst vergangenen Zeiten.<\/p>\n<p>Wenn ihr die Nase voll habt von \u00fcberf\u00fcllten Kletterg\u00e4rten, vollen Parkpl\u00e4tzen, Strafzetteln und Anwohnern, die euch wie eine Horde R\u00fcpel betrachtet, dann ist dieser Ort genau der richtige f\u00fcr euch!<\/p>\n<p>Die wenigen Anwohner hier sehen im Klettern noch eine M\u00f6glichkeit f\u00fcr Weiterentwicklung und die Gast- freundschaft ist wirklich fantastisch. Hier kann man sich noch im endlosen Gr\u00fcn verlaufen, ohne jemals einer Menschenseele zu treffen, hier kann man noch nackt in den Fluss springen und dabei entdecken, dass man h\u00f6chstens von einer Gams beobachtet wird. Und die Kletterg\u00e4rten sind traumhaft. Modernes Sportklettern, lange ausdauernde Routen, gut und modern gesichert, auch weil diese Gegend erst relativ sp\u00e4t entdeckt worden ist. Die ersten Kletterg\u00e4rten liegen in der Gegend rund um Castelbianco, darunter Terminal und Erboristeria, im oberen Tal st\u00f6\u00dft man auf die neusten Schmuckst\u00fccke nahe dem Ortsteil Alto.<\/p>\n<p>Hier entwickelen sich die extremen Schwierigkeitsgrade Liguriens und es kann leicht sein, dass man auf den ein oder anderen Weltklassekletterer trifft, der sein K\u00f6nnen in f\u00fcr uns unm\u00f6glichen Linien auf die Probe stellt.<\/p>\n<p>400 Seiten, 15,00 \u00d7 21,00 cm<\/p>","protected":false},"excerpt":{"rendered":"<p>Im Hinterland von Albenga, nicht weit entfernt von Finale Ligure, gibt es ein noch unber\u00fchrtes Tal, reich an Kirschb\u00e4umen, Olivenhainen, Pilzen und Tr\u00fcffeln: ein biologischer Reichtum, der dem Pennavaire zu verdanken ist, der Fluss, der sich hier durch das wilde und \u00fcberbordende Gr\u00fcn schl\u00e4ngelt. Ein dichtes Wegenetz verbindet die einzelnen Weiler, umgeben von W\u00e4ldern, mittelalterlichen [&#8230;]\n","protected":false},"featured_media":165720,"template":"","meta":[],"product_brand":[],"product_cat":[21539],"product_tag":[27442,27443],"class_list":{"0":"post-165719","1":"product","2":"type-product","3":"status-publish","4":"has-post-thumbnail","6":"product_cat-fuehrerliteratur-sportklettern-bouldern","7":"product_tag-oltre-finale","8":"product_tag-oltrefinale","9":"pa_autor-gambaro","10":"pa_erscheinungsjahr-27013","11":"pa_region-italien","12":"pa_sprache-de","14":"first","15":"instock","16":"taxable","17":"shipping-taxable","18":"purchasable","19":"product-type-simple"},"_links":{"self":[{"href":"https:\/\/pizbube.ch\/en\/wp-json\/wp\/v2\/product\/165719","targetHints":{"allow":["GET"]}}],"collection":[{"href":"https:\/\/pizbube.ch\/en\/wp-json\/wp\/v2\/product"}],"about":[{"href":"https:\/\/pizbube.ch\/en\/wp-json\/wp\/v2\/types\/product"}],"wp:featuredmedia":[{"embeddable":true,"href":"https:\/\/pizbube.ch\/en\/wp-json\/wp\/v2\/media\/165720"}],"wp:attachment":[{"href":"https:\/\/pizbube.ch\/en\/wp-json\/wp\/v2\/media?parent=165719"}],"wp:term":[{"taxonomy":"product_brand","embeddable":true,"href":"https:\/\/pizbube.ch\/en\/wp-json\/wp\/v2\/product_brand?post=165719"},{"taxonomy":"product_cat","embeddable":true,"href":"https:\/\/pizbube.ch\/en\/wp-json\/wp\/v2\/product_cat?post=165719"},{"taxonomy":"product_tag","embeddable":true,"href":"https:\/\/pizbube.ch\/en\/wp-json\/wp\/v2\/product_tag?post=165719"}],"curies":[{"name":"wp","href":"https:\/\/api.w.org\/{rel}","templated":true}]}}