{"id":165738,"date":"2023-01-20T12:30:02","date_gmt":"2023-01-20T11:30:02","guid":{"rendered":"https:\/\/pizbube.ch\/?post_type=product&#038;p=165738"},"modified":"2026-03-25T11:46:09","modified_gmt":"2026-03-25T10:46:09","slug":"skitourenfuehrer-suedtirol-band-3-vinschgau-ortler-cevedale-sarntaler-alpen","status":"publish","type":"product","link":"https:\/\/pizbube.ch\/en\/shop\/skitourenfuehrer-suedtirol-band-3-vinschgau-ortler-cevedale-sarntaler-alpen\/","title":{"rendered":"Skitourenf\u00fchrer S\u00fcdtirol Band 3 &#8211; Vinschgau, Ortler, Cevedale, Sarntaler Alpen"},"content":{"rendered":"<p>Jan Piepenstock &#8211; Autor der Panico Skitourenf\u00fchrer Silvretta und \u00d6tztaler Alpen &#8211; und Martin Schwienbacher haben sich der Mammutaufgabe angenommen: die ausf\u00fchrliche Beschreibung der Skitourenm\u00f6glichkeiten in den Ortleralpen und des Vinschgaus.<\/p>\n<p>Seit Rudolf Weiss kultigem Ortler-Skif\u00fchrer beschreibungstechnisch fast ein Niemandsland. Und das, obwohl zwischen dem Reschenpass und Bozen unz\u00e4hlige Schmankerln auf den Hochtourist mit Skiern warten. Cevedale, K\u00f6nigsspitze, Wei\u00dfkugel &#8211; bei diesen Namen beginnen die Augen von Schneeafficionados zu leuchten. Und die beiden Autoren beweisen mit ihrem Skitourenatlas auf eindrucksvolle Art: es gibt noch unz\u00e4hlige weitere Skitourenberge die nur darauf warten entdeckt zu werden.<\/p>\n<p>Panico-typisch der Aufbau und die Qualit\u00e4t der Informationen: Gegliedert nach Ausgangspunkten und T\u00e4lern, Informationen zur Anreise mit \u00d6PNV und PKW, Beschreibung aller relevanten H\u00fctten-Ausgangspunkte. S\u00e4mtliche Touren werden verbal beschrieben, aussagekr\u00e4ftige Bilder &#8211; Tourenfotos und zahlreiche Luftbilder &#8211; mit eingezeichneten Routenlinien helfen in der Planungsphase und auf Tour die richtige Spur zu finden.<\/p>\n<p>Last but not least: mit dem beiliegenden Downloadcode k\u00f6nnen die GPS-Tracks der Routen heruntergeladen werden.<\/p>\n<p>Die Tourenplanung kann bald beginnen!<\/p>\n<div id=\"product_destinations_tab\" class=\"data item content\" role=\"tabpanel\" data-role=\"content\" aria-labelledby=\"tab-label-product_destinations_tab\" aria-hidden=\"false\">\n<div class=\"\">Pflerschtal<\/div>\n<div class=\"\">Ridnauntal<\/div>\n<div class=\"\">Ratschings- &amp; Jaufental<\/div>\n<div class=\"\">Penser Tal<\/div>\n<div class=\"\">Durnholzer Tal<\/div>\n<div class=\"\">\u00d6stliche Sarntaler Alpen<\/div>\n<div class=\"\">Proveis<\/div>\n<div class=\"\">Ulten<\/div>\n<div class=\"\">Martelltal<\/div>\n<div class=\"\">Sulden, Trafoi, Stilfser Joch<\/div>\n<div class=\"\">Taufers und Schlinig<\/div>\n<div class=\"\">Rojen und Reschen<\/div>\n<div class=\"\">Graun und Planeil<\/div>\n<div class=\"\">Langtauferer Tal<\/div>\n<div class=\"\">Wei\u00dfkugelh\u00fctte<\/div>\n<div class=\"\">Matschertal<\/div>\n<div class=\"\">Schnalstal<\/div>\n<div class=\"\">Vorderpasseier<\/div>\n<div class=\"\">Pfelders<\/div>\n<div class=\"\">Hinterpasseier<\/div>\n<\/div>\n<p>1. Auflage 2023, 432 Seiten, 120 x 185 mm, Softcover, komplett 4 Farbig<\/p>","protected":false},"excerpt":{"rendered":"<p><strong><a href=\"https:\/\/pizbube.ch\/wp-content\/uploads\/2023\/01\/Leseprobe_Skitourenfuehrer_Suedtirol_Vinschgau_Ortler_Cevedale.pdf\" target=\"_blank\" rel=\"noopener\">Leseprobe_Skitourenfuehrer_Suedtirol_Vinschgau_Ortler_Cevedale<\/a><\/strong><\/p>","protected":false},"featured_media":165739,"template":"","meta":[],"product_brand":[],"product_cat":[21540],"product_tag":[],"class_list":{"0":"post-165738","1":"product","2":"type-product","3":"status-publish","4":"has-post-thumbnail","6":"product_cat-fuehrerliteratur-alpin-winter","7":"pa_autor-piepenstock","8":"pa_autor-schwienbacher","9":"pa_erscheinungsjahr-27129","10":"pa_region-italien","11":"pa_sprache-de","13":"first","14":"instock","15":"taxable","16":"shipping-taxable","17":"purchasable","18":"product-type-simple"},"_links":{"self":[{"href":"https:\/\/pizbube.ch\/en\/wp-json\/wp\/v2\/product\/165738","targetHints":{"allow":["GET"]}}],"collection":[{"href":"https:\/\/pizbube.ch\/en\/wp-json\/wp\/v2\/product"}],"about":[{"href":"https:\/\/pizbube.ch\/en\/wp-json\/wp\/v2\/types\/product"}],"wp:featuredmedia":[{"embeddable":true,"href":"https:\/\/pizbube.ch\/en\/wp-json\/wp\/v2\/media\/165739"}],"wp:attachment":[{"href":"https:\/\/pizbube.ch\/en\/wp-json\/wp\/v2\/media?parent=165738"}],"wp:term":[{"taxonomy":"product_brand","embeddable":true,"href":"https:\/\/pizbube.ch\/en\/wp-json\/wp\/v2\/product_brand?post=165738"},{"taxonomy":"product_cat","embeddable":true,"href":"https:\/\/pizbube.ch\/en\/wp-json\/wp\/v2\/product_cat?post=165738"},{"taxonomy":"product_tag","embeddable":true,"href":"https:\/\/pizbube.ch\/en\/wp-json\/wp\/v2\/product_tag?post=165738"}],"curies":[{"name":"wp","href":"https:\/\/api.w.org\/{rel}","templated":true}]}}