{"id":165796,"date":"2023-01-24T14:27:09","date_gmt":"2023-01-24T13:27:09","guid":{"rendered":"https:\/\/pizbube.ch\/?post_type=product&#038;p=165796"},"modified":"2023-01-24T14:31:53","modified_gmt":"2023-01-24T13:31:53","slug":"skitouren-am-dachstein","status":"publish","type":"product","link":"https:\/\/pizbube.ch\/en\/shop\/skitouren-am-dachstein\/","title":{"rendered":"Skitouren am Dachstein"},"content":{"rendered":"<p>Vom Grimming bis zum Gosaukamm<\/p>\n<p>Der erste und einzige Skitourenf\u00fchrer f\u00fcr das gesamte Dachsteingebirge<\/p>\n<p>Dieses aufw\u00e4ndig gestaltete Guidebook bringt erstmals die ganze Vielfalt der Tourenm\u00f6glichkeiten rund um diesen m\u00e4chtigen Bergstock im Herzen \u00d6sterreichs. Die Autoren, allesamt ausgewiesene Gebietskenner und erfahrene Tourenguides, beschreiben darin \u00fcber 100 Tourenziele am Dachstein, von einfacheren Skirouten f\u00fcr Einsteiger und Genie\u00dfer bis hin zu sportlich herausfordernden Steilrinnen und einsamen Karen.<br \/>\nKlar in geografisch logische Kapitel gegliedert, werden alle Ziele grafisch anschaulich mit den wichtigsten Merkmalen (H\u00f6henmeter, Hangneigung, Exposition, Schwierigkeit, Dauer, Ausgangspunkt, scanbar als QR-Code etc.) pr\u00e4sentiert. Detaillierte Routenbeschreibungen mit Kartenausschnitten sowie hochwertige \u00dcbersichtsbilder mit eingezeichnetem Routenverlauf erm\u00f6glichen die pers\u00f6nliche Tourengestaltung. Entstanden ist so ein moderner, ebenso informativer wie animierender Tourenf\u00fchrer, der keine W\u00fcnsche offen l\u00e4sst.<\/p>\n<p>Tipps:<br \/>\nQualit\u00e4t: aktuell recherchierte Tourenbeschreibungen, illustriert mit hochwertigen \u00dcbersichts- und Detailfotos sowie topographischen Karten<br \/>\nRisikobewusstsein: Gefahrenstellen, typische Lawinenprobleme und Anforderungen an Kondition und Technik werden eigens dargestellt<br \/>\nVielfalt: Touren mit lohnenden Abfahrten in allen Schwierigkeitsgraden, auch wenig bekannte und selten begangene extremere Ziele<\/p>\n<p>384 Seiten; 316 farb. Abb. und 20 topographische Karten mit eingezeichnetem Routenverlauf sowie 1 \u00dcbersichtskarte; 21 cm x 14.5 cm<br \/>\nSprache Deutsch<br \/>\n1. Auflage<\/p>","protected":false},"excerpt":{"rendered":"<p>Vom Grimming bis zum Gosaukamm Der erste und einzige Skitourenf\u00fchrer f\u00fcr das gesamte Dachsteingebirge Dieses aufw\u00e4ndig gestaltete Guidebook bringt erstmals die ganze Vielfalt der Tourenm\u00f6glichkeiten rund um diesen m\u00e4chtigen Bergstock im Herzen \u00d6sterreichs. Die Autoren, allesamt ausgewiesene Gebietskenner und erfahrene Tourenguides, beschreiben darin \u00fcber 100 Tourenziele am Dachstein, von einfacheren Skirouten f\u00fcr Einsteiger und Genie\u00dfer [&#8230;]\n","protected":false},"featured_media":165797,"template":"","meta":[],"product_brand":[],"product_cat":[21540],"product_tag":[],"class_list":{"0":"post-165796","1":"product","2":"type-product","3":"status-publish","4":"has-post-thumbnail","6":"product_cat-fuehrerliteratur-alpin-winter","7":"pa_autor-maurer-bremm-grandy-zechmeister","8":"pa_erscheinungsjahr-27013","9":"pa_region-oesterreich","10":"pa_sprache-de","12":"first","13":"instock","14":"taxable","15":"shipping-taxable","16":"purchasable","17":"product-type-simple"},"_links":{"self":[{"href":"https:\/\/pizbube.ch\/en\/wp-json\/wp\/v2\/product\/165796","targetHints":{"allow":["GET"]}}],"collection":[{"href":"https:\/\/pizbube.ch\/en\/wp-json\/wp\/v2\/product"}],"about":[{"href":"https:\/\/pizbube.ch\/en\/wp-json\/wp\/v2\/types\/product"}],"wp:featuredmedia":[{"embeddable":true,"href":"https:\/\/pizbube.ch\/en\/wp-json\/wp\/v2\/media\/165797"}],"wp:attachment":[{"href":"https:\/\/pizbube.ch\/en\/wp-json\/wp\/v2\/media?parent=165796"}],"wp:term":[{"taxonomy":"product_brand","embeddable":true,"href":"https:\/\/pizbube.ch\/en\/wp-json\/wp\/v2\/product_brand?post=165796"},{"taxonomy":"product_cat","embeddable":true,"href":"https:\/\/pizbube.ch\/en\/wp-json\/wp\/v2\/product_cat?post=165796"},{"taxonomy":"product_tag","embeddable":true,"href":"https:\/\/pizbube.ch\/en\/wp-json\/wp\/v2\/product_tag?post=165796"}],"curies":[{"name":"wp","href":"https:\/\/api.w.org\/{rel}","templated":true}]}}