{"id":165822,"date":"2023-01-25T15:28:12","date_gmt":"2023-01-25T14:28:12","guid":{"rendered":"https:\/\/pizbube.ch\/?post_type=product&#038;p=165822"},"modified":"2023-01-25T15:28:12","modified_gmt":"2023-01-25T14:28:12","slug":"wanderfuehrer-neuseeland-nordinsel-23-wanderungen-zwischen-kuesten-und-vulkanen","status":"publish","type":"product","link":"https:\/\/pizbube.ch\/en\/shop\/wanderfuehrer-neuseeland-nordinsel-23-wanderungen-zwischen-kuesten-und-vulkanen\/","title":{"rendered":"Wanderf\u00fchrer Neuseeland Nordinsel \u2013 23 Wanderungen zwischen K\u00fcsten und Vulkanen"},"content":{"rendered":"<p>Wer an Wandern in Neuseeland denkt, dem fallen meistens als Erstes die imposanten Landschaften auf der S\u00fcdinsel ein. Aber auch die Nordinsel hat viel zu bieten: Vulkangebiete, wilde K\u00fcsten, romantische Seen und urspr\u00fcngliche W\u00e4lder laden zum Erkunden ein.<\/p>\n<p>In diesem Buch werden 23 Tages- und Halbtagestouren unterschiedlichen Schwierigkeitsgrades und unterschiedlicher L\u00e4nge vorgestellt. Neben bekannten Routen wie dem Tongariro Alpine Crossing finden sich auch viele unbekanntere, aber landschaftlich ebenso attraktive Wege auf Neuseelands Nordinsel.<\/p>\n<p>Zu jedem Weg liefert das Buch eine detaillierte Beschreibung mit Karte, H\u00f6henprofil und GPS-Track. Ein \u00fcbersichtlicher Info-Block fasst Hinweise zu Wegl\u00e4nge, Anreise usw. zusammen und gibt Tipps zum Wandern mit Kind.<\/p>\n<p>1. Auflage 2023;<br \/>\n160 Seiten<\/p>","protected":false},"excerpt":{"rendered":"<p>Wer an Wandern in Neuseeland denkt, dem fallen meistens als Erstes die imposanten Landschaften auf der S\u00fcdinsel ein. Aber auch die Nordinsel hat viel zu bieten: Vulkangebiete, wilde K\u00fcsten, romantische Seen und urspr\u00fcngliche W\u00e4lder laden zum Erkunden ein. In diesem Buch werden 23 Tages- und Halbtagestouren unterschiedlichen Schwierigkeitsgrades und unterschiedlicher L\u00e4nge vorgestellt. Neben bekannten Routen [&#8230;]\n","protected":false},"featured_media":165823,"template":"","meta":[],"product_brand":[],"product_cat":[21605],"product_tag":[],"class_list":{"0":"post-165822","1":"product","2":"type-product","3":"status-publish","4":"has-post-thumbnail","6":"product_cat-wanderfuehrer-trekking","7":"pa_autor-hueske","8":"pa_erscheinungsjahr-27129","9":"pa_region-neuseeland","10":"pa_sprache-de","12":"first","13":"instock","14":"taxable","15":"shipping-taxable","16":"purchasable","17":"product-type-simple"},"_links":{"self":[{"href":"https:\/\/pizbube.ch\/en\/wp-json\/wp\/v2\/product\/165822","targetHints":{"allow":["GET"]}}],"collection":[{"href":"https:\/\/pizbube.ch\/en\/wp-json\/wp\/v2\/product"}],"about":[{"href":"https:\/\/pizbube.ch\/en\/wp-json\/wp\/v2\/types\/product"}],"wp:featuredmedia":[{"embeddable":true,"href":"https:\/\/pizbube.ch\/en\/wp-json\/wp\/v2\/media\/165823"}],"wp:attachment":[{"href":"https:\/\/pizbube.ch\/en\/wp-json\/wp\/v2\/media?parent=165822"}],"wp:term":[{"taxonomy":"product_brand","embeddable":true,"href":"https:\/\/pizbube.ch\/en\/wp-json\/wp\/v2\/product_brand?post=165822"},{"taxonomy":"product_cat","embeddable":true,"href":"https:\/\/pizbube.ch\/en\/wp-json\/wp\/v2\/product_cat?post=165822"},{"taxonomy":"product_tag","embeddable":true,"href":"https:\/\/pizbube.ch\/en\/wp-json\/wp\/v2\/product_tag?post=165822"}],"curies":[{"name":"wp","href":"https:\/\/api.w.org\/{rel}","templated":true}]}}