{"id":165961,"date":"2023-02-03T12:49:43","date_gmt":"2023-02-03T11:49:43","guid":{"rendered":"https:\/\/pizbube.ch\/?post_type=product&#038;p=165961"},"modified":"2024-04-20T11:33:03","modified_gmt":"2024-04-20T09:33:03","slug":"pirineus-pirineos-pyrenees-pyrenaeen-1350000","status":"publish","type":"product","link":"https:\/\/pizbube.ch\/en\/shop\/pirineus-pirineos-pyrenees-pyrenaeen-1350000\/","title":{"rendered":"PIRINEUS PIRINEOS PYR\u00c9N\u00c9ES PYREN\u00c4EN 1:350&#8217;000"},"content":{"rendered":"<p>PYREN\u00c4ENKARTE<br \/>\nGute \u00dcbersichtskarte von den ganzen Pyren\u00e4en<\/p>\n<p>Idiomes: catal\u00e0, castell\u00e0, euskera, angl\u00e8s, franc\u00e8s i alemany<\/p>\n<ul>\n<li>Mapa tur\u00edstic i de carreteres<\/li>\n<li>Escala: 1:350.000<\/li>\n<li>Ombrejat i hipsometria<\/li>\n<li>Ports de muntanya amb pendents m\u00e0ximes i mitjanes<\/li>\n<li>Parcs nacionals i naturals<\/li>\n<li>Comunicacions: aeroports, estacions de tren<\/li>\n<li>Estacions d\u2019esqu\u00ed<\/li>\n<li>Punts d\u2019inter\u00e8s tur\u00edstic<\/li>\n<li>Tra\u00e7ats generals del GR 11, GR 10 i GR 107<\/li>\n<\/ul>","protected":false},"excerpt":{"rendered":"<p>PYREN\u00c4ENKARTE Gute \u00dcbersichtskarte von den ganzen Pyren\u00e4en Idiomes: catal\u00e0, castell\u00e0, euskera, angl\u00e8s, franc\u00e8s i alemany Mapa tur\u00edstic i de carreteres Escala: 1:350.000 Ombrejat i hipsometria Ports de muntanya amb pendents m\u00e0ximes i mitjanes Parcs nacionals i naturals Comunicacions: aeroports, estacions de tren Estacions d\u2019esqu\u00ed Punts d\u2019inter\u00e8s tur\u00edstic Tra\u00e7ats generals del GR 11, GR 10 i [&#8230;]\n","protected":false},"featured_media":165962,"template":"","meta":[],"product_brand":[],"product_cat":[21543],"product_tag":[],"class_list":{"0":"post-165961","1":"product","2":"type-product","3":"status-publish","4":"has-post-thumbnail","6":"product_cat-landkarten","7":"pa_autor-alpina-edit","8":"pa_erscheinungsjahr-27129","9":"pa_region-frankreich","10":"pa_region-spanien","12":"first","13":"instock","14":"taxable","15":"shipping-taxable","16":"purchasable","17":"product-type-simple"},"_links":{"self":[{"href":"https:\/\/pizbube.ch\/en\/wp-json\/wp\/v2\/product\/165961","targetHints":{"allow":["GET"]}}],"collection":[{"href":"https:\/\/pizbube.ch\/en\/wp-json\/wp\/v2\/product"}],"about":[{"href":"https:\/\/pizbube.ch\/en\/wp-json\/wp\/v2\/types\/product"}],"wp:featuredmedia":[{"embeddable":true,"href":"https:\/\/pizbube.ch\/en\/wp-json\/wp\/v2\/media\/165962"}],"wp:attachment":[{"href":"https:\/\/pizbube.ch\/en\/wp-json\/wp\/v2\/media?parent=165961"}],"wp:term":[{"taxonomy":"product_brand","embeddable":true,"href":"https:\/\/pizbube.ch\/en\/wp-json\/wp\/v2\/product_brand?post=165961"},{"taxonomy":"product_cat","embeddable":true,"href":"https:\/\/pizbube.ch\/en\/wp-json\/wp\/v2\/product_cat?post=165961"},{"taxonomy":"product_tag","embeddable":true,"href":"https:\/\/pizbube.ch\/en\/wp-json\/wp\/v2\/product_tag?post=165961"}],"curies":[{"name":"wp","href":"https:\/\/api.w.org\/{rel}","templated":true}]}}