{"id":165965,"date":"2023-02-03T14:11:10","date_gmt":"2023-02-03T13:11:10","guid":{"rendered":"https:\/\/pizbube.ch\/?post_type=product&#038;p=165965"},"modified":"2023-02-03T14:12:23","modified_gmt":"2023-02-03T13:12:23","slug":"lalpe-96-le-vercors-montagne-en-partage","status":"publish","type":"product","link":"https:\/\/pizbube.ch\/en\/shop\/lalpe-96-le-vercors-montagne-en-partage\/","title":{"rendered":"L\u2019Alpe 96 &#8211; Le Vercors, Montagne en partage"},"content":{"rendered":"<p>On conna\u00eet la beaut\u00e9 des paysages du Vercors, celle notamment de ses hauts plateaux, qui abritent la plus grande r\u00e9serve naturelle de France. On croit \u00e9galement conna\u00eetre l\u2019histoire de ses maquis, mais sait-on que ce territoire est une construction humaine tr\u00e8s r\u00e9cente\u00a0?<\/p>\n<p>Jusqu\u2019\u00e0 la fin du XIX<sup>e<\/sup>\u00a0si\u00e8cle, le Vercors est une mosa\u00efque de pays, dont l\u2019unit\u00e9 va \u00eatre structur\u00e9e par l\u2019ouverture des routes, l\u2019importance de la R\u00e9sistance durant la Seconde Guerre mondiale, sans oublier la cr\u00e9ation du Parc naturel r\u00e9gional en 1970. Aujourd\u2019hui, le massif voit sa d\u00e9mographie en forte hausse et n\u2019en finit pas de s\u2019adapter et de se r\u00e9inventer face aux d\u00e9fis d\u2019aujourd\u2019hui et de demain\u2026<\/p>\n<p><b>Au sommaire du dossier\u00a0:<\/b><\/p>\n<p>&#8211; Les grandes \u00e9tapes de la construction de ce territoire.<b><br \/>\n<\/b>&#8211; La population du Vercors a bondi de 40\u00a0% en 40 ans. Qui sont ses nouveaux habitants et que viennent-ils chercher ici\u00a0?<br \/>\n&#8211; En 2020, le Parc naturel r\u00e9gional du Vercors a souffl\u00e9 ses cinquante bougies. Quel mod\u00e8le de d\u00e9veloppement singulier entend-il porter\u00a0?<br \/>\n&#8211; \u00c9nergie, recyclage, biodiversit\u00e9, circuits courts\u00a0: de nombreux acteurs se mobilisent dans le Vercors en faveur de la transition \u00e9cologique.<br \/>\n&#8211; Portfolio. R\u00e9serve unique en France par sa taille et son \u00e9tat de pr\u00e9servation, les hauts plateaux du Vercors se r\u00e9v\u00e8lent d\u2019une \u00e9poustouflante beaut\u00e9, pour qui se perd dans leurs pelouses, leurs for\u00eats ou leurs champs de lapiaz.<br \/>\n&#8211; 3 juillet 1944\u00a0: la R\u00e9publique fran\u00e7aise est officiellement restaur\u00e9e dans le Vercors. Cet \u00e9pisode fut-il un cas isol\u00e9 en France\u00a0?<br \/>\n&#8211; Au gr\u00e9 des soubresauts de l\u2019histoire, le Vercors a accueilli des r\u00e9fugi\u00e9s de tout horizon. Une tradition de l\u2019accueil qui perdure jusqu\u2019\u00e0 aujourd\u2019hui.<br \/>\n&#8211; Grand entretien. Le neuropsychiatre Boris Cyrulnik fut accueilli, enfant, apr\u00e8s la guerre, dans une institution de Villard-de-Lans, le Gai Logis. Un lieu et une \u00e9poque dont il conserve des souvenirs fragment\u00e9s.<br \/>\n&#8211; Plong\u00e9e dans l\u2019histoire de l\u2019exploration du r\u00e9seau du Clot d\u2019Aspres, qui d\u00e9passe les mille m\u00e8tres de profondeur\u00a0!<br \/>\n&#8211; Un carnet de saveurs, r\u00e9unissant de bonnes adresses et de bons produits du Vercors.<\/p>\n<p>96 pages;<br \/>\n230 x 300 mm<\/p>","protected":false},"excerpt":{"rendered":"<p>On conna\u00eet la beaut\u00e9 des paysages du Vercors, celle notamment de ses hauts plateaux, qui abritent la plus grande r\u00e9serve naturelle de France. On croit \u00e9galement conna\u00eetre l\u2019histoire de ses maquis, mais sait-on que ce territoire est une construction humaine tr\u00e8s r\u00e9cente\u00a0? Jusqu\u2019\u00e0 la fin du XIXe\u00a0si\u00e8cle, le Vercors est une mosa\u00efque de pays, dont [&#8230;]\n","protected":false},"featured_media":165966,"template":"","meta":[],"product_brand":[],"product_cat":[21541],"product_tag":[],"class_list":{"0":"post-165965","1":"product","2":"type-product","3":"status-publish","4":"has-post-thumbnail","6":"product_cat-zeitschriften","7":"pa_autor-lalpe-2","8":"pa_erscheinungsjahr-27013","9":"pa_region-frankreich","10":"pa_sprache-fr","12":"first","13":"instock","14":"taxable","15":"shipping-taxable","16":"purchasable","17":"product-type-simple"},"_links":{"self":[{"href":"https:\/\/pizbube.ch\/en\/wp-json\/wp\/v2\/product\/165965","targetHints":{"allow":["GET"]}}],"collection":[{"href":"https:\/\/pizbube.ch\/en\/wp-json\/wp\/v2\/product"}],"about":[{"href":"https:\/\/pizbube.ch\/en\/wp-json\/wp\/v2\/types\/product"}],"wp:featuredmedia":[{"embeddable":true,"href":"https:\/\/pizbube.ch\/en\/wp-json\/wp\/v2\/media\/165966"}],"wp:attachment":[{"href":"https:\/\/pizbube.ch\/en\/wp-json\/wp\/v2\/media?parent=165965"}],"wp:term":[{"taxonomy":"product_brand","embeddable":true,"href":"https:\/\/pizbube.ch\/en\/wp-json\/wp\/v2\/product_brand?post=165965"},{"taxonomy":"product_cat","embeddable":true,"href":"https:\/\/pizbube.ch\/en\/wp-json\/wp\/v2\/product_cat?post=165965"},{"taxonomy":"product_tag","embeddable":true,"href":"https:\/\/pizbube.ch\/en\/wp-json\/wp\/v2\/product_tag?post=165965"}],"curies":[{"name":"wp","href":"https:\/\/api.w.org\/{rel}","templated":true}]}}