{"id":165970,"date":"2023-02-03T14:26:05","date_gmt":"2023-02-03T13:26:05","guid":{"rendered":"https:\/\/pizbube.ch\/?post_type=product&#038;p=165970"},"modified":"2023-02-03T14:42:11","modified_gmt":"2023-02-03T13:42:11","slug":"lalpe-98-les-alpes-souterraines","status":"publish","type":"product","link":"https:\/\/pizbube.ch\/en\/shop\/lalpe-98-les-alpes-souterraines\/","title":{"rendered":"L&#8217;Alpe 98 &#8211; Les Alpes souterraines"},"content":{"rendered":"<div class=\"field field-name-hw-presentation-editoriale field-type-text-long field-label-hidden\">\n<div class=\"field-items\">\n<div class=\"field-item even\">\n<p>Grottes, gouffres, mines, bunkers, laboratoires souterrains\u2026 d\u00e9couvrez les dessous des Alpes.<\/p>\n<p>Une fois n\u2019est pas coutume,\u00a0<i>L\u2019Alpe<\/i>\u00a0vous propose un voyage au centre de la Terre, ou plut\u00f4t au c\u0153ur des montagnes, dont les paysages souterrains sont aussi spectaculaires que ceux \u00e0 la surface. Les massifs alpins, et tout particuli\u00e8rement les reliefs karstiques, sont perc\u00e9s de milliers de cavit\u00e9s qui ont pu servir d\u2019abris, de cachettes ou de lieux de culte, ont fait l\u2019objet d\u2019explorations scientifiques puis sportives ou sont devenues des lieux touristiques, telle la grotte de Choranche dans le Vercors ou les grottes de Skocjan en Slov\u00e9nie, inscrites au patrimoine mondial de l\u2019UNESCO.<\/p>\n<p>Au sommaire\u00a0:<\/p>\n<p>&#8211; L\u2019histoire m\u00e9connue de l\u2019exploration scientifique et sportive de la face cach\u00e9e des Alpes \u00e0 partir du XVII<sup>e\u00a0<\/sup>si\u00e8cle.<\/p>\n<p>&#8211; Les mots cl\u00e9s de la sp\u00e9l\u00e9ologie<\/p>\n<p>&#8211; Dans le ventre de la pr\u00e9histoire\u00a0: \u00e0 quand remontent les premi\u00e8res traces de passages dans les Alpes souterraines\u00a0? Que venaient y chercher les hommes pr\u00e9historiques\u00a0?<\/p>\n<p>&#8211; La folle aventure de l\u2019eau ou le captage \u00e0 haut risque dans le Trou qui souffle, pour alimenter le val d\u2019Autrans-M\u00e9audre.<\/p>\n<p>&#8211; Portfolio\u00a0: un voyage photographique \u00e0 couper le souffle qui nous r\u00e9v\u00e8le l\u2019envers des paysages slov\u00e8nes. Par un des meilleurs photographes sp\u00e9l\u00e9ologues au monde, Peter Gedei.<\/p>\n<p>&#8211; Une double page m\u00e9connue de l\u2019histoire\u00a0: au cours de la Premi\u00e8re Guerre mondiale, Italiens et Austro-Hongrois men\u00e8rent une sanglante guerre de tranch\u00e9es dans les reliefs calcaires du Karst (front de l\u2019Isonzo), terr\u00e9s dans des grottes qu\u2019ils am\u00e9nag\u00e8rent en un vaste r\u00e9seau souterrain. Ces cavit\u00e9s furent aussi, apr\u00e8s le deuxi\u00e8me conflit, le tombeau de milliers de personnes.<\/p>\n<p>&#8211; Bunkers 2.0\u00a0: t\u00e9moins d\u2019une page cons\u00e9quente de l\u2019histoire suisse qui a marqu\u00e9 les imaginaires, 300\u00a0000 bunkers et 1\u00a0200 kilom\u00e8tres de galeries se cherchent une nouvelle raison d\u2019\u00eatre. Certains sont devenus des centres de stockages de donn\u00e9es ultra s\u00e9curis\u00e9s.<\/p>\n<p>&#8211; G\u00e9otourisme souterrain\u00a0: si l\u2019am\u00e9nagement des sites souterrains permet aux territoires de montagne de diversifier leur offre touristique, que propose-t-on aux visiteurs\u00a0? Du spectacle, de l\u2019aventure ou bien l\u2019occasion de comprendre <i>in situ<\/i> certains ph\u00e9nom\u00e8nes naturels\u00a0?<\/p>\n<p>&#8211; On conna\u00eet son \u00e9poux, Joseph Vallot, mais qui \u00e9tait Gabrielle Vallot\u00a0? Exploratrice intr\u00e9pide, pionni\u00e8re oubli\u00e9e, elle a pourtant relat\u00e9 par \u00e9crit ses d\u00e9couvertes souterraines dans les C\u00e9vennes.<\/p>\n<p>&#8211; Visite guid\u00e9e sous le tunnel du Fr\u00e9jus dans le laboratoire souterrain de Modane, le plus profond d\u2019Europe, qui m\u00e8ne des recherches sur la mati\u00e8re noire \u00e0 l\u2019abri des rayons cosmiques.<\/p>\n<p>Et aussi\u00a0:<\/p>\n<p>&#8211; Le Malp, mus\u00e9e arch\u00e9ologique du lac de Paladru, a ouvert ses portes le 7 juin dernier, pr\u00e9sentant une collection rare d\u2019objets du N\u00e9olithique et de l\u2019an mil.<\/p>\n<p>&#8211; Escale dans le Trentin \u00e0 Arte Sella, un parc qui propose un floril\u00e8ge d\u2019\u0153uvres de land art.<\/p>\n<p>96 pages;<br \/>\n231 x 300 mm<\/p>\n<\/div>\n<\/div>\n<\/div>","protected":false},"excerpt":{"rendered":"<p>Grottes, gouffres, mines, bunkers, laboratoires souterrains\u2026 d\u00e9couvrez les dessous des Alpes. Une fois n\u2019est pas coutume,\u00a0L\u2019Alpe\u00a0vous propose un voyage au centre de la Terre, ou plut\u00f4t au c\u0153ur des montagnes, dont les paysages souterrains sont aussi spectaculaires que ceux \u00e0 la surface. Les massifs alpins, et tout particuli\u00e8rement les reliefs karstiques, sont perc\u00e9s de milliers [&#8230;]\n","protected":false},"featured_media":165971,"template":"","meta":[],"product_brand":[],"product_cat":[21541],"product_tag":[],"class_list":{"0":"post-165970","1":"product","2":"type-product","3":"status-publish","4":"has-post-thumbnail","6":"product_cat-zeitschriften","7":"pa_autor-lalpe-2","8":"pa_erscheinungsjahr-27013","9":"pa_region-frankreich","10":"pa_sprache-fr","12":"first","13":"instock","14":"taxable","15":"shipping-taxable","16":"purchasable","17":"product-type-simple"},"_links":{"self":[{"href":"https:\/\/pizbube.ch\/en\/wp-json\/wp\/v2\/product\/165970","targetHints":{"allow":["GET"]}}],"collection":[{"href":"https:\/\/pizbube.ch\/en\/wp-json\/wp\/v2\/product"}],"about":[{"href":"https:\/\/pizbube.ch\/en\/wp-json\/wp\/v2\/types\/product"}],"wp:featuredmedia":[{"embeddable":true,"href":"https:\/\/pizbube.ch\/en\/wp-json\/wp\/v2\/media\/165971"}],"wp:attachment":[{"href":"https:\/\/pizbube.ch\/en\/wp-json\/wp\/v2\/media?parent=165970"}],"wp:term":[{"taxonomy":"product_brand","embeddable":true,"href":"https:\/\/pizbube.ch\/en\/wp-json\/wp\/v2\/product_brand?post=165970"},{"taxonomy":"product_cat","embeddable":true,"href":"https:\/\/pizbube.ch\/en\/wp-json\/wp\/v2\/product_cat?post=165970"},{"taxonomy":"product_tag","embeddable":true,"href":"https:\/\/pizbube.ch\/en\/wp-json\/wp\/v2\/product_tag?post=165970"}],"curies":[{"name":"wp","href":"https:\/\/api.w.org\/{rel}","templated":true}]}}