{"id":165978,"date":"2023-02-03T15:10:10","date_gmt":"2023-02-03T14:10:10","guid":{"rendered":"https:\/\/pizbube.ch\/?post_type=product&#038;p=165978"},"modified":"2023-02-03T15:16:06","modified_gmt":"2023-02-03T14:16:06","slug":"ski-de-randonnee-hautes-pyrenees-vallees-des-gaves-campan-aure-et-louron","status":"publish","type":"product","link":"https:\/\/pizbube.ch\/en\/shop\/ski-de-randonnee-hautes-pyrenees-vallees-des-gaves-campan-aure-et-louron\/","title":{"rendered":"Ski de Randonn\u00e9e Hautes-Pyr\u00e9n\u00e9es: Vall\u00e9es des Gaves, Campan, Aure et Louron"},"content":{"rendered":"<p>Le guide de r\u00e9f\u00e9rence pour tous les adeptes du ski de montagne d\u00e9sireux d&#8217;aller poser leurs spatules sur les pentes et sommets de ce secteur majeur des Pyr\u00e9n\u00e9es.<\/p>\n<p>128 itin\u00e9raires de randonn\u00e9e \u00e0 skis de tous\u00a0niveaux sur l&#8217;ensemble du d\u00e9partement\u00a0des Hautes-Pyr\u00e9n\u00e9es. D\u00e9couvrir la montagne \u00e0 skis l\u2019hiver et au printemps r\u00e9serve des moments inoubliables, c\u2019est pourquoi cette activit\u00e9 conna\u00eet un r\u00e9el essor depuis de nombreuses ann\u00e9es. Et de nouveaux pratiquants attir\u00e9s par une pratique authentique et respectueuse du milieu montagnard loin des remont\u00e9es m\u00e9caniques.<\/p>\n<p>Cet ouvrage, v\u00e9ritable bible sur le secteur, regroupe les 128 itin\u00e9raires d\u00e9crits par Fr\u00e9d\u00e9ric Cabot dans les deux pr\u00e9c\u00e9dents guides.<br \/>\nTrac\u00e9s sur photos, niveau de difficult\u00e9, orientation des versants, p\u00e9riode favorable, limites d\u2019enneigement et descriptifs pr\u00e9cis\u2026 tout y est pour des s\u00e9ries r\u00e9ussies !<\/p>\n<p>320 pages;<br \/>\n132 x 190 mm<\/p>","protected":false},"excerpt":{"rendered":"<p>Le guide de r\u00e9f\u00e9rence pour tous les adeptes du ski de montagne d\u00e9sireux d&#8217;aller poser leurs spatules sur les pentes et sommets de ce secteur majeur des Pyr\u00e9n\u00e9es. 128 itin\u00e9raires de randonn\u00e9e \u00e0 skis de tous\u00a0niveaux sur l&#8217;ensemble du d\u00e9partement\u00a0des Hautes-Pyr\u00e9n\u00e9es. D\u00e9couvrir la montagne \u00e0 skis l\u2019hiver et au printemps r\u00e9serve des moments inoubliables, c\u2019est [&#8230;]\n","protected":false},"featured_media":165979,"template":"","meta":[],"product_brand":[],"product_cat":[21540],"product_tag":[],"class_list":{"0":"post-165978","1":"product","2":"type-product","3":"status-publish","4":"has-post-thumbnail","6":"product_cat-fuehrerliteratur-alpin-winter","7":"pa_autor-cabot","8":"pa_erscheinungsjahr-27013","9":"pa_region-frankreich","10":"pa_sprache-fr","12":"first","13":"instock","14":"taxable","15":"shipping-taxable","16":"purchasable","17":"product-type-simple"},"_links":{"self":[{"href":"https:\/\/pizbube.ch\/en\/wp-json\/wp\/v2\/product\/165978","targetHints":{"allow":["GET"]}}],"collection":[{"href":"https:\/\/pizbube.ch\/en\/wp-json\/wp\/v2\/product"}],"about":[{"href":"https:\/\/pizbube.ch\/en\/wp-json\/wp\/v2\/types\/product"}],"wp:featuredmedia":[{"embeddable":true,"href":"https:\/\/pizbube.ch\/en\/wp-json\/wp\/v2\/media\/165979"}],"wp:attachment":[{"href":"https:\/\/pizbube.ch\/en\/wp-json\/wp\/v2\/media?parent=165978"}],"wp:term":[{"taxonomy":"product_brand","embeddable":true,"href":"https:\/\/pizbube.ch\/en\/wp-json\/wp\/v2\/product_brand?post=165978"},{"taxonomy":"product_cat","embeddable":true,"href":"https:\/\/pizbube.ch\/en\/wp-json\/wp\/v2\/product_cat?post=165978"},{"taxonomy":"product_tag","embeddable":true,"href":"https:\/\/pizbube.ch\/en\/wp-json\/wp\/v2\/product_tag?post=165978"}],"curies":[{"name":"wp","href":"https:\/\/api.w.org\/{rel}","templated":true}]}}