{"id":166024,"date":"2023-02-07T11:54:42","date_gmt":"2023-02-07T10:54:42","guid":{"rendered":"https:\/\/pizbube.ch\/?post_type=product&#038;p=166024"},"modified":"2023-02-07T11:54:42","modified_gmt":"2023-02-07T10:54:42","slug":"toppturer-i-jotunheimen","status":"publish","type":"product","link":"https:\/\/pizbube.ch\/en\/shop\/toppturer-i-jotunheimen\/","title":{"rendered":"Toppturer i Jotunheimen"},"content":{"rendered":"<p class=\"text-left font-italic text-body\">Skif\u00f8rer for Jotunheimen, med kart og oversiktsbilder til Norges h\u00f8yeste skifjell. Opplev Jotunheimen<\/p>\n<p>N\u00e5 kommer endelig TOPPTURER I JOTUNHEIMEN, boka som presenterer de fantastiske skimulighetene i Norges og Nord-Europas h\u00f8yeste fjell.<\/p>\n<p>Forfatter Gjermund Nordskar er n\u00e6rmest oppvokst i Jotunheimen, og han har brukt de siste skisesongene til mange og lange rekognoseringsturer i dette unike fjellomr\u00e5det. Resultatet er den f\u00f8rste boka som til fulle viser hva Norges h\u00f8yeste fjell har \u00e5 by p\u00e5 for skientusiaster.<\/p>\n<p>TOPPTURER I JOTUNHEIMEN inneholder mer enn 300 turer og 80 fjell. Her finner du detaljerte turbeskrivelser til klassikere som Uranostinden, Bitihorn, Bessh\u00f8e, Galdh\u00f8piggen og Storebj\u00f8rn, men ogs\u00e5 en mengde tips til mindre kjente perler.<\/p>\n<p>Boka viser turer fra alle de mest kjente inngangsportene til fjellomr\u00e5det, som Tyin, Eidsbugarden, Bygdin, Gjendesheim, Bessheim, Spiterstulen, Leirvassbu og Krossbu. Rutene i boka er tegnet inn p\u00e5 kart og flyfoto og gradert etter hvor krevende de er.<\/p>\n<p>TOPPTURER I JOTUNHEIMEN er rettet mot alle som er interessert i ski og fjell, fra de mest erfarne til de som vil g\u00e5 sine f\u00f8rste toppturer denne v\u00e5ren.<br \/>\nAlle rutene er tegnet inn b\u00e5de p\u00e5 oversiktsfoto og turkart.<\/p>","protected":false},"excerpt":{"rendered":"<p>Skif\u00f8rer for Jotunheimen, med kart og oversiktsbilder til Norges h\u00f8yeste skifjell. Opplev Jotunheimen N\u00e5 kommer endelig TOPPTURER I JOTUNHEIMEN, boka som presenterer de fantastiske skimulighetene i Norges og Nord-Europas h\u00f8yeste fjell. Forfatter Gjermund Nordskar er n\u00e6rmest oppvokst i Jotunheimen, og han har brukt de siste skisesongene til mange og lange rekognoseringsturer i dette unike fjellomr\u00e5det. [&#8230;]\n","protected":false},"featured_media":166025,"template":"","meta":[],"product_brand":[],"product_cat":[21540],"product_tag":[],"class_list":{"0":"post-166024","1":"product","2":"type-product","3":"status-publish","4":"has-post-thumbnail","6":"product_cat-fuehrerliteratur-alpin-winter","7":"pa_autor-nordskar","8":"pa_erscheinungsjahr-25440","9":"pa_region-skandinavien-norwegen-schweden-finnland","10":"pa_sprache-norweg","12":"first","13":"instock","14":"taxable","15":"shipping-taxable","16":"purchasable","17":"product-type-simple"},"_links":{"self":[{"href":"https:\/\/pizbube.ch\/en\/wp-json\/wp\/v2\/product\/166024","targetHints":{"allow":["GET"]}}],"collection":[{"href":"https:\/\/pizbube.ch\/en\/wp-json\/wp\/v2\/product"}],"about":[{"href":"https:\/\/pizbube.ch\/en\/wp-json\/wp\/v2\/types\/product"}],"wp:featuredmedia":[{"embeddable":true,"href":"https:\/\/pizbube.ch\/en\/wp-json\/wp\/v2\/media\/166025"}],"wp:attachment":[{"href":"https:\/\/pizbube.ch\/en\/wp-json\/wp\/v2\/media?parent=166024"}],"wp:term":[{"taxonomy":"product_brand","embeddable":true,"href":"https:\/\/pizbube.ch\/en\/wp-json\/wp\/v2\/product_brand?post=166024"},{"taxonomy":"product_cat","embeddable":true,"href":"https:\/\/pizbube.ch\/en\/wp-json\/wp\/v2\/product_cat?post=166024"},{"taxonomy":"product_tag","embeddable":true,"href":"https:\/\/pizbube.ch\/en\/wp-json\/wp\/v2\/product_tag?post=166024"}],"curies":[{"name":"wp","href":"https:\/\/api.w.org\/{rel}","templated":true}]}}