{"id":166029,"date":"2023-02-07T15:17:04","date_gmt":"2023-02-07T14:17:04","guid":{"rendered":"https:\/\/pizbube.ch\/?post_type=product&#038;p=166029"},"modified":"2023-02-10T11:55:57","modified_gmt":"2023-02-10T10:55:57","slug":"hemsedal-toppturkart-150000","status":"publish","type":"product","link":"https:\/\/pizbube.ch\/en\/shop\/hemsedal-toppturkart-150000\/","title":{"rendered":"Hemsedal toppturkart 1:50&#8217;000"},"content":{"rendered":"<p class=\"text-left font-italic text-body\">Kartet til guideboka &#171;Toppturer i Hemsedal&#187;<\/p>\n<p class=\"ql-align-justify\">I Hemsedal m\u00f8ter vestlandsnatur \u00f8stlandsklima. Det skivennlige terrenget har lokket vinterturister i godt over 100 \u00e5r. Her finner du milevis med langrennsl\u00f8yper, flott h\u00f8yfjellsterreng for fjellskiturer, et av Skandinavias beste alpinanlegg og sn\u00f8sikre toppturfjell. Toppturene spenner fra noen av de mest popul\u00e6re i landet til brattkj\u00f8ring for de spesielt interesserte.<\/p>\n<p class=\"ql-align-justify\">Dette unike kartet tar utgangspunkt i ruter som er grundig beskrevet i guideboka\u00a0<em>Toppturer i Hemsedal\u00a0<\/em>av J\u00f8rgen Aamot. Kartet vil i kombinasjon med boka gi et solid bidrag til planlegging og gjennomf\u00f8ring av din neste topptur i Hemsedal.<\/p>\n<p class=\"ql-align-justify\">P\u00e5 42 ulike topper finner du over 100 ruteforslag samt inntegna rute for tredagersturen Hemsedalsruta. Alle rutene i kartet er terrengklassifisert, noe som gj\u00f8r det enklere \u00e5 velge tur etter v\u00e6r- og f\u00f8reforhold, ferdigheter og ambisjonsniv\u00e5.<\/p>\n<p class=\"ql-align-justify\">Kartet har ogs\u00e5 avmerket anbefalte parkeringsplasser. Vis hensyn n\u00e5r du parkerer.<\/p>\n<p class=\"ql-align-justify\">Alle rutene p\u00e5 kartet har sitt unike nummer best\u00e5ende av tre tall som refererer til fyldige beskrivelser i boka\u00a0<em>Toppturer i Hemsedal<\/em>. Det f\u00f8rste angir omr\u00e5de, det andre fjellet og det tredje rutealternativet. Fjella i Hemsedal er delt inn i 4 omr\u00e5der. Hemsedal \u00f8st, Hemsedal sentrum, Hemsedalsfjellet og Gr\u00f8ndalen.<\/p>\n<p class=\"ql-align-justify\">I tillegg til toppturene p\u00e5 ski viser kartet vei til mange andre opplevelser og aktiviteter for enhver smak. For eksempel sommer- og vinterklatring, turstier, fjellskil\u00f8yper, fine badeplasser, turstier, langrennsl\u00f8yper, utsiktspunkt og mye mer.<\/p>\n<p class=\"ql-align-justify\">Bruk kartet for \u00e5 finne frem til ditt neste eventyr\u00a0i\u00a0Hemsedal, uavhengig av \u00e5rstid.<\/p>","protected":false},"excerpt":{"rendered":"<p>Kartet til guideboka &#171;Toppturer i Hemsedal&#187; I Hemsedal m\u00f8ter vestlandsnatur \u00f8stlandsklima. Det skivennlige terrenget har lokket vinterturister i godt over 100 \u00e5r. Her finner du milevis med langrennsl\u00f8yper, flott h\u00f8yfjellsterreng for fjellskiturer, et av Skandinavias beste alpinanlegg og sn\u00f8sikre toppturfjell. Toppturene spenner fra noen av de mest popul\u00e6re i landet til brattkj\u00f8ring for de spesielt [&#8230;]\n","protected":false},"featured_media":166030,"template":"","meta":[],"product_brand":[],"product_cat":[21543],"product_tag":[],"class_list":{"0":"post-166029","1":"product","2":"type-product","3":"status-publish","4":"has-post-thumbnail","6":"product_cat-landkarten","7":"pa_autor-friflyt","8":"pa_erscheinungsjahr-27013","9":"pa_region-skandinavien-norwegen-schweden-finnland","10":"pa_sprache-en-norw","12":"first","13":"instock","14":"taxable","15":"shipping-taxable","16":"purchasable","17":"product-type-simple"},"_links":{"self":[{"href":"https:\/\/pizbube.ch\/en\/wp-json\/wp\/v2\/product\/166029","targetHints":{"allow":["GET"]}}],"collection":[{"href":"https:\/\/pizbube.ch\/en\/wp-json\/wp\/v2\/product"}],"about":[{"href":"https:\/\/pizbube.ch\/en\/wp-json\/wp\/v2\/types\/product"}],"wp:featuredmedia":[{"embeddable":true,"href":"https:\/\/pizbube.ch\/en\/wp-json\/wp\/v2\/media\/166030"}],"wp:attachment":[{"href":"https:\/\/pizbube.ch\/en\/wp-json\/wp\/v2\/media?parent=166029"}],"wp:term":[{"taxonomy":"product_brand","embeddable":true,"href":"https:\/\/pizbube.ch\/en\/wp-json\/wp\/v2\/product_brand?post=166029"},{"taxonomy":"product_cat","embeddable":true,"href":"https:\/\/pizbube.ch\/en\/wp-json\/wp\/v2\/product_cat?post=166029"},{"taxonomy":"product_tag","embeddable":true,"href":"https:\/\/pizbube.ch\/en\/wp-json\/wp\/v2\/product_tag?post=166029"}],"curies":[{"name":"wp","href":"https:\/\/api.w.org\/{rel}","templated":true}]}}