{"id":166054,"date":"2023-02-08T18:42:35","date_gmt":"2023-02-08T17:42:35","guid":{"rendered":"https:\/\/pizbube.ch\/?post_type=product&#038;p=166054"},"modified":"2025-11-20T16:27:55","modified_gmt":"2025-11-20T15:27:55","slug":"alpine-ice-vol-1-dieschoensten-eisfaelle-der-alpen","status":"publish","type":"product","link":"https:\/\/pizbube.ch\/en\/shop\/alpine-ice-vol-1-dieschoensten-eisfaelle-der-alpen\/","title":{"rendered":"ALPINE ICE Band 1 &#8211; Die sch\u00f6nsten Eisf\u00e4lle der Alpen"},"content":{"rendered":"<p><strong>Eine Auswahl der attraktivsten Eisf\u00e4lle in Frankreich, Schweiz, Italien &#8211; Westalpen<\/strong><\/p>\n<p>Viel Neues und fantastische T\u00e4ler, die eine Reise, von egal woher, allemal wert sind. Legend\u00e4re Linien, die die Geschichte des Eiskletterns gekennzeichnet haben und weniger ber\u00fchmte, aber genauso charakterstarke Routen. Das Ganze mit neuer Grafik und tollen Fotos. Die Anzahl der Eisf\u00e4lle hat sich fast verdoppelt, aus diesem Grund wurde es notwendig, das Buch in zwei Teilen zu ver\u00f6ffentlichen: <strong>Alpine Ice Vol.1 Frankreich<\/strong>, <strong>Switzerland<\/strong> und <strong>Italien \u2013 Westalpen<\/strong> und <strong>Alpine Ice Vol. 2 \u00d6sterreich<\/strong>, <strong>Slowenien<\/strong> und <strong>Italien \u2013 Ostalpen<\/strong>.<\/p>\n<p>Die zwei B\u00fccher bilden ein gemeinsames Werk und decken den kompletten Alpenraum ab. In diesem ersten Teil werden ca.<strong> 700 Routen beschrieben<\/strong> und, um die Orientierung zu erleichtern, wurden Fotos von jedem Eisfall eingef\u00fcgt, <strong>sowie die Koordinaten der Parkpl\u00e4tze und fast aller Eisf\u00e4lle<\/strong>, die man mittels eines einfachen <strong>QR-Codes<\/strong> abrufen kann. Immer genauere Informationen d\u00fcrfen nicht das Unbekannte ausl\u00f6schen, mit dem die Interpretation eines jeden Eisfalls verbunden ist, sie sind jedoch wichtig, um die Risiken auf ein Minimum zu reduzieren. Einige Erz\u00e4hlungen und einleitende Worte zu den geschichtstr\u00e4chtigen Orten der Piolet-Traction, sowie die Erinnerung an den Pionier des Eiskletterns, <strong>Giancarlo Grassi<\/strong>, runden das Werk ab, ein wahres Juwel f\u00fcr abenteuerlustige Eiskletterer. Eine Ode an die wilde Seite der Alpen und eine Einladung zum Reisen, zum Kennenlernen neuer Orte, neuer Traditionen und Sprachen.<\/p>","protected":false},"excerpt":{"rendered":"<p>Eine Auswahl der attraktivsten Eisf\u00e4lle in Frankreich, Schweiz, Italien &#8211; Westalpen Viel Neues und fantastische T\u00e4ler, die eine Reise, von egal woher, allemal wert sind. Legend\u00e4re Linien, die die Geschichte des Eiskletterns gekennzeichnet haben und weniger ber\u00fchmte, aber genauso charakterstarke Routen. Das Ganze mit neuer Grafik und tollen Fotos. Die Anzahl der Eisf\u00e4lle hat sich [&#8230;]\n","protected":false},"featured_media":166055,"template":"","meta":[],"product_brand":[],"product_cat":[21540],"product_tag":[27518,27651],"class_list":{"0":"post-166054","1":"product","2":"type-product","3":"status-publish","4":"has-post-thumbnail","6":"product_cat-fuehrerliteratur-alpin-winter","7":"product_tag-alpine-ice-1","8":"product_tag-eisklettern","9":"pa_autor-sertori","10":"pa_erscheinungsjahr-21546","11":"pa_region-schweiz","12":"pa_sprache-de","14":"first","15":"outofstock","16":"taxable","17":"shipping-taxable","18":"purchasable","19":"product-type-simple"},"_links":{"self":[{"href":"https:\/\/pizbube.ch\/en\/wp-json\/wp\/v2\/product\/166054","targetHints":{"allow":["GET"]}}],"collection":[{"href":"https:\/\/pizbube.ch\/en\/wp-json\/wp\/v2\/product"}],"about":[{"href":"https:\/\/pizbube.ch\/en\/wp-json\/wp\/v2\/types\/product"}],"wp:featuredmedia":[{"embeddable":true,"href":"https:\/\/pizbube.ch\/en\/wp-json\/wp\/v2\/media\/166055"}],"wp:attachment":[{"href":"https:\/\/pizbube.ch\/en\/wp-json\/wp\/v2\/media?parent=166054"}],"wp:term":[{"taxonomy":"product_brand","embeddable":true,"href":"https:\/\/pizbube.ch\/en\/wp-json\/wp\/v2\/product_brand?post=166054"},{"taxonomy":"product_cat","embeddable":true,"href":"https:\/\/pizbube.ch\/en\/wp-json\/wp\/v2\/product_cat?post=166054"},{"taxonomy":"product_tag","embeddable":true,"href":"https:\/\/pizbube.ch\/en\/wp-json\/wp\/v2\/product_tag?post=166054"}],"curies":[{"name":"wp","href":"https:\/\/api.w.org\/{rel}","templated":true}]}}