{"id":166071,"date":"2023-02-09T17:24:14","date_gmt":"2023-02-09T16:24:14","guid":{"rendered":"https:\/\/pizbube.ch\/?post_type=product&#038;p=166071"},"modified":"2023-02-09T17:35:07","modified_gmt":"2023-02-09T16:35:07","slug":"ossola-scialpinismo-senza-confini-vol-2-valle-bognanco-val-divedro-sempione","status":"publish","type":"product","link":"https:\/\/pizbube.ch\/en\/shop\/ossola-scialpinismo-senza-confini-vol-2-valle-bognanco-val-divedro-sempione\/","title":{"rendered":"Ossola Scialpinismo senza confini Vol. 2 &#8211; Valle Bognanco, Val Divedro (Sempione)"},"content":{"rendered":"<div class=\"woocommerce-product-details__short-description\">\n<p>Questa guida raccoglie la quasi totalit\u00e0 degli itinerari scialpinistici che, con ragionevolezza e logica, sono stati sciati nella provincia del Verbano Cusio Ossola, nelle valli Bognanco e Divedro, un territorio molto vasto e particolarmente adatto alla pratica dello scialpinismo.<\/p>\n<p>Nel volume sono relazionati 221 itinerari di tutti i generi e difficolt\u00e0, dal semplice percorso prettamente invernale, tra boschi e radure, al ripido canale che sale vette di quasi 4000 metri. Da quelli in cui si pu\u00f2 trovare quasi certamente una traccia presente e probabilmente un ovvio affollamento, a quelli in cui non vi sar\u00e0 nessuno e sar\u00e0 necessario fare la traccia e trovare il giusto percorso. Perch\u00e9 la bellezza di questo territorio sta anche nell\u2019avere ancora tanti luoghi scialpinisticamente poco conosciuti.<\/p>\n<p>Il volume si avvale della cartografia 4LAND\/Idea Montagna.<\/p>\n<p>352 pagine<\/p>\n<\/div>","protected":false},"excerpt":{"rendered":"<p>Questa guida raccoglie la quasi totalit\u00e0 degli itinerari scialpinistici che, con ragionevolezza e logica, sono stati sciati nella provincia del Verbano Cusio Ossola, nelle valli Bognanco e Divedro, un territorio molto vasto e particolarmente adatto alla pratica dello scialpinismo. Nel volume sono relazionati 221 itinerari di tutti i generi e difficolt\u00e0, dal semplice percorso prettamente [&#8230;]\n","protected":false},"featured_media":166072,"template":"","meta":[],"product_brand":[],"product_cat":[21540],"product_tag":[27056],"class_list":{"0":"post-166071","1":"product","2":"type-product","3":"status-publish","4":"has-post-thumbnail","6":"product_cat-fuehrerliteratur-alpin-winter","7":"product_tag-domodossola","8":"pa_autor-zucchi-vairetti-tartari","9":"pa_erscheinungsjahr-27129","10":"pa_region-italien","11":"pa_sprache-it","13":"first","14":"instock","15":"taxable","16":"shipping-taxable","17":"purchasable","18":"product-type-simple"},"_links":{"self":[{"href":"https:\/\/pizbube.ch\/en\/wp-json\/wp\/v2\/product\/166071","targetHints":{"allow":["GET"]}}],"collection":[{"href":"https:\/\/pizbube.ch\/en\/wp-json\/wp\/v2\/product"}],"about":[{"href":"https:\/\/pizbube.ch\/en\/wp-json\/wp\/v2\/types\/product"}],"wp:featuredmedia":[{"embeddable":true,"href":"https:\/\/pizbube.ch\/en\/wp-json\/wp\/v2\/media\/166072"}],"wp:attachment":[{"href":"https:\/\/pizbube.ch\/en\/wp-json\/wp\/v2\/media?parent=166071"}],"wp:term":[{"taxonomy":"product_brand","embeddable":true,"href":"https:\/\/pizbube.ch\/en\/wp-json\/wp\/v2\/product_brand?post=166071"},{"taxonomy":"product_cat","embeddable":true,"href":"https:\/\/pizbube.ch\/en\/wp-json\/wp\/v2\/product_cat?post=166071"},{"taxonomy":"product_tag","embeddable":true,"href":"https:\/\/pizbube.ch\/en\/wp-json\/wp\/v2\/product_tag?post=166071"}],"curies":[{"name":"wp","href":"https:\/\/api.w.org\/{rel}","templated":true}]}}