{"id":166077,"date":"2023-02-10T09:38:07","date_gmt":"2023-02-10T08:38:07","guid":{"rendered":"https:\/\/pizbube.ch\/?post_type=product&#038;p=166077"},"modified":"2025-06-19T17:52:46","modified_gmt":"2025-06-19T15:52:46","slug":"grande-traversata-delle-alpi-125-000-vol-1-dal-passo-del-gries-al-santuario-di-oropa","status":"publish","type":"product","link":"https:\/\/pizbube.ch\/en\/shop\/grande-traversata-delle-alpi-125-000-vol-1-dal-passo-del-gries-al-santuario-di-oropa\/","title":{"rendered":"GRANDE TRAVERSATA DELLE ALPI 1:25.000 &#8211; Vol. 1: Dal Passo del Gries al Santuario di Oropa"},"content":{"rendered":"<p>Il GTA, Grande Traversata delle Alpi, \u00e8 un itinerario escursionistico che unisce tutto l&#8217;arco alpino occidentale\u00a0tra Piemonte, Liguria e Francia e si articola su una fitta rete di sentieri e posti tappa. Il percorso complessivo della GTA forma un itinerario di circa 1000 km, un grande trekking sulle montagne del confine nord-occidentale d&#8217;Italia.<\/p>\n<p>Il volume contiene:<\/p>\n<ul>\n<li>315 km di sentiero;<\/li>\n<li>21 tappe &#8211; 8 varianti;<\/li>\n<li>13.000 m di dislivello;<\/li>\n<li>Profili altimetrici;<\/li>\n<li>Cartografia di dettaglio scala 1: 25 000;<\/li>\n<li>La storia e la geografia del percorso.<\/li>\n<li>24 x 11 cm.<\/li>\n<\/ul>\n<p>Dieses Kartenset aus der Reihe National Geographic in Zusammenarbeit mit dem italienischen Verlag Geo4Map deckt den <strong>ersten n\u00f6rdlichen Teil<\/strong> der GTA (Grande Traversata delle Alpi) vom Beginn der GTA am Griespass bis zur Santuario del Oropa nordlich von Biella ab.<\/p>\n<p>Die Wanderkarte ist topografisch, stellt verschiedene Arten von Wanderwegen unterschiedlich dar und bezeichnet wichtige Wege mit Namen. Unterk\u00fcnfte sind ebenso wie Sehensw\u00fcrdigkeiten, Freizeitm\u00f6glichkeiten und praktische Informationen gekennzeichnet. Ein UTMS-Gitter ist f\u00fcr GPS-Benutzer vorhanden. Im Umschlag des Kartenatlases ist eine \u00dcbersicht der Strecke mit Kartenangaben vorhanden, ein H\u00f6henprofil der Strecke und eine \u00dcbersicht der Etappen mit Zeit-, Streckenangaben und H\u00f6henunterschied enthalten. <strong>Die Karte mit Einf\u00fchrung zum GTA und auch die Legende sind in italienischer Sprache<\/strong>.<\/p>\n<p>Die GTA ist markiert. Das Kartenset ist wasserfest.<\/p>\n<p><strong>Enthaltene Strecke:<\/strong>\u00a0Alpe di Cruina, Capanna Corno Gries &#8211; Rifugio Margaroli, Rifugio Margaroli &#8211; Alpe Devero, Alpe Veglia, Gondo, Zwischbergen, Rifugio Gattascosa, Rifugio Alpe Laghetto, Alpe Cheggio, Alpe della Colma, Molini di Calasca, Alpe del Lago, Forno, Campello Monti, Rimella\/Chiesa, Alpe Baranca, Carcoforo, Rima, Alagna, Sant\u2019 Antonio di Val Vogna, Rifugio Rivetti<\/p>","protected":false},"excerpt":{"rendered":"<p>Il GTA, Grande Traversata delle Alpi, \u00e8 un itinerario escursionistico che unisce tutto l&#8217;arco alpino occidentale\u00a0tra Piemonte, Liguria e Francia e si articola su una fitta rete di sentieri e posti tappa. Il percorso complessivo della GTA forma un itinerario di circa 1000 km, un grande trekking sulle montagne del confine nord-occidentale d&#8217;Italia. Il volume [&#8230;]\n","protected":false},"featured_media":166078,"template":"","meta":[],"product_brand":[],"product_cat":[21543],"product_tag":[],"class_list":{"0":"post-166077","1":"product","2":"type-product","3":"status-publish","4":"has-post-thumbnail","6":"product_cat-landkarten","7":"pa_autor-national-geographic","8":"pa_erscheinungsjahr-21574","9":"pa_region-italien","10":"pa_region-schweiz","11":"pa_sprache-it","13":"first","14":"instock","15":"taxable","16":"shipping-taxable","17":"purchasable","18":"product-type-simple"},"_links":{"self":[{"href":"https:\/\/pizbube.ch\/en\/wp-json\/wp\/v2\/product\/166077","targetHints":{"allow":["GET"]}}],"collection":[{"href":"https:\/\/pizbube.ch\/en\/wp-json\/wp\/v2\/product"}],"about":[{"href":"https:\/\/pizbube.ch\/en\/wp-json\/wp\/v2\/types\/product"}],"wp:featuredmedia":[{"embeddable":true,"href":"https:\/\/pizbube.ch\/en\/wp-json\/wp\/v2\/media\/166078"}],"wp:attachment":[{"href":"https:\/\/pizbube.ch\/en\/wp-json\/wp\/v2\/media?parent=166077"}],"wp:term":[{"taxonomy":"product_brand","embeddable":true,"href":"https:\/\/pizbube.ch\/en\/wp-json\/wp\/v2\/product_brand?post=166077"},{"taxonomy":"product_cat","embeddable":true,"href":"https:\/\/pizbube.ch\/en\/wp-json\/wp\/v2\/product_cat?post=166077"},{"taxonomy":"product_tag","embeddable":true,"href":"https:\/\/pizbube.ch\/en\/wp-json\/wp\/v2\/product_tag?post=166077"}],"curies":[{"name":"wp","href":"https:\/\/api.w.org\/{rel}","templated":true}]}}