{"id":166081,"date":"2023-02-10T09:47:36","date_gmt":"2023-02-10T08:47:36","guid":{"rendered":"https:\/\/pizbube.ch\/?post_type=product&#038;p=166081"},"modified":"2025-08-21T08:35:25","modified_gmt":"2025-08-21T06:35:25","slug":"grande-traversata-delle-alpi-125-000-vol-2-gta-centro-dal-santuario-di-oropa-al-rifugio-quintino-sella-al-monviso","status":"publish","type":"product","link":"https:\/\/pizbube.ch\/en\/shop\/grande-traversata-delle-alpi-125-000-vol-2-gta-centro-dal-santuario-di-oropa-al-rifugio-quintino-sella-al-monviso\/","title":{"rendered":"GRANDE TRAVERSATA DELLE ALPI 1:25.000 &#8211; Vol. 2: GTA CENTRO, DAL SANTUARIO DI OROPA AL RIFUGIO QUINTINO SELLA AL MONVISO"},"content":{"rendered":"<p>Il GTA, Grande Traversata delle Alpi, \u00e8 un itinerario escursionistico che unisce tutto l&#8217;arco alpino occidentale\u00a0tra Piemonte, Liguria e Francia e si articola su una fitta rete di sentieri e posti tappa. Il percorso complessivo della GTA forma un itinerario di circa 1000 km, un grande trekking sulle montagne del confine nord-occidentale d&#8217;Italia.<\/p>\n<p>Il volume contiene:<\/p>\n<ul>\n<li>418 km di sentiero;<\/li>\n<li>22 tappe &#8211; 5 varianti;<\/li>\n<li>58.000 m di dislivello;<\/li>\n<li>Profili altimetrici;<\/li>\n<li>Cartografia di dettaglio scala 1: 25 000;<\/li>\n<li>La storia e la geografia del percorso.<\/li>\n<\/ul>\n<p>&nbsp;<\/p>\n<p>Dieses Kartenset aus der Reihe National Geographic in Zusammenarbeit mit dem italienischen Verlag Geo4Map deckt den <strong>zweiten mittleren Teil<\/strong> der GTA (Grande Traversata delle Alpi) von der Santuario del Oropa nordlich von Biella bis zur Rifugio Quintino Sella al Monviso ab.<\/p>\n<p>Die Wanderkarte ist topografisch, stellt verschiedene Arten von Wanderwegen unterschiedlich dar und bezeichnet wichtige Wege mit Namen. Unterk\u00fcnfte sind ebenso wie Sehensw\u00fcrdigkeiten, Freizeitm\u00f6glichkeiten und praktische Informationen gekennzeichnet. Ein UTMS-Gitter ist f\u00fcr GPS-Benutzer vorhanden. Im Umschlag des Kartenatlases ist eine \u00dcbersicht der Strecke mit Kartenangaben vorhanden, ein H\u00f6henprofil der Strecke und eine \u00dcbersicht der Etappen mit Zeit-, Streckenangaben und H\u00f6henunterschied enthalten. Die Karte mit Einf\u00fchrung zum GTA und auch die Legende sind in italienischer Sprache.<\/p>\n<p>Die GTA ist markiert. Das Kartenset ist wasserfest.<\/p>\n<p><strong>Enthaltene Strecke:<\/strong>\u00a0Oropa, Trovinasse, Quincinetto,\u00a0 Le Capanne, Fondo, Piamprato, Talosio, San Lorenzo, Noasca, Ceresole Reale, Pialpetta, Balme, Usseglio, Rifugio Vulpot, Il Trucco, Rocciamelone, Susa, Alpe Toglie, Usseaux, Salbertrand, Rifugio Arlaud, Usseaux, Basiglia\/Didiero, Ghigo di Prali, Villanova, Rifugio Barbara Lowrie, Pian Melz\u00e8, Rifugio Alpetto<\/p>","protected":false},"excerpt":{"rendered":"<p>Il GTA, Grande Traversata delle Alpi, \u00e8 un itinerario escursionistico che unisce tutto l&#8217;arco alpino occidentale\u00a0tra Piemonte, Liguria e Francia e si articola su una fitta rete di sentieri e posti tappa. Il percorso complessivo della GTA forma un itinerario di circa 1000 km, un grande trekking sulle montagne del confine nord-occidentale d&#8217;Italia. Il volume [&#8230;]\n","protected":false},"featured_media":166085,"template":"","meta":[],"product_brand":[],"product_cat":[21543],"product_tag":[],"class_list":{"0":"post-166081","1":"product","2":"type-product","3":"status-publish","4":"has-post-thumbnail","6":"product_cat-landkarten","7":"pa_autor-national-geographic","8":"pa_erscheinungsjahr-21558","9":"pa_region-frankreich","10":"pa_region-italien","11":"pa_sprache-it","13":"first","14":"onbackorder","15":"taxable","16":"shipping-taxable","17":"purchasable","18":"product-type-simple"},"_links":{"self":[{"href":"https:\/\/pizbube.ch\/en\/wp-json\/wp\/v2\/product\/166081","targetHints":{"allow":["GET"]}}],"collection":[{"href":"https:\/\/pizbube.ch\/en\/wp-json\/wp\/v2\/product"}],"about":[{"href":"https:\/\/pizbube.ch\/en\/wp-json\/wp\/v2\/types\/product"}],"wp:featuredmedia":[{"embeddable":true,"href":"https:\/\/pizbube.ch\/en\/wp-json\/wp\/v2\/media\/166085"}],"wp:attachment":[{"href":"https:\/\/pizbube.ch\/en\/wp-json\/wp\/v2\/media?parent=166081"}],"wp:term":[{"taxonomy":"product_brand","embeddable":true,"href":"https:\/\/pizbube.ch\/en\/wp-json\/wp\/v2\/product_brand?post=166081"},{"taxonomy":"product_cat","embeddable":true,"href":"https:\/\/pizbube.ch\/en\/wp-json\/wp\/v2\/product_cat?post=166081"},{"taxonomy":"product_tag","embeddable":true,"href":"https:\/\/pizbube.ch\/en\/wp-json\/wp\/v2\/product_tag?post=166081"}],"curies":[{"name":"wp","href":"https:\/\/api.w.org\/{rel}","templated":true}]}}