{"id":166086,"date":"2023-02-10T10:16:21","date_gmt":"2023-02-10T09:16:21","guid":{"rendered":"https:\/\/pizbube.ch\/?post_type=product&#038;p=166086"},"modified":"2024-08-20T08:22:12","modified_gmt":"2024-08-20T06:22:12","slug":"grande-traversata-delle-alpi-125-000-vol-3-gta-sud-dal-rifugio-quintino-sella-al-monviso-fino-al-mare","status":"publish","type":"product","link":"https:\/\/pizbube.ch\/en\/shop\/grande-traversata-delle-alpi-125-000-vol-3-gta-sud-dal-rifugio-quintino-sella-al-monviso-fino-al-mare\/","title":{"rendered":"GRANDE TRAVERSATA DELLE ALPI 1:25.000 &#8211; Vol. 3: GTA SUD, DAL RIFUGIO QUINTINO SELLA AL MONVISO FINO AL MARE"},"content":{"rendered":"<p>Il GTA, Grande Traversata delle Alpi, \u00e8 un itinerario escursionistico che unisce tutto l&#8217;arco alpino occidentale\u00a0tra Piemonte, Liguria e Francia e si articola su una fitta rete di sentieri e posti tappa. Il percorso complessivo della GTA forma un itinerario di circa 1000 km, un grande trekking sulle montagne del confine nord-occidentale d&#8217;Italia.<\/p>\n<p>Il volume contiene:<\/p>\n<ul>\n<li>478\u00a0km di sentiero;<\/li>\n<li>26 tappe &#8211; 7 varianti;<\/li>\n<li>57.000 m di dislivello;<\/li>\n<li>Profili altimetrici;<\/li>\n<li>Cartografia di dettaglio scala 1: 25 000;<\/li>\n<li>La storia e la geografia del percorso.<\/li>\n<\/ul>\n<p>&nbsp;<\/p>\n<p><strong>Von der Rifugio Quintino Sella al Monviso bis zum Ende des Weges an der ligurischen K\u00fcste<\/strong><\/p>\n<p>Dieses Kartenset aus der Reihe National Geographic in Zusammenarbeit mit dem italienischen Verlag Geo4Map deckt den <strong>letzten s\u00fcdlichen Teil<\/strong> der GTA (Grande Traversata delle Alpi) vom Beginn der GTA am Griespass bis zur Santuario del Oropa nordlich von Biella ab.<\/p>\n<p>Die Wanderkarte ist topografisch, stellt verschiedene Arten von Wanderwegen unterschiedlich dar und bezeichnet wichtige Wege mit Namen. Unterk\u00fcnfte sind ebenso wie Sehensw\u00fcrdigkeiten, Freizeitm\u00f6glichkeiten und praktische Informationen gekennzeichnet. Ein UTMS-Gitter ist f\u00fcr GPS-Benutzer vorhanden. Im Umschlag des Kartenatlases ist eine \u00dcbersicht der Strecke mit Kartenangaben vorhanden, ein H\u00f6henprofil der Strecke und eine \u00dcbersicht der Etappen mit Zeit-, Streckenangaben und H\u00f6henunterschied enthalten. Die Karte mit Einf\u00fchrung zum GTA und auch die Legende sind in italienischer Sprache.<\/p>\n<p>Der GTA ist markiert. Das Kartenset ist wasserfest.<\/p>\n<p><strong>Enthaltene Strecke:\u00a0<\/strong>Rifugio Barbara Lowrie, Pian Melz\u00e8, Rifugio Alpetto, Rifugio Bagnour, Chiesa\/Chiazale, Campo Base, Chialvetta, Pontebernardo, Sambuco, San Martino, Celle di Macra, Santuario San Magno, Pontebernardo, Ferriere, Rifugio Migliorero, Strepeis, Sant\u2019 Anna di Vinadio, Rifugio Malinvern, Terme di Valdieri, Rifugio Genova-Figari, San Giacomo, Trinit\u00e0, Palanfr\u00e8, Limonetto\/San Lorenzo, Rifugio Garelli, Upega, Monesi di Triora, Colla Melosa, Gola di Gouta, Rifugio Alta Via, Ventimiglia<\/p>\n<p>&nbsp;<\/p>","protected":false},"excerpt":{"rendered":"<p>Il GTA, Grande Traversata delle Alpi, \u00e8 un itinerario escursionistico che unisce tutto l&#8217;arco alpino occidentale\u00a0tra Piemonte, Liguria e Francia e si articola su una fitta rete di sentieri e posti tappa. Il percorso complessivo della GTA forma un itinerario di circa 1000 km, un grande trekking sulle montagne del confine nord-occidentale d&#8217;Italia. Il volume [&#8230;]\n","protected":false},"featured_media":166088,"template":"","meta":[],"product_brand":[],"product_cat":[21543],"product_tag":[],"class_list":{"0":"post-166086","1":"product","2":"type-product","3":"status-publish","4":"has-post-thumbnail","6":"product_cat-landkarten","7":"pa_autor-national-geographic","8":"pa_erscheinungsjahr-21586","9":"pa_region-frankreich","10":"pa_region-italien","11":"pa_sprache-it","13":"first","14":"outofstock","15":"taxable","16":"shipping-taxable","17":"purchasable","18":"product-type-simple"},"_links":{"self":[{"href":"https:\/\/pizbube.ch\/en\/wp-json\/wp\/v2\/product\/166086","targetHints":{"allow":["GET"]}}],"collection":[{"href":"https:\/\/pizbube.ch\/en\/wp-json\/wp\/v2\/product"}],"about":[{"href":"https:\/\/pizbube.ch\/en\/wp-json\/wp\/v2\/types\/product"}],"wp:featuredmedia":[{"embeddable":true,"href":"https:\/\/pizbube.ch\/en\/wp-json\/wp\/v2\/media\/166088"}],"wp:attachment":[{"href":"https:\/\/pizbube.ch\/en\/wp-json\/wp\/v2\/media?parent=166086"}],"wp:term":[{"taxonomy":"product_brand","embeddable":true,"href":"https:\/\/pizbube.ch\/en\/wp-json\/wp\/v2\/product_brand?post=166086"},{"taxonomy":"product_cat","embeddable":true,"href":"https:\/\/pizbube.ch\/en\/wp-json\/wp\/v2\/product_cat?post=166086"},{"taxonomy":"product_tag","embeddable":true,"href":"https:\/\/pizbube.ch\/en\/wp-json\/wp\/v2\/product_tag?post=166086"}],"curies":[{"name":"wp","href":"https:\/\/api.w.org\/{rel}","templated":true}]}}