{"id":166153,"date":"2023-02-14T18:12:10","date_gmt":"2023-02-14T17:12:10","guid":{"rendered":"https:\/\/pizbube.ch\/?post_type=product&#038;p=166153"},"modified":"2023-02-14T18:13:55","modified_gmt":"2023-02-14T17:13:55","slug":"emilio-comici-lange-des-dolomites","status":"publish","type":"product","link":"https:\/\/pizbube.ch\/en\/shop\/emilio-comici-lange-des-dolomites\/","title":{"rendered":"\u00c9milio Comici &#8211; L&#8217;ange des Dolomites"},"content":{"rendered":"<p><i>Plus c\u2019est vertigineux, fou, improbable, effrayant et envo\u00fbtant, plus l\u2019attraction que ces parois exercent sur nous est immense<\/i>. <b>Emilio Comici\u00a0<\/b><b><\/b><\/p>\n<p>Avant sa mort \u00e0 39 ans, Emilio Comici a r\u00e9alis\u00e9 plus de 200 premi\u00e8res ascensions entre 1930 et 1940. L\u2019art de l\u2019escalade de ce grimpeur italien, connu comme l\u2019Ange des Dolomites, \u00e9tait fait d\u2019\u00e9l\u00e9gance, de style, de force et d\u2019agilit\u00e9. Il \u00e9tait alors le plus fort et le plus connu des Alpes orientales, foyer mondial de l\u2019escalade \u00e0 cette \u00e9poque.<\/p>\n<p>David Smart relate comment l\u2019histoire familiale tragique et son enfance au sein de la classe ouvri\u00e8re de Trieste sous l\u2019occupation autrichienne ont fa\u00e7onn\u00e9 la personnalit\u00e9 complexe d\u2019Emilio Comici ainsi que son approche de l\u2019escalade. Comme beaucoup d\u2019alpinistes italiens de l\u2019\u00e9poque, bien que profond\u00e9ment anti-allemand et oppos\u00e9 \u00e0 la pers\u00e9cution raciale, il \u00e9tait un membre d\u00e9vou\u00e9 du parti fasciste italien.<\/p>\n<p><i>Emilio Comici, cet amoureux de l\u2019esth\u00e9tique en escalade, \u00e9tait l\u2019un des alpinistes les plus importants des ann\u00e9es trente. Pourtant, jusqu\u2019\u00e0 pr\u00e9sent, aucune biographie compl\u00e8te et exhaustive ne lui avait \u00e9t\u00e9 d\u00e9di\u00e9e. Avec cet ouvrage, David Smart comble ce vide et nous livre un incontournable de l\u2019histoire de l\u2019alpinisme.\u00a0 <\/i><b>Catherine Destivelle,<\/b> directrice des Editions du Mont-Blanc.<\/p>\n<p>318 pages<br \/>\nBroch\u00e9 14&#215;20,5 cm<\/p>","protected":false},"excerpt":{"rendered":"<p>Plus c\u2019est vertigineux, fou, improbable, effrayant et envo\u00fbtant, plus l\u2019attraction que ces parois exercent sur nous est immense. Emilio Comici\u00a0 Avant sa mort \u00e0 39 ans, Emilio Comici a r\u00e9alis\u00e9 plus de 200 premi\u00e8res ascensions entre 1930 et 1940. L\u2019art de l\u2019escalade de ce grimpeur italien, connu comme l\u2019Ange des Dolomites, \u00e9tait fait d\u2019\u00e9l\u00e9gance, de [&#8230;]\n","protected":false},"featured_media":166154,"template":"","meta":[],"product_brand":[],"product_cat":[21542],"product_tag":[],"class_list":{"0":"post-166153","1":"product","2":"type-product","3":"status-publish","4":"has-post-thumbnail","6":"product_cat-sachbuecher-dokumentationen","7":"pa_autor-smart","8":"pa_erscheinungsjahr-27129","9":"pa_region-italien","10":"pa_sprache-fr","12":"first","13":"instock","14":"taxable","15":"shipping-taxable","16":"purchasable","17":"product-type-simple"},"_links":{"self":[{"href":"https:\/\/pizbube.ch\/en\/wp-json\/wp\/v2\/product\/166153","targetHints":{"allow":["GET"]}}],"collection":[{"href":"https:\/\/pizbube.ch\/en\/wp-json\/wp\/v2\/product"}],"about":[{"href":"https:\/\/pizbube.ch\/en\/wp-json\/wp\/v2\/types\/product"}],"wp:featuredmedia":[{"embeddable":true,"href":"https:\/\/pizbube.ch\/en\/wp-json\/wp\/v2\/media\/166154"}],"wp:attachment":[{"href":"https:\/\/pizbube.ch\/en\/wp-json\/wp\/v2\/media?parent=166153"}],"wp:term":[{"taxonomy":"product_brand","embeddable":true,"href":"https:\/\/pizbube.ch\/en\/wp-json\/wp\/v2\/product_brand?post=166153"},{"taxonomy":"product_cat","embeddable":true,"href":"https:\/\/pizbube.ch\/en\/wp-json\/wp\/v2\/product_cat?post=166153"},{"taxonomy":"product_tag","embeddable":true,"href":"https:\/\/pizbube.ch\/en\/wp-json\/wp\/v2\/product_tag?post=166153"}],"curies":[{"name":"wp","href":"https:\/\/api.w.org\/{rel}","templated":true}]}}