{"id":166185,"date":"2023-02-15T11:20:13","date_gmt":"2023-02-15T10:20:13","guid":{"rendered":"https:\/\/pizbube.ch\/?post_type=product&#038;p=166185"},"modified":"2024-01-08T16:03:03","modified_gmt":"2024-01-08T15:03:03","slug":"eiger-die-laengste-nacht-meines-lebens","status":"publish","type":"product","link":"https:\/\/pizbube.ch\/en\/shop\/eiger-die-laengste-nacht-meines-lebens\/","title":{"rendered":"Eiger &#8211; Die l\u00e4ngste Nacht meines Lebens"},"content":{"rendered":"<p>Paul, Alex, Ludwig, Ruben, Maarten und Andrea \u2013 sechs junge Bergsteiger aus S\u00fcdtirol, Bayern und Belgien \u2013 sind auf dem Osteggrat unterwegs in Richtung Eiger. Die Schl\u00fcsselstellen der Tour haben sie bereits gemeistert und es trennen sie nur noch ein paar hundert Meter von ihrem Tagesziel, der Mittellegih\u00fctte, als es pl\u00f6tzlich anf\u00e4ngt zu regnen.<\/p>\n<p>Was am Anfang noch nach einem leichten Sommergewitter aussieht, wandelt sich viel zu schnell zu einem schrecklichen Wettersturz mit Gewitter, st\u00fcrmischem Wind, Regen, Hagel und Schnee. Binnen weniger Minuten ist der komplette Grat von einer Schnee- und Eisschicht \u00fcberzogen; Nebel beschr\u00e4nkt die Sicht und die Nacht bricht langsam herein. An ein Weiterkommen ist nicht mehr zu denken.<\/p>\n<p>Ein Rettungsversuch der Rega (Schweizerische Rettungsflugwacht) scheitert aufgrund der Wetterlage, auch die Prognosen f\u00fcr den n\u00e4chsten Tag sind mehr schlecht als recht. Ihnen bleibt nichts \u00fcbrig als mitten auf dem Grat ein Notbiwak zu errichten. Es beginnt die wohl l\u00e4ngste und h\u00e4rteste Nacht ihres Lebens \u2013 ein wahrer Kampf ums \u00dcberleben, bei dem nur eines z\u00e4hlt: nur nicht einschlafen!<\/p>\n<p>Andrea, j\u00fcngste und einzige Frau der Runde, erz\u00e4hlt wie sie diese Nacht \u00fcberlebt hat und teilt ihre Gedanken, \u00c4ngste, und Hoffnungen.<\/p>\n<div class=\"views-field views-field-field-pages\"><span class=\"views-label views-label-field-pages\">Seiten: <\/span><span class=\"field-content\">192<\/span><\/div>\n<div class=\"views-field views-field-description\">\n<div class=\"field-content\">Buch flexibler Einband (Paperback)<\/div>\n<\/div>\n<div class=\"views-field views-field-field-width\"><span class=\"views-label views-label-field-width\">Format: <\/span><span class=\"field-content\">150 x 225 mm<\/span><\/div>","protected":false},"excerpt":{"rendered":"<p>Paul, Alex, Ludwig, Ruben, Maarten und Andrea \u2013 sechs junge Bergsteiger aus S\u00fcdtirol, Bayern und Belgien \u2013 sind auf dem Osteggrat unterwegs in Richtung Eiger. Die Schl\u00fcsselstellen der Tour haben sie bereits gemeistert und es trennen sie nur noch ein paar hundert Meter von ihrem Tagesziel, der Mittellegih\u00fctte, als es pl\u00f6tzlich anf\u00e4ngt zu regnen. Was [&#8230;]\n","protected":false},"featured_media":166186,"template":"","meta":[],"product_brand":[],"product_cat":[21629,21542],"product_tag":[],"class_list":{"0":"post-166185","1":"product","2":"type-product","3":"status-publish","4":"has-post-thumbnail","6":"product_cat-belletristik","7":"product_cat-sachbuecher-dokumentationen","8":"pa_autor-wisthaler","9":"pa_erscheinungsjahr-27013","10":"pa_region-schweiz","11":"pa_sprache-de","13":"first","14":"onbackorder","15":"taxable","16":"shipping-taxable","17":"purchasable","18":"product-type-simple"},"_links":{"self":[{"href":"https:\/\/pizbube.ch\/en\/wp-json\/wp\/v2\/product\/166185","targetHints":{"allow":["GET"]}}],"collection":[{"href":"https:\/\/pizbube.ch\/en\/wp-json\/wp\/v2\/product"}],"about":[{"href":"https:\/\/pizbube.ch\/en\/wp-json\/wp\/v2\/types\/product"}],"wp:featuredmedia":[{"embeddable":true,"href":"https:\/\/pizbube.ch\/en\/wp-json\/wp\/v2\/media\/166186"}],"wp:attachment":[{"href":"https:\/\/pizbube.ch\/en\/wp-json\/wp\/v2\/media?parent=166185"}],"wp:term":[{"taxonomy":"product_brand","embeddable":true,"href":"https:\/\/pizbube.ch\/en\/wp-json\/wp\/v2\/product_brand?post=166185"},{"taxonomy":"product_cat","embeddable":true,"href":"https:\/\/pizbube.ch\/en\/wp-json\/wp\/v2\/product_cat?post=166185"},{"taxonomy":"product_tag","embeddable":true,"href":"https:\/\/pizbube.ch\/en\/wp-json\/wp\/v2\/product_tag?post=166185"}],"curies":[{"name":"wp","href":"https:\/\/api.w.org\/{rel}","templated":true}]}}