{"id":166203,"date":"2023-02-15T16:08:36","date_gmt":"2023-02-15T15:08:36","guid":{"rendered":"https:\/\/pizbube.ch\/?post_type=product&#038;p=166203"},"modified":"2023-02-15T16:23:42","modified_gmt":"2023-02-15T15:23:42","slug":"albania-hiking-biking-map-6-elbasan-berat-150-000","status":"publish","type":"product","link":"https:\/\/pizbube.ch\/en\/shop\/albania-hiking-biking-map-6-elbasan-berat-150-000\/","title":{"rendered":"Albania: hiking &amp; biking Map 6, Elbasan, Berat 1:50.000"},"content":{"rendered":"<p>Wander- und Radkarte Albanien mit Tourenbeschreibungen auf der Kartenr\u00fcckseite \u2013 GPS-genau!<br \/>\nBlatt 6<\/p>\n<p>Diese 9-teilige Rad- und Wanderkartenserie im Ma\u00dfstab 1:50.000 bildet die attraktivsten Regionen Albaniens ab.<br \/>\nDie Kartenreihe wurde in Zusammenarbeit mit unserem Partner Prof. As. Dr. Kujtim Onuzi in Tirana (Albanien) erarbeitet und ver\u00f6ffentlicht, und von der Austrian Development Agency (ADA) gef\u00f6rdert.<\/p>\n<p>Dar\u00fcber hinaus wurden die Karten von den \u00f6rtlichen Tourismusverb\u00e4nden und \u2013institutionen mit wertvollen Inhalten von touristischem Interesse, wie z.B. \u00dcbernachtungsm\u00f6glichkeiten, sehenswerte H\u00f6hlen und Aussichtspunkte, erg\u00e4nzt.<\/p>\n<p>Auf den Kartenvorderseiten sind nummerierte farblich voneinander getrennte Rad- und Wandertouren markiert, die auf den Kartenr\u00fcckseiten ausf\u00fchrlich in albanischer und englischer Sprache beschrieben und erl\u00e4utert werden. Zus\u00e4tzliche Fotos aus der jeweiligen Region geben einen bildhaften Eindruck.<\/p>\n<p>Die markierten Routen bieten dem Nutzer die M\u00f6glichkeit, sowohl kurze Ausfl\u00fcge als auch mehrt\u00e4gige Touren zu unternehmen.<br \/>\nDiese werden zus\u00e4tzlich durch n\u00fctzliche Tipps, wie z.B. Beschaffenheit der Stra\u00dfenoberfl\u00e4che und teils H\u00f6henprofile, erg\u00e4nzt.<br \/>\nAlle Rad- und Wanderwege wurden vor Ort von lokalen Spezialisten recherchiert, per GPS erfasst und nach Schwierigkeitsgraden klassifiziert.<\/p>\n<p>&nbsp;<\/p>\n<p>Albania Hiking and Biking Map [6]\n<p>Elbasan and environs area of Albania at 1:50,000 in a series of GPS<br \/>\ncompatible contoured maps from Huber Verlag showing hiking and cycling routes,<br \/>\nclimbing sites, tourist accommodation, etc. Descriptions cover 24 cycling<br \/>\nroutes and four hiking trails.<\/p>\n<p>Maps in this series, prepared in cooperation with the Albanian Alps<br \/>\nAssociations and the National Society for Mountainous Studies, have contours<br \/>\nat 50m intervals, with spot heights, graphic relief for exposed rocky areas<br \/>\nand colouring showing woodlands. Recommended hiking and cycling routes are<br \/>\nprominently marked and cross-referenced to descriptions on the reverse side.<\/p>\n<p>Interesting towns and villages are highlighted and symbols indicate hotels and<br \/>\nother tourist accommodation, sites for climbing and\/or kayaking, museums,<br \/>\narchaeological remains, medical facilities, etc. The maps have a 1-km UTM<br \/>\ngrid. On the reverse are detailed descriptions of the recommended hiking and<br \/>\ncycling trails accompanied in some titles by route profiles. Map legend and<br \/>\nall the text include English.<\/p>\n","protected":false},"excerpt":{"rendered":"<p>Wander- und Radkarte Albanien mit Tourenbeschreibungen auf der Kartenr\u00fcckseite \u2013 GPS-genau! Blatt 6 Diese 9-teilige Rad- und Wanderkartenserie im Ma\u00dfstab 1:50.000 bildet die attraktivsten Regionen Albaniens ab. Die Kartenreihe wurde in Zusammenarbeit mit unserem Partner Prof. As. Dr. Kujtim Onuzi in Tirana (Albanien) erarbeitet und ver\u00f6ffentlicht, und von der Austrian Development Agency (ADA) gef\u00f6rdert. Dar\u00fcber [&#8230;]\n","protected":false},"featured_media":166204,"template":"","meta":[],"product_brand":[],"product_cat":[21543],"product_tag":[27234],"class_list":{"0":"post-166203","1":"product","2":"type-product","3":"status-publish","4":"has-post-thumbnail","6":"product_cat-landkarten","7":"product_tag-albanien","8":"pa_autor-huber","9":"pa_erscheinungsjahr-21550","10":"pa_region-osteuropa","11":"pa_sprache-en-de","13":"first","14":"instock","15":"taxable","16":"shipping-taxable","17":"purchasable","18":"product-type-simple"},"_links":{"self":[{"href":"https:\/\/pizbube.ch\/en\/wp-json\/wp\/v2\/product\/166203","targetHints":{"allow":["GET"]}}],"collection":[{"href":"https:\/\/pizbube.ch\/en\/wp-json\/wp\/v2\/product"}],"about":[{"href":"https:\/\/pizbube.ch\/en\/wp-json\/wp\/v2\/types\/product"}],"wp:featuredmedia":[{"embeddable":true,"href":"https:\/\/pizbube.ch\/en\/wp-json\/wp\/v2\/media\/166204"}],"wp:attachment":[{"href":"https:\/\/pizbube.ch\/en\/wp-json\/wp\/v2\/media?parent=166203"}],"wp:term":[{"taxonomy":"product_brand","embeddable":true,"href":"https:\/\/pizbube.ch\/en\/wp-json\/wp\/v2\/product_brand?post=166203"},{"taxonomy":"product_cat","embeddable":true,"href":"https:\/\/pizbube.ch\/en\/wp-json\/wp\/v2\/product_cat?post=166203"},{"taxonomy":"product_tag","embeddable":true,"href":"https:\/\/pizbube.ch\/en\/wp-json\/wp\/v2\/product_tag?post=166203"}],"curies":[{"name":"wp","href":"https:\/\/api.w.org\/{rel}","templated":true}]}}