{"id":166225,"date":"2023-02-16T10:40:44","date_gmt":"2023-02-16T09:40:44","guid":{"rendered":"https:\/\/pizbube.ch\/?post_type=product&#038;p=166225"},"modified":"2025-12-03T12:27:28","modified_gmt":"2025-12-03T11:27:28","slug":"geschichte-der-walser-im-avers","status":"publish","type":"product","link":"https:\/\/pizbube.ch\/en\/shop\/geschichte-der-walser-im-avers\/","title":{"rendered":"Geschichte der Walser im Avers"},"content":{"rendered":"<p>Deutsche Ausgabe des 2014 erschienenen Werks &#171;Storia della Valle di Avers&#187;<\/p>\n<p><span class=\"field field--name-title field--type-string field--label-hidden\">Zeit der Walser Einwanderung in Graub\u00fcnden neu beleuchtet<\/span>.<br \/>\nVor bald zehn Jahren hat der norditalienische Walserhistoriker Enrico Rizzi ein Buch \u00fcber die Geschichte des Avers verfasst. Jetzt liegt es auch in \u00dcbersetzung vor.<\/p>\n<p><span id=\"page100R_mcid125\" class=\"markedContent\"><span dir=\"ltr\" role=\"presentation\">Das<\/span> <span dir=\"ltr\" role=\"presentation\">Buch<\/span> <span dir=\"ltr\" role=\"presentation\">erg\u00e4nzt<\/span> <span dir=\"ltr\" role=\"presentation\">die<\/span> <span dir=\"ltr\" role=\"presentation\">bestehenden<\/span> <span dir=\"ltr\" role=\"presentation\">Stan<\/span><\/span><span id=\"page100R_mcid126\" class=\"markedContent\"><\/span><span id=\"page100R_mcid127\" class=\"markedContent\"><span dir=\"ltr\" role=\"presentation\">dardwerke \u00fcber das Avers und vermittelt <\/span><\/span><span id=\"page100R_mcid128\" class=\"markedContent\"><span dir=\"ltr\" role=\"presentation\">neue Einsichten zur fr\u00fchen Geschichte der <\/span><\/span><span id=\"page100R_mcid129\" class=\"markedContent\"><span dir=\"ltr\" role=\"presentation\">Walser in diesem Tal. Die Auswertung bis<\/span><\/span><span id=\"page100R_mcid130\" class=\"markedContent\"><\/span><span id=\"page100R_mcid131\" class=\"markedContent\"><span dir=\"ltr\" role=\"presentation\">her unbekannter Quellen sowie deren Ein<\/span><\/span><span id=\"page100R_mcid132\" class=\"markedContent\"><\/span><span id=\"page100R_mcid133\" class=\"markedContent\"><span dir=\"ltr\" role=\"presentation\">ordnung in \u00fcberregionale Zusammenh\u00e4n<\/span><\/span><span id=\"page100R_mcid134\" class=\"markedContent\"><\/span><span id=\"page100R_mcid135\" class=\"markedContent\"><span dir=\"ltr\" role=\"presentation\">ge, die der Autor aufgrund seiner profunden <\/span><\/span><span id=\"page100R_mcid136\" class=\"markedContent\"><span dir=\"ltr\" role=\"presentation\">Kenntnis urkundlicher Quellen aus anderen <\/span><\/span><span id=\"page100R_mcid137\" class=\"markedContent\"><span dir=\"ltr\" role=\"presentation\">Walsergebieten<\/span> <span dir=\"ltr\" role=\"presentation\">herstellen<\/span> <span dir=\"ltr\" role=\"presentation\">kann,<\/span> <span dir=\"ltr\" role=\"presentation\">machen <\/span><\/span><span id=\"page100R_mcid138\" class=\"markedContent\"><span dir=\"ltr\" role=\"presentation\">dieses Buch besonders wertvoll.<\/span><\/span><\/p>\n<p><span id=\"page100R_mcid141\" class=\"markedContent\"><span dir=\"ltr\" role=\"presentation\">244 Seiten, mit 37 historischen Fotos, Abbil<\/span><\/span><span id=\"page100R_mcid142\" class=\"markedContent\"><span dir=\"ltr\" role=\"presentation\">&#8211;<\/span><\/span><span id=\"page100R_mcid143\" class=\"markedContent\"><br role=\"presentation\" \/><span dir=\"ltr\" role=\"presentation\">dungen und Skizzen und einer \u00dcbersichts<\/span><\/span><span id=\"page100R_mcid144\" class=\"markedContent\"><span dir=\"ltr\" role=\"presentation\">&#8211;<\/span><\/span><span id=\"page100R_mcid145\" class=\"markedContent\"><br role=\"presentation\" \/><span dir=\"ltr\" role=\"presentation\">karte. <\/span><\/span><\/p>","protected":false},"excerpt":{"rendered":"<p>Deutsche Ausgabe des 2014 erschienenen Werks &#171;Storia della Valle di Avers&#187; Zeit der Walser Einwanderung in Graub\u00fcnden neu beleuchtet. Vor bald zehn Jahren hat der norditalienische Walserhistoriker Enrico Rizzi ein Buch \u00fcber die Geschichte des Avers verfasst. Jetzt liegt es auch in \u00dcbersetzung vor. Das Buch erg\u00e4nzt die bestehenden Standardwerke \u00fcber das Avers und vermittelt [&#8230;]\n","protected":false},"featured_media":166226,"template":"","meta":[],"product_brand":[],"product_cat":[21580,21542],"product_tag":[],"class_list":{"0":"post-166225","1":"product","2":"type-product","3":"status-publish","4":"has-post-thumbnail","6":"product_cat-kunst-kultur","7":"product_cat-sachbuecher-dokumentationen","8":"pa_autor-rizzi","9":"pa_erscheinungsjahr-27013","10":"pa_region-schweiz","11":"pa_sprache-de","13":"first","14":"instock","15":"taxable","16":"shipping-taxable","17":"purchasable","18":"product-type-simple"},"_links":{"self":[{"href":"https:\/\/pizbube.ch\/en\/wp-json\/wp\/v2\/product\/166225","targetHints":{"allow":["GET"]}}],"collection":[{"href":"https:\/\/pizbube.ch\/en\/wp-json\/wp\/v2\/product"}],"about":[{"href":"https:\/\/pizbube.ch\/en\/wp-json\/wp\/v2\/types\/product"}],"wp:featuredmedia":[{"embeddable":true,"href":"https:\/\/pizbube.ch\/en\/wp-json\/wp\/v2\/media\/166226"}],"wp:attachment":[{"href":"https:\/\/pizbube.ch\/en\/wp-json\/wp\/v2\/media?parent=166225"}],"wp:term":[{"taxonomy":"product_brand","embeddable":true,"href":"https:\/\/pizbube.ch\/en\/wp-json\/wp\/v2\/product_brand?post=166225"},{"taxonomy":"product_cat","embeddable":true,"href":"https:\/\/pizbube.ch\/en\/wp-json\/wp\/v2\/product_cat?post=166225"},{"taxonomy":"product_tag","embeddable":true,"href":"https:\/\/pizbube.ch\/en\/wp-json\/wp\/v2\/product_tag?post=166225"}],"curies":[{"name":"wp","href":"https:\/\/api.w.org\/{rel}","templated":true}]}}