{"id":166238,"date":"2023-02-17T09:27:58","date_gmt":"2023-02-17T08:27:58","guid":{"rendered":"https:\/\/pizbube.ch\/?post_type=product&#038;p=166238"},"modified":"2023-02-17T09:27:58","modified_gmt":"2023-02-17T08:27:58","slug":"natuerlich-mit-oeffis-die-besten-skitouren-reibn-und-skisafaris-ab-muenchen","status":"publish","type":"product","link":"https:\/\/pizbube.ch\/en\/shop\/natuerlich-mit-oeffis-die-besten-skitouren-reibn-und-skisafaris-ab-muenchen\/","title":{"rendered":"Nat\u00fcrlich mit \u00d6ffis! &#8211; Die besten Skitouren, Reibn und Skisafaris ab M\u00fcnchen"},"content":{"rendered":"<p><span class=\"value\">Mehr Erlebnis und Abenteuerlust im Gebirge! Der Skitourenf\u00fchrer \u00bbNat\u00fcrlich mit \u00d6ffis!\u00ab pr\u00e4sentiert 35 interessante Skitouren, Rundtouren und Durchquerungen ab M\u00fcnchen \u2013 und liefert ein neues Freiheitsgef\u00fchl inklusive: Denn angereist wird mit Bus und Bahn, so dass man nicht zwingend zum Ausgangspunkt zur\u00fcckmuss, es gibt weder Parkplatzsuche noch Stau. Die Skitouren beginnen an Bus- oder Bahnhaltestellen und f\u00fchren von dort direkt in den Schnee.<\/span><\/p>\n<p>\u00bbNat\u00fcrlich mit \u00d6ffis!\u00ab ist der alpenweit erste Skitourenf\u00fchrer, der alle Touren ausschlie\u00dflich mit \u00f6ffentlichen Verkehrsmitteln beschreibt. Das Buch m\u00f6chte Skitourengeher zu einer klimaschonenden, sanften Art des Unterwegsseins inspirieren und motivieren. Viele neue Routen abseits der immer gleichen Wege werden m\u00f6glich, weil man nicht mehr zum Parkplatz zur\u00fcckmuss. In dieser Freiheit liegt einer der unschlagbaren Vorteile der \u00f6ffentlichen Verkehrsmittel: Die Berge lassen sich viel bewusster und intensiver entdecken. Jede Skitour ist eine Reise, die schon an der Haust\u00fcr beginnt. Die An- und Abreise mit Freunden wird zum Gemeinschaftserlebnis mit viel Raum f\u00fcr Gespr\u00e4che, Brotzeit und Detailplanung. Niemand muss \u00fcberm\u00fcdet und gestresst die Gruppe am Ende der Skitour wieder auf vollen Stra\u00dfen nach Hause chauffieren.<\/p>\n<p><span class=\"value\">Aus der gro\u00dfen F\u00fclle an M\u00f6glichkeiten stellen die vier Autorinnen und Autoren ihre beliebtesten Skitouren, Rundtouren und Skisafaris zwischen Berchtesgaden und Oberstdorf vor. Das Buch enth\u00e4lt eine \u00fcbersichtliche Netzkarte, Tipps undTricks f\u00fcr das Unterwegssein mit Bus und Bahn und bietet zu jeder Skitour genaue Infos f\u00fcr die An- und Abreise. Die Tourenl\u00e4nge inklusive Anfahrt ist mit Bedacht auf Jahreszeit und Tagesl\u00e4nge gew\u00e4hlt. Die Routenbeschreibungen sind detailliert und zuverl\u00e4ssig, erg\u00e4nzt werden sie durch Tourenk\u00e4rtchen und H\u00f6henprofile. Au\u00dferdem stehen GPS-Tracks zum Download bereit.<\/span><\/p>\n<p>Die Routenf\u00fchrungen beachten zudem den winterlichen Schutz von Wild und Wald und folgen den Empfehlungen des Projektes \u00bbSkibergsteigen umweltfreundlich\u00ab des Deutschen Alpenvereins. Daf\u00fcr wurde dieses Buch mit dem G\u00fctesiegel \u00bbNat\u00fcrlich auf Tour\u00ab ausgezeichnet.Mit Leidenschaft zeigen die Autor:innen, dass klimafreundlicher Wintersport m\u00f6glich ist und sehr viel Spa\u00df macht. Es ist ein Buch f\u00fcr alle, die ihre Berge rund um M\u00fcnchen mit \u00d6ffis neu entdecken m\u00f6chten!<\/p>\n<p>35 Touren \/ Safaris;<br \/>\n232 Seiten<br \/>\n35 H\u00f6henprofile, 35 Tourenk\u00e4rtchen im Ma\u00dfstab 1:50.000 und 1:75.000, eine \u00dcbersichtskarte und eine Tourenmatrix<\/p>","protected":false},"excerpt":{"rendered":"<p>Mehr Erlebnis und Abenteuerlust im Gebirge! Der Skitourenf\u00fchrer \u00bbNat\u00fcrlich mit \u00d6ffis!\u00ab pr\u00e4sentiert 35 interessante Skitouren, Rundtouren und Durchquerungen ab M\u00fcnchen \u2013 und liefert ein neues Freiheitsgef\u00fchl inklusive: Denn angereist wird mit Bus und Bahn, so dass man nicht zwingend zum Ausgangspunkt zur\u00fcckmuss, es gibt weder Parkplatzsuche noch Stau. Die Skitouren beginnen an Bus- oder Bahnhaltestellen [&#8230;]\n","protected":false},"featured_media":166239,"template":"","meta":[],"product_brand":[],"product_cat":[21540],"product_tag":[],"class_list":{"0":"post-166238","1":"product","2":"type-product","3":"status-publish","4":"has-post-thumbnail","6":"product_cat-fuehrerliteratur-alpin-winter","7":"pa_autor-feiner-schmid-schmid-vitzthum","8":"pa_erscheinungsjahr-27129","9":"pa_region-deutschland","10":"pa_region-oesterreich","11":"pa_sprache-de","13":"first","14":"instock","15":"taxable","16":"shipping-taxable","17":"purchasable","18":"product-type-simple"},"_links":{"self":[{"href":"https:\/\/pizbube.ch\/en\/wp-json\/wp\/v2\/product\/166238","targetHints":{"allow":["GET"]}}],"collection":[{"href":"https:\/\/pizbube.ch\/en\/wp-json\/wp\/v2\/product"}],"about":[{"href":"https:\/\/pizbube.ch\/en\/wp-json\/wp\/v2\/types\/product"}],"wp:featuredmedia":[{"embeddable":true,"href":"https:\/\/pizbube.ch\/en\/wp-json\/wp\/v2\/media\/166239"}],"wp:attachment":[{"href":"https:\/\/pizbube.ch\/en\/wp-json\/wp\/v2\/media?parent=166238"}],"wp:term":[{"taxonomy":"product_brand","embeddable":true,"href":"https:\/\/pizbube.ch\/en\/wp-json\/wp\/v2\/product_brand?post=166238"},{"taxonomy":"product_cat","embeddable":true,"href":"https:\/\/pizbube.ch\/en\/wp-json\/wp\/v2\/product_cat?post=166238"},{"taxonomy":"product_tag","embeddable":true,"href":"https:\/\/pizbube.ch\/en\/wp-json\/wp\/v2\/product_tag?post=166238"}],"curies":[{"name":"wp","href":"https:\/\/api.w.org\/{rel}","templated":true}]}}