{"id":166295,"date":"2023-02-22T10:51:42","date_gmt":"2023-02-22T09:51:42","guid":{"rendered":"https:\/\/pizbube.ch\/?post_type=product&#038;p=166295"},"modified":"2023-02-22T10:51:42","modified_gmt":"2023-02-22T09:51:42","slug":"griechenland-e4-peloponnes-2","status":"publish","type":"product","link":"https:\/\/pizbube.ch\/en\/shop\/griechenland-e4-peloponnes-2\/","title":{"rendered":"Griechenland: E4 Peloponnes"},"content":{"rendered":"<p>Die griechische Halbinsel Peloponnes ist das gebirgige S\u00fcdende des Balkans und gilt noch als Geheimtipp f\u00fcr das Weitwandern. Auf dem Teilst\u00fcck des Europ\u00e4ischen Fernwanderwegs E4 l\u00e4sst sie sich auf gut 300 km von Nord nach S\u00fcd durchqueren.<\/p>\n<p>Die Tour startet in Diakopto am Golf von Korinth und endet in Gythio am Lakonischen Golf. Auf dieser Durchquerung liegen mehrere Gebirgszonen: die Ausl\u00e4ufer des Berges Chelmos, das Menalo-Gebirge, das Parnon-Gebirge und die letzten Tage f\u00fchren durch das h\u00f6chste Gebirge der Peloponnes, das Taygetos. Die dazwischenliegenden Hoch- und Tiefebenen sind von einer fruchtbaren Landschaft gepr\u00e4gt und tauchen die Halbinsel im Fr\u00fchling in ein \u00fcberbordendes Bl\u00fctenmeer.<\/p>\n<p>Auf dieser Weitwanderung wechseln sich erlebnisreiche Passagen durch einsame Natur, wilde Flusst\u00e4ler, dramatische Schluchten und alpines Gel\u00e4nde mit winzigen, halb verlassenen Bergd\u00f6rfern, belebten, sch\u00f6nen Ortschaften und den St\u00e4dten Tripoli und Sparta ab. Diese geben ausgiebig Gelegenheit, in die Geschichte der griechischen Antike einzutauchen. Au\u00dferdem passieren Sie hinter Sparta die UNESCO-Weltkulturerbest\u00e4tte Mystras.<\/p>\n<p>Dieser Wanderf\u00fchrer unterst\u00fctzt Wanderer umfangreich auf dem Abenteuer Peloponnes mit Vorschl\u00e4gen zu Etappen und zur Aufteilung, detaillierten Wegbeschreibungen, Hinweisen zu Unterk\u00fcnften und Verpflegungsm\u00f6glichkeiten sowie vielen Tipps zu Highlights, Ortschaften, Transport und mehr.<\/p>\n<p>Erg\u00e4nzt werden die Beschreibungen durch Karten und H\u00f6henprofile sowie GPS-Tracks zum Download.<\/p>\n<p>1. Auflage 2023;<br \/>\n<span class=\"value\">128 Seiten<\/span><\/p>","protected":false},"excerpt":{"rendered":"<p>Die griechische Halbinsel Peloponnes ist das gebirgige S\u00fcdende des Balkans und gilt noch als Geheimtipp f\u00fcr das Weitwandern. Auf dem Teilst\u00fcck des Europ\u00e4ischen Fernwanderwegs E4 l\u00e4sst sie sich auf gut 300 km von Nord nach S\u00fcd durchqueren. Die Tour startet in Diakopto am Golf von Korinth und endet in Gythio am Lakonischen Golf. Auf dieser [&#8230;]\n","protected":false},"featured_media":166296,"template":"","meta":[],"product_brand":[],"product_cat":[21605],"product_tag":[],"class_list":{"0":"post-166295","1":"product","2":"type-product","3":"status-publish","4":"has-post-thumbnail","6":"product_cat-wanderfuehrer-trekking","7":"pa_autor-nostitz","8":"pa_erscheinungsjahr-27129","9":"pa_region-griechenland","10":"pa_sprache-de","12":"first","13":"instock","14":"taxable","15":"shipping-taxable","16":"purchasable","17":"product-type-simple"},"_links":{"self":[{"href":"https:\/\/pizbube.ch\/en\/wp-json\/wp\/v2\/product\/166295","targetHints":{"allow":["GET"]}}],"collection":[{"href":"https:\/\/pizbube.ch\/en\/wp-json\/wp\/v2\/product"}],"about":[{"href":"https:\/\/pizbube.ch\/en\/wp-json\/wp\/v2\/types\/product"}],"wp:featuredmedia":[{"embeddable":true,"href":"https:\/\/pizbube.ch\/en\/wp-json\/wp\/v2\/media\/166296"}],"wp:attachment":[{"href":"https:\/\/pizbube.ch\/en\/wp-json\/wp\/v2\/media?parent=166295"}],"wp:term":[{"taxonomy":"product_brand","embeddable":true,"href":"https:\/\/pizbube.ch\/en\/wp-json\/wp\/v2\/product_brand?post=166295"},{"taxonomy":"product_cat","embeddable":true,"href":"https:\/\/pizbube.ch\/en\/wp-json\/wp\/v2\/product_cat?post=166295"},{"taxonomy":"product_tag","embeddable":true,"href":"https:\/\/pizbube.ch\/en\/wp-json\/wp\/v2\/product_tag?post=166295"}],"curies":[{"name":"wp","href":"https:\/\/api.w.org\/{rel}","templated":true}]}}