{"id":166310,"date":"2023-02-22T16:00:39","date_gmt":"2023-02-22T15:00:39","guid":{"rendered":"https:\/\/pizbube.ch\/?post_type=product&#038;p=166310"},"modified":"2023-02-22T16:07:59","modified_gmt":"2023-02-22T15:07:59","slug":"wanderlust-himalaya","status":"publish","type":"product","link":"https:\/\/pizbube.ch\/en\/shop\/wanderlust-himalaya\/","title":{"rendered":"Wanderlust Himalaya"},"content":{"rendered":"<div class=\"product_subtitle\">Wandern auf dem Dach der WeltMajest\u00e4tisch, kulturell vielf\u00e4ltig und stets atemberaubend sch\u00f6n. Das Dach der Welt lockt nicht nur Bergsteiger, sondern ist auch ein Paradies f\u00fcr Wanderer.<br \/>\nDer Himalaya. Ges\u00e4umt von wahrhaft legend\u00e4ren Bergen liegt eine Landschaft mit magischer Anziehung auf alle, die das Wandern lieben.<\/div>\n<div><\/div>\n<div class=\"product_subtitle\">Man k\u00f6nnte wahrscheinlich ein ganzes Leben lang damit verbringen, die Berglandschaften Nepals, Indiens, Pakistans, Tibets und Bhutans zu erkunden und w\u00fcrde trotzdem immer wieder neue majest\u00e4tische Berge, zauberhafte T\u00e4ler und ehrw\u00fcrdige Kl\u00f6ster entdecken.<\/div>\n<div><\/div>\n<div class=\"product_subtitle\"><i>Wanderlust Himalaya<\/i> pr\u00e4sentiert einige der sch\u00f6nsten Routen durch die atemberaubende Natur dieses Gebirges. Eindrucksvolle Fotografien, lehrreiche Karten und praktische Tipps f\u00fcr Wanderer mit unterschiedlichen F\u00e4higkeiten laden dazu ein, das Dach der Welt und seine reiche Kultur zu erkunden.<\/div>\n<div class=\"product_subtitle\">\n<div><\/div>\n<div><span class=\"details\">Format:<\/span> 22,5 x 29 cm<\/div>\n<div><span class=\"details\">Features:<\/span> Vollfarbig, Hardcover, Fadengebunden, 320 Seiten<\/div>\n<\/div>","protected":false},"excerpt":{"rendered":"<p>Wandern auf dem Dach der WeltMajest\u00e4tisch, kulturell vielf\u00e4ltig und stets atemberaubend sch\u00f6n. Das Dach der Welt lockt nicht nur Bergsteiger, sondern ist auch ein Paradies f\u00fcr Wanderer. Der Himalaya. Ges\u00e4umt von wahrhaft legend\u00e4ren Bergen liegt eine Landschaft mit magischer Anziehung auf alle, die das Wandern lieben. Man k\u00f6nnte wahrscheinlich ein ganzes Leben lang damit verbringen, [&#8230;]\n","protected":false},"featured_media":166311,"template":"","meta":[],"product_brand":[],"product_cat":[21542,21605],"product_tag":[],"class_list":{"0":"post-166310","1":"product","2":"type-product","3":"status-publish","4":"has-post-thumbnail","6":"product_cat-sachbuecher-dokumentationen","7":"product_cat-wanderfuehrer-trekking","8":"pa_autor-honan","9":"pa_erscheinungsjahr-27013","10":"pa_region-asien","11":"pa_sprache-de","13":"first","14":"instock","15":"taxable","16":"shipping-taxable","17":"purchasable","18":"product-type-simple"},"_links":{"self":[{"href":"https:\/\/pizbube.ch\/en\/wp-json\/wp\/v2\/product\/166310","targetHints":{"allow":["GET"]}}],"collection":[{"href":"https:\/\/pizbube.ch\/en\/wp-json\/wp\/v2\/product"}],"about":[{"href":"https:\/\/pizbube.ch\/en\/wp-json\/wp\/v2\/types\/product"}],"wp:featuredmedia":[{"embeddable":true,"href":"https:\/\/pizbube.ch\/en\/wp-json\/wp\/v2\/media\/166311"}],"wp:attachment":[{"href":"https:\/\/pizbube.ch\/en\/wp-json\/wp\/v2\/media?parent=166310"}],"wp:term":[{"taxonomy":"product_brand","embeddable":true,"href":"https:\/\/pizbube.ch\/en\/wp-json\/wp\/v2\/product_brand?post=166310"},{"taxonomy":"product_cat","embeddable":true,"href":"https:\/\/pizbube.ch\/en\/wp-json\/wp\/v2\/product_cat?post=166310"},{"taxonomy":"product_tag","embeddable":true,"href":"https:\/\/pizbube.ch\/en\/wp-json\/wp\/v2\/product_tag?post=166310"}],"curies":[{"name":"wp","href":"https:\/\/api.w.org\/{rel}","templated":true}]}}