{"id":166320,"date":"2023-02-23T09:34:44","date_gmt":"2023-02-23T08:34:44","guid":{"rendered":"https:\/\/pizbube.ch\/?post_type=product&#038;p=166320"},"modified":"2023-02-23T09:36:58","modified_gmt":"2023-02-23T08:36:58","slug":"ich-hab-ein-rad-in-kathmandu","status":"publish","type":"product","link":"https:\/\/pizbube.ch\/en\/shop\/ich-hab-ein-rad-in-kathmandu\/","title":{"rendered":"Ich hab ein Rad in Kathmandu"},"content":{"rendered":"<p>Mein Leben mit den Achttausendern. Bergsteigen im Himalaya und Alltag in den Krisengebieten unserer Welt. Mit einem Vorwort von Gerlinde Kaltenbrunner.<\/p>\n<p>Die renommierte Himalaya-Expertin erz\u00e4hlt von der Faszination des Expeditionsberg-steigens im Himalaya und ihrem Einsatz f\u00fcr Menschen in Not<\/p>\n<p>\u00dcber die Besteigungen von Bergen, speziell des Mount Everest, gibt es eine F\u00fclle von Tat-sachenberichten. Die Journalistin Billi Bierling geht in ihrem Buch einen Schritt weiter: Sie stellt die Menschen, denen sie begegnet, in den Mittelpunkt. Das gilt f\u00fcr ihre T\u00e4tigkeit als Expeditionschronistin ebenso wie f\u00fcr ihren Einsatz bei der Humanit\u00e4re Hilfe der Schweiz. Ob in Nepal, in Pakistan, in der Ukraine oder in Griechenland \u2013 Bierling interessiert sich stets f\u00fcr das pers\u00f6nliche Schicksal jedes Einzelnen, den sie trifft.<\/p>\n<p>Billi Bierling arbeitet seit fast zwanzig Jahren f\u00fcr die Himalayan Database, das Archiv der legend\u00e4ren Himalaya-Chronistin Elizabeth Hawley, das 1963 gegr\u00fcndet wurde und bis heute die wichtigste Referenz f\u00fcr die Geschichte des H\u00f6henbergsteigens in Nepal ist. Sie ist bekannt daf\u00fcr, mit ihrem Fahrrad durch die lebhaften Stra\u00dfen von Kathmandu zu d\u00fc-sen, um Expeditionsbergsteiger aus aller Welt zu treffen und sie \u00fcber die Details ihrer Besteigungen zu befragen. Dabei kommt ihr zugute, dass sie selbst eine erfahrene H\u00f6-henbergsteigerin mit ausgezeichneten Kontakten zur nepalesischen Expeditionsszene ist.<\/p>\n<p>In ihrem Buch berichtet sie nicht nur von ihren Erfahrungen mit den von ihr interviewten Alpinisten, ihrer Zusammenarbeit mit Miss Hawley oder dar\u00fcber, wie sich die Rolle der Sherpas in den letzten Jahren ver\u00e4ndert hat. Billi spricht auch offen und ehrlich \u00fcber die Entwicklungen auf den h\u00f6chsten Bergen der Erde und ihre Arbeit f\u00fcr die Humanit\u00e4re Hil-fe der Schweiz, die sie immer wieder in globale Krisenregionen f\u00fchrt. Ob sie nun von Ex-peditionen im Himalaya erz\u00e4hlt, dem Leben in Nepal oder von Fl\u00fcchtlingscamps: Im Mit-telpunkt stehen immer die Menschen, denen sie begegnet.<\/p>\n<p>Hardcover<br \/>\n240 Seiten; 68 farb. Abb.; 22.5 cm x 15 cm<\/p>","protected":false},"excerpt":{"rendered":"<p>Mein Leben mit den Achttausendern. Bergsteigen im Himalaya und Alltag in den Krisengebieten unserer Welt. Mit einem Vorwort von Gerlinde Kaltenbrunner. Die renommierte Himalaya-Expertin erz\u00e4hlt von der Faszination des Expeditionsberg-steigens im Himalaya und ihrem Einsatz f\u00fcr Menschen in Not \u00dcber die Besteigungen von Bergen, speziell des Mount Everest, gibt es eine F\u00fclle von Tat-sachenberichten. Die [&#8230;]\n","protected":false},"featured_media":166321,"template":"","meta":[],"product_brand":[],"product_cat":[21629,21542],"product_tag":[],"class_list":{"0":"post-166320","1":"product","2":"type-product","3":"status-publish","4":"has-post-thumbnail","6":"product_cat-belletristik","7":"product_cat-sachbuecher-dokumentationen","8":"pa_autor-bierling-steinbach","9":"pa_erscheinungsjahr-27129","10":"pa_region-asien","11":"pa_region-deutschland","12":"pa_sprache-de","14":"first","15":"instock","16":"taxable","17":"shipping-taxable","18":"purchasable","19":"product-type-simple"},"_links":{"self":[{"href":"https:\/\/pizbube.ch\/en\/wp-json\/wp\/v2\/product\/166320","targetHints":{"allow":["GET"]}}],"collection":[{"href":"https:\/\/pizbube.ch\/en\/wp-json\/wp\/v2\/product"}],"about":[{"href":"https:\/\/pizbube.ch\/en\/wp-json\/wp\/v2\/types\/product"}],"wp:featuredmedia":[{"embeddable":true,"href":"https:\/\/pizbube.ch\/en\/wp-json\/wp\/v2\/media\/166321"}],"wp:attachment":[{"href":"https:\/\/pizbube.ch\/en\/wp-json\/wp\/v2\/media?parent=166320"}],"wp:term":[{"taxonomy":"product_brand","embeddable":true,"href":"https:\/\/pizbube.ch\/en\/wp-json\/wp\/v2\/product_brand?post=166320"},{"taxonomy":"product_cat","embeddable":true,"href":"https:\/\/pizbube.ch\/en\/wp-json\/wp\/v2\/product_cat?post=166320"},{"taxonomy":"product_tag","embeddable":true,"href":"https:\/\/pizbube.ch\/en\/wp-json\/wp\/v2\/product_tag?post=166320"}],"curies":[{"name":"wp","href":"https:\/\/api.w.org\/{rel}","templated":true}]}}